{"id":245289,"date":"2025-03-20T14:28:43","date_gmt":"2025-03-20T14:28:43","guid":{"rendered":"https:\/\/aromasentia.com\/product\/box-of-140ml-reed-diffuser-citrus\/"},"modified":"2025-12-30T20:48:08","modified_gmt":"2025-12-30T20:48:08","slug":"box-of-140ml-reed-diffuser-citrus","status":"publish","type":"product","link":"https:\/\/aromasentia.com\/de\/box-of-140ml-reed-diffuser-citrus\/","title":{"rendered":"Box of 140ml Reed Diffuser &#8211; Citrus"},"content":{"rendered":"<p>Beleben Sie Ihr Zuhause mit dem lebendigen und belebenden Aroma unseres Citrus-Schilfdiffusors. Dieser 140-ml-Diffusor verspr\u00fcht eine bunte Mischung aus spritzigen Zitrusnoten: Zitrone, Orange, Grapefruit und Bergamotte sorgen f\u00fcr ein wirklich erfrischendes Erlebnis. Sein sauberer und belebender Duft durchdringt sofort verbrauchte Luft und schafft eine lebendige, fr\u00f6hliche und belebte Atmosph\u00e4re. Dieser spritzige, sonnenverw\u00f6hnte Duft eignet sich perfekt f\u00fcr jeden Raum. Er verbreitet sich kontinuierlich und bringt eine Welle reiner Energie und Klarheit in Ihren Raum, so dass er sich frisch und einladend anf\u00fchlt.<\/p>\n","protected":false},"excerpt":{"rendered":"<p>Beleben Sie Ihr Zuhause mit dem lebendigen und belebenden Aroma unseres Citrus-Schilfdiffusors. Dieser 140-ml-Diffusor verspr\u00fcht eine bunte Mischung aus spritzigen Zitrusnoten: Zitrone, Orange, Grapefruit und Bergamotte sorgen f\u00fcr ein wirklich erfrischendes Erlebnis. Sein sauberer und belebender Duft durchdringt sofort verbrauchte Luft und schafft eine lebendige, fr\u00f6hliche und belebte Atmosph\u00e4re. Dieser spritzige, sonnenverw\u00f6hnte Duft eignet sich [&hellip;]<\/p>\n","protected":false},"featured_media":642289,"comment_status":"closed","ping_status":"open","template":"","meta":[],"product_brand":[27086],"product_cat":[16519,16520],"product_tag":[],"class_list":{"0":"post-245289","1":"product","2":"type-product","3":"status-publish","4":"has-post-thumbnail","6":"product_brand-agnes-and-cat","7":"product_cat-aroma-diffuser-duftstabchen-und-olbrenner","8":"product_cat-duftstabchen-duftsticks","9":"pa_collection-reed-diffusers-140ml-de","10":"pa_made-in-vereinigtes-koenigreich","11":"pa_size-140ml","13":"first","14":"instock","15":"purchasable","16":"product-type-simple"},"supplier_id":null,"supplier_sku":"ACD-26DS","barcode":null,"atum_controlled":true,"out_stock_date":null,"out_stock_threshold":null,"inheritable":false,"inbound_stock":0,"stock_on_hold":0,"sold_today":0,"sales_last_days":0,"reserved_stock":0,"customer_returns":0,"warehouse_damage":0,"lost_in_post":0,"other_logs":0,"out_stock_days":0,"lost_sales":0,"has_location":false,"update_date":"2026-01-30T01:25:56","atum_locations":[],"atum_stock_status":"instock","restock_status":false,"low_stock_amount":"","sales_update_date":"2026-01-30T01:25:56","calc_backorders":null,"_links":{"self":[{"href":"https:\/\/aromasentia.com\/de\/wp-json\/wp\/v2\/product\/245289","targetHints":{"allow":["GET"]}}],"collection":[{"href":"https:\/\/aromasentia.com\/de\/wp-json\/wp\/v2\/product"}],"about":[{"href":"https:\/\/aromasentia.com\/de\/wp-json\/wp\/v2\/types\/product"}],"replies":[{"embeddable":true,"href":"https:\/\/aromasentia.com\/de\/wp-json\/wp\/v2\/comments?post=245289"}],"version-history":[{"count":0,"href":"https:\/\/aromasentia.com\/de\/wp-json\/wp\/v2\/product\/245289\/revisions"}],"wp:featuredmedia":[{"embeddable":true,"href":"https:\/\/aromasentia.com\/de\/wp-json\/wp\/v2\/media\/642289"}],"wp:attachment":[{"href":"https:\/\/aromasentia.com\/de\/wp-json\/wp\/v2\/media?parent=245289"}],"wp:term":[{"taxonomy":"product_brand","embeddable":true,"href":"https:\/\/aromasentia.com\/de\/wp-json\/wp\/v2\/product_brand?post=245289"},{"taxonomy":"product_cat","embeddable":true,"href":"https:\/\/aromasentia.com\/de\/wp-json\/wp\/v2\/product_cat?post=245289"},{"taxonomy":"product_tag","embeddable":true,"href":"https:\/\/aromasentia.com\/de\/wp-json\/wp\/v2\/product_tag?post=245289"}],"curies":[{"name":"wp","href":"https:\/\/api.w.org\/{rel}","templated":true}]}}