{"id":245277,"date":"2025-03-20T14:28:43","date_gmt":"2025-03-20T14:28:43","guid":{"rendered":"https:\/\/aromasentia.com\/product\/box-of-140ml-reed-diffuser-pressed-peonie\/"},"modified":"2025-12-30T20:48:08","modified_gmt":"2025-12-30T20:48:08","slug":"box-of-140ml-reed-diffuser-pressed-peonie","status":"publish","type":"product","link":"https:\/\/aromasentia.com\/de\/box-of-140ml-reed-diffuser-pressed-peonie\/","title":{"rendered":"Box of 140ml Reed Diffuser &#8211; Pressed Peonie"},"content":{"rendered":"<p>Umgeben Sie sich mit der zeitlosen Romantik der gepressten Pfingstrose mit diesem wundersch\u00f6nen 140ml-Rohrdiffusor. Dieser Duft f\u00e4ngt die \u00fcppige, volle Bl\u00fcte frischer Pfingstrosen ein und verstr\u00f6mt ein weiches, romantisches und elegant-s\u00fc\u00dfes Blumenaroma mit zarten pudrigen Untert\u00f6nen. Es ist ein Duft, der Gef\u00fchle von Anmut und Z\u00e4rtlichkeit hervorruft und sich perfekt eignet, um in jedem Raum eine charmante und einladende Atmosph\u00e4re zu schaffen. Lassen Sie den exquisiten und sanften Duft von Pfingstrosen kontinuierlich Ihren Raum umh\u00fcllen und verleihen Sie Ihrem Zuhause einen Hauch von klassischer floraler Raffinesse und herzlicher W\u00e4rme.<\/p>\n","protected":false},"excerpt":{"rendered":"<p>Umgeben Sie sich mit der zeitlosen Romantik der gepressten Pfingstrose mit diesem wundersch\u00f6nen 140ml-Rohrdiffusor. Dieser Duft f\u00e4ngt die \u00fcppige, volle Bl\u00fcte frischer Pfingstrosen ein und verstr\u00f6mt ein weiches, romantisches und elegant-s\u00fc\u00dfes Blumenaroma mit zarten pudrigen Untert\u00f6nen. Es ist ein Duft, der Gef\u00fchle von Anmut und Z\u00e4rtlichkeit hervorruft und sich perfekt eignet, um in jedem Raum [&hellip;]<\/p>\n","protected":false},"featured_media":254717,"comment_status":"closed","ping_status":"open","template":"","meta":[],"product_brand":[27086],"product_cat":[16519,16520],"product_tag":[],"class_list":{"0":"post-245277","1":"product","2":"type-product","3":"status-publish","4":"has-post-thumbnail","6":"product_brand-agnes-and-cat","7":"product_cat-aroma-diffuser-duftstabchen-und-olbrenner","8":"product_cat-duftstabchen-duftsticks","9":"pa_collection-reed-diffusers-140ml-de","10":"pa_made-in-vereinigtes-koenigreich","11":"pa_size-140ml","13":"first","14":"instock","15":"purchasable","16":"product-type-simple"},"supplier_id":null,"supplier_sku":"ACD-18DS","barcode":null,"atum_controlled":true,"out_stock_date":null,"out_stock_threshold":null,"inheritable":false,"inbound_stock":null,"stock_on_hold":0,"sold_today":0,"sales_last_days":0,"reserved_stock":null,"customer_returns":null,"warehouse_damage":null,"lost_in_post":null,"other_logs":null,"out_stock_days":0,"lost_sales":0,"has_location":null,"update_date":"2026-01-30T01:25:41","atum_locations":[],"atum_stock_status":"instock","restock_status":false,"low_stock_amount":"","sales_update_date":"2026-01-30T01:25:41","calc_backorders":null,"_links":{"self":[{"href":"https:\/\/aromasentia.com\/de\/wp-json\/wp\/v2\/product\/245277","targetHints":{"allow":["GET"]}}],"collection":[{"href":"https:\/\/aromasentia.com\/de\/wp-json\/wp\/v2\/product"}],"about":[{"href":"https:\/\/aromasentia.com\/de\/wp-json\/wp\/v2\/types\/product"}],"replies":[{"embeddable":true,"href":"https:\/\/aromasentia.com\/de\/wp-json\/wp\/v2\/comments?post=245277"}],"version-history":[{"count":0,"href":"https:\/\/aromasentia.com\/de\/wp-json\/wp\/v2\/product\/245277\/revisions"}],"wp:featuredmedia":[{"embeddable":true,"href":"https:\/\/aromasentia.com\/de\/wp-json\/wp\/v2\/media\/254717"}],"wp:attachment":[{"href":"https:\/\/aromasentia.com\/de\/wp-json\/wp\/v2\/media?parent=245277"}],"wp:term":[{"taxonomy":"product_brand","embeddable":true,"href":"https:\/\/aromasentia.com\/de\/wp-json\/wp\/v2\/product_brand?post=245277"},{"taxonomy":"product_cat","embeddable":true,"href":"https:\/\/aromasentia.com\/de\/wp-json\/wp\/v2\/product_cat?post=245277"},{"taxonomy":"product_tag","embeddable":true,"href":"https:\/\/aromasentia.com\/de\/wp-json\/wp\/v2\/product_tag?post=245277"}],"curies":[{"name":"wp","href":"https:\/\/api.w.org\/{rel}","templated":true}]}}