{"id":245269,"date":"2025-03-20T14:28:43","date_gmt":"2025-03-20T14:28:43","guid":{"rendered":"https:\/\/aromasentia.com\/product\/box-of-140ml-reed-diffuser-seasalt-and-moss\/"},"modified":"2025-12-30T20:48:08","modified_gmt":"2025-12-30T20:48:08","slug":"box-of-140ml-reed-diffuser-seasalz-and-moss","status":"publish","type":"product","link":"https:\/\/aromasentia.com\/de\/box-of-140ml-reed-diffuser-seasalz-and-moss\/","title":{"rendered":"Box of 140ml Reed Diffuser &#8211; SeaSalz and Moss"},"content":{"rendered":"<p>Holen Sie sich den belebenden Geist der K\u00fcste in Ihr Zuhause mit unserem SeaSalz and Moss Reed Diffuser. Dieser 140 ml gro\u00dfe Diffusor verbindet meisterhaft die frische, belebende Essenz von frischem Meersalz mit den tiefen, erdigen Untert\u00f6nen von gr\u00fcnem Moos. Das daraus resultierende Aroma ist sowohl erfrischend als auch erdend und erinnert an einen Spaziergang an einer nebligen K\u00fcste. Lassen Sie diesen sauberen und nat\u00fcrlichen Duft kontinuierlich in Ihren Raum eindringen und schaffen Sie eine Atmosph\u00e4re von ruhiger Energie und Reinheit, die einen Hauch von frischer, freier Luft ins Haus bringt.<\/p>\n","protected":false},"excerpt":{"rendered":"<p>Holen Sie sich den belebenden Geist der K\u00fcste in Ihr Zuhause mit unserem SeaSalz and Moss Reed Diffuser. Dieser 140 ml gro\u00dfe Diffusor verbindet meisterhaft die frische, belebende Essenz von frischem Meersalz mit den tiefen, erdigen Untert\u00f6nen von gr\u00fcnem Moos. Das daraus resultierende Aroma ist sowohl erfrischend als auch erdend und erinnert an einen Spaziergang [&hellip;]<\/p>\n","protected":false},"featured_media":254699,"comment_status":"closed","ping_status":"open","template":"","meta":[],"product_brand":[27086],"product_cat":[16519,16520],"product_tag":[],"class_list":{"0":"post-245269","1":"product","2":"type-product","3":"status-publish","4":"has-post-thumbnail","6":"product_brand-agnes-and-cat","7":"product_cat-aroma-diffuser-duftstabchen-und-olbrenner","8":"product_cat-duftstabchen-duftsticks","9":"pa_collection-reed-diffusers-140ml-de","10":"pa_made-in-vereinigtes-koenigreich","11":"pa_size-140ml","13":"first","14":"instock","15":"purchasable","16":"product-type-simple"},"supplier_id":null,"supplier_sku":"ACD-06DS","barcode":null,"atum_controlled":true,"out_stock_date":null,"out_stock_threshold":null,"inheritable":false,"inbound_stock":null,"stock_on_hold":0,"sold_today":0,"sales_last_days":0,"reserved_stock":null,"customer_returns":null,"warehouse_damage":null,"lost_in_post":null,"other_logs":null,"out_stock_days":0,"lost_sales":0,"has_location":null,"update_date":"2026-02-06T00:02:17","atum_locations":[],"atum_stock_status":"instock","restock_status":false,"low_stock_amount":"","sales_update_date":"2026-02-06T00:02:17","calc_backorders":null,"_links":{"self":[{"href":"https:\/\/aromasentia.com\/de\/wp-json\/wp\/v2\/product\/245269","targetHints":{"allow":["GET"]}}],"collection":[{"href":"https:\/\/aromasentia.com\/de\/wp-json\/wp\/v2\/product"}],"about":[{"href":"https:\/\/aromasentia.com\/de\/wp-json\/wp\/v2\/types\/product"}],"replies":[{"embeddable":true,"href":"https:\/\/aromasentia.com\/de\/wp-json\/wp\/v2\/comments?post=245269"}],"version-history":[{"count":0,"href":"https:\/\/aromasentia.com\/de\/wp-json\/wp\/v2\/product\/245269\/revisions"}],"wp:featuredmedia":[{"embeddable":true,"href":"https:\/\/aromasentia.com\/de\/wp-json\/wp\/v2\/media\/254699"}],"wp:attachment":[{"href":"https:\/\/aromasentia.com\/de\/wp-json\/wp\/v2\/media?parent=245269"}],"wp:term":[{"taxonomy":"product_brand","embeddable":true,"href":"https:\/\/aromasentia.com\/de\/wp-json\/wp\/v2\/product_brand?post=245269"},{"taxonomy":"product_cat","embeddable":true,"href":"https:\/\/aromasentia.com\/de\/wp-json\/wp\/v2\/product_cat?post=245269"},{"taxonomy":"product_tag","embeddable":true,"href":"https:\/\/aromasentia.com\/de\/wp-json\/wp\/v2\/product_tag?post=245269"}],"curies":[{"name":"wp","href":"https:\/\/api.w.org\/{rel}","templated":true}]}}