{"id":245249,"date":"2025-03-20T14:29:03","date_gmt":"2025-03-20T14:29:03","guid":{"rendered":"https:\/\/aromasentia.com\/product\/agnes-cat-eye-pillow-becalmed-destressed\/"},"modified":"2025-12-30T20:48:08","modified_gmt":"2025-12-30T20:48:08","slug":"agnes-cat-eye-pillow-becalmed-destressed","status":"publish","type":"product","link":"https:\/\/aromasentia.com\/de\/agnes-cat-eye-pillow-becalmed-destressed\/","title":{"rendered":"Agnes &#038; Cat Eye Pillow &#8211; Becalmed &#038; Destressed"},"content":{"rendered":"<p>Entdecken Sie tiefe Ruhe mit dem Agnes &#038; Cat Eye Pillow &#8211; Becalmed &#038; Destressed. Dieses therapeutische Augenkissen ist Ihr Zufluchtsort vor der Hektik des Alltags. Es wurde entwickelt, um den Geist zu beruhigen und angesammelten Stress abzubauen. Sein leichtes Gewicht und der weiche Stoff sorgen f\u00fcr sofortigen Komfort, w\u00e4hrend die subtile Infusion von beruhigenden Pflanzenstoffen das Nervensystem beruhigt. Das Kissen eignet sich perfekt f\u00fcr Meditation, Savasana oder wann immer Sie Ihre Mitte finden m\u00f6chten. Es f\u00f6rdert ein tiefes Gef\u00fchl des Friedens und hilft Ihnen, sich innerhalb von Minuten zu beruhigen, zu zentrieren und wunderbar zu entspannen.<\/p>\n","protected":false},"excerpt":{"rendered":"<p>Entdecken Sie tiefe Ruhe mit dem Agnes &#038; Cat Eye Pillow &#8211; Becalmed &#038; Destressed. Dieses therapeutische Augenkissen ist Ihr Zufluchtsort vor der Hektik des Alltags. Es wurde entwickelt, um den Geist zu beruhigen und angesammelten Stress abzubauen. Sein leichtes Gewicht und der weiche Stoff sorgen f\u00fcr sofortigen Komfort, w\u00e4hrend die subtile Infusion von beruhigenden [&hellip;]<\/p>\n","protected":false},"featured_media":255239,"comment_status":"closed","ping_status":"open","template":"","meta":{"_angie_page":false},"product_brand":[27086],"product_cat":[16455],"product_tag":[],"class_list":{"0":"post-245249","1":"product","2":"type-product","3":"status-publish","4":"has-post-thumbnail","6":"product_brand-agnes-and-cat","7":"product_cat-aromatherapie-und-raumdufte","8":"pa_collection-agnes-cat-eye-pillow-de","9":"pa_made-in-indien","11":"first","12":"outofstock","13":"purchasable","14":"product-type-simple"},"supplier_id":null,"supplier_sku":"ACTEP-05DS","barcode":null,"atum_controlled":true,"out_stock_date":"2026-04-25 15:11:37","out_stock_threshold":null,"inheritable":false,"inbound_stock":null,"stock_on_hold":0,"sold_today":0,"sales_last_days":0,"reserved_stock":null,"customer_returns":null,"warehouse_damage":null,"lost_in_post":null,"other_logs":null,"out_stock_days":0,"lost_sales":0,"has_location":null,"update_date":"2026-04-27T06:49:42","atum_locations":[],"atum_stock_status":"outofstock","restock_status":false,"low_stock_amount":"","sales_update_date":"2026-01-20T05:14:25","calc_backorders":null,"_links":{"self":[{"href":"https:\/\/aromasentia.com\/de\/wp-json\/wp\/v2\/product\/245249","targetHints":{"allow":["GET"]}}],"collection":[{"href":"https:\/\/aromasentia.com\/de\/wp-json\/wp\/v2\/product"}],"about":[{"href":"https:\/\/aromasentia.com\/de\/wp-json\/wp\/v2\/types\/product"}],"replies":[{"embeddable":true,"href":"https:\/\/aromasentia.com\/de\/wp-json\/wp\/v2\/comments?post=245249"}],"version-history":[{"count":0,"href":"https:\/\/aromasentia.com\/de\/wp-json\/wp\/v2\/product\/245249\/revisions"}],"wp:featuredmedia":[{"embeddable":true,"href":"https:\/\/aromasentia.com\/de\/wp-json\/wp\/v2\/media\/255239"}],"wp:attachment":[{"href":"https:\/\/aromasentia.com\/de\/wp-json\/wp\/v2\/media?parent=245249"}],"wp:term":[{"taxonomy":"product_brand","embeddable":true,"href":"https:\/\/aromasentia.com\/de\/wp-json\/wp\/v2\/product_brand?post=245249"},{"taxonomy":"product_cat","embeddable":true,"href":"https:\/\/aromasentia.com\/de\/wp-json\/wp\/v2\/product_cat?post=245249"},{"taxonomy":"product_tag","embeddable":true,"href":"https:\/\/aromasentia.com\/de\/wp-json\/wp\/v2\/product_tag?post=245249"}],"curies":[{"name":"wp","href":"https:\/\/api.w.org\/{rel}","templated":true}]}}