{"id":245245,"date":"2025-03-20T14:29:03","date_gmt":"2025-03-20T14:29:03","guid":{"rendered":"https:\/\/aromasentia.com\/product\/agnes-cat-eye-pillow-eyebag-refresh\/"},"modified":"2025-12-30T20:48:08","modified_gmt":"2025-12-30T20:48:08","slug":"agnes-cat-eye-pillow-eyebag-refresh","status":"publish","type":"product","link":"https:\/\/aromasentia.com\/de\/agnes-cat-eye-pillow-eyebag-refresh\/","title":{"rendered":"Agnes &#038; Cat Eye Pillow &#8211; Eyebag Refresh"},"content":{"rendered":"<p>Beleben Sie m\u00fcde Augen mit dem Agnes &#038; Cat Eye Pillow &#8211; Eyebag Refresh. Dieses durchdachte Kissen bietet ein beruhigendes und k\u00fchlendes Gef\u00fchl, das perfekt ist, um das Erscheinungsbild von Schwellungen zu reduzieren und angestrengte Augen zu erfrischen. Sein sanftes Gewicht sorgt f\u00fcr eine leichte Akupressur, w\u00e4hrend die nat\u00fcrliche F\u00fcllung, die m\u00f6glicherweise mit beruhigenden Kr\u00e4utern angereichert ist, hilft, Spannungen um die Augenpartie zu lindern. Bewahren Sie es im K\u00fchlschrank auf, um ein besonders erfrischendes Erlebnis zu haben. So ist es ein ideales Mittel f\u00fcr lange Bildschirmstunden oder unruhige N\u00e4chte und l\u00e4sst Ihre Augen verj\u00fcngt und strahlend aussehen.<\/p>\n","protected":false},"excerpt":{"rendered":"<p>Beleben Sie m\u00fcde Augen mit dem Agnes &#038; Cat Eye Pillow &#8211; Eyebag Refresh. Dieses durchdachte Kissen bietet ein beruhigendes und k\u00fchlendes Gef\u00fchl, das perfekt ist, um das Erscheinungsbild von Schwellungen zu reduzieren und angestrengte Augen zu erfrischen. Sein sanftes Gewicht sorgt f\u00fcr eine leichte Akupressur, w\u00e4hrend die nat\u00fcrliche F\u00fcllung, die m\u00f6glicherweise mit beruhigenden Kr\u00e4utern [&hellip;]<\/p>\n","protected":false},"featured_media":255222,"comment_status":"closed","ping_status":"open","template":"","meta":[],"product_brand":[27086],"product_cat":[16455],"product_tag":[],"class_list":{"0":"post-245245","1":"product","2":"type-product","3":"status-publish","4":"has-post-thumbnail","6":"product_brand-agnes-and-cat","7":"product_cat-aromatherapie-und-raumdufte","8":"pa_collection-agnes-cat-eye-pillow-de","9":"pa_made-in-indien","11":"first","12":"instock","13":"purchasable","14":"product-type-simple"},"supplier_id":null,"supplier_sku":"ACTEP-06DS","barcode":null,"atum_controlled":true,"out_stock_date":null,"out_stock_threshold":null,"inheritable":false,"inbound_stock":null,"stock_on_hold":0,"sold_today":0,"sales_last_days":0,"reserved_stock":null,"customer_returns":null,"warehouse_damage":null,"lost_in_post":null,"other_logs":null,"out_stock_days":0,"lost_sales":0,"has_location":null,"update_date":"2026-02-04T09:17:28","atum_locations":[],"atum_stock_status":"instock","restock_status":false,"low_stock_amount":"","sales_update_date":"2026-01-20T05:14:17","calc_backorders":null,"_links":{"self":[{"href":"https:\/\/aromasentia.com\/de\/wp-json\/wp\/v2\/product\/245245","targetHints":{"allow":["GET"]}}],"collection":[{"href":"https:\/\/aromasentia.com\/de\/wp-json\/wp\/v2\/product"}],"about":[{"href":"https:\/\/aromasentia.com\/de\/wp-json\/wp\/v2\/types\/product"}],"replies":[{"embeddable":true,"href":"https:\/\/aromasentia.com\/de\/wp-json\/wp\/v2\/comments?post=245245"}],"version-history":[{"count":0,"href":"https:\/\/aromasentia.com\/de\/wp-json\/wp\/v2\/product\/245245\/revisions"}],"wp:featuredmedia":[{"embeddable":true,"href":"https:\/\/aromasentia.com\/de\/wp-json\/wp\/v2\/media\/255222"}],"wp:attachment":[{"href":"https:\/\/aromasentia.com\/de\/wp-json\/wp\/v2\/media?parent=245245"}],"wp:term":[{"taxonomy":"product_brand","embeddable":true,"href":"https:\/\/aromasentia.com\/de\/wp-json\/wp\/v2\/product_brand?post=245245"},{"taxonomy":"product_cat","embeddable":true,"href":"https:\/\/aromasentia.com\/de\/wp-json\/wp\/v2\/product_cat?post=245245"},{"taxonomy":"product_tag","embeddable":true,"href":"https:\/\/aromasentia.com\/de\/wp-json\/wp\/v2\/product_tag?post=245245"}],"curies":[{"name":"wp","href":"https:\/\/api.w.org\/{rel}","templated":true}]}}