{"id":245237,"date":"2025-03-20T14:29:03","date_gmt":"2025-03-20T14:29:03","guid":{"rendered":"https:\/\/aromasentia.com\/product\/agnes-cat-eye-pillow-clear-clarity\/"},"modified":"2025-12-30T20:48:00","modified_gmt":"2025-12-30T20:48:00","slug":"agnes-cat-eye-pillow-clear-clarity","status":"publish","type":"product","link":"https:\/\/aromasentia.com\/de\/agnes-cat-eye-pillow-clear-clarity\/","title":{"rendered":"Agnes &#038; Cat Eye Pillow &#8211; Clear &#038; Clarity"},"content":{"rendered":"<p>Finden Sie Ihren Fokus mit dem Agnes &#038; Cat Eye Pillow &#8211; Clear &#038; Clarity. Dieses Augenkissen wurde entwickelt, um geistiges Geschw\u00e4tz zu beruhigen und visuelle Anspannung zu lindern, und bietet ein sanftes, beruhigendes Gewicht. Es ist mit beruhigenden pflanzlichen Stoffen angereichert und hilft, einen ruhigen Raum f\u00fcr Gedanken und Meditation zu schaffen, Spannungskopfschmerzen zu l\u00f6sen und ein Gef\u00fchl geistiger Frische zu vermitteln. Ideal f\u00fcr Lernpausen oder Momente des Nachdenkens, hilft es Ihnen, einen Zustand ruhiger Wachsamkeit und neuer Klarheit zu erreichen, so dass Sie Ihren Tag mit einer klaren Perspektive angehen k\u00f6nnen.<\/p>\n","protected":false},"excerpt":{"rendered":"<p>Finden Sie Ihren Fokus mit dem Agnes &#038; Cat Eye Pillow &#8211; Clear &#038; Clarity. Dieses Augenkissen wurde entwickelt, um geistiges Geschw\u00e4tz zu beruhigen und visuelle Anspannung zu lindern, und bietet ein sanftes, beruhigendes Gewicht. Es ist mit beruhigenden pflanzlichen Stoffen angereichert und hilft, einen ruhigen Raum f\u00fcr Gedanken und Meditation zu schaffen, Spannungskopfschmerzen zu [&hellip;]<\/p>\n","protected":false},"featured_media":255164,"comment_status":"closed","ping_status":"open","template":"","meta":{"_angie_page":false},"product_brand":[27086],"product_cat":[16455],"product_tag":[],"class_list":{"0":"post-245237","1":"product","2":"type-product","3":"status-publish","4":"has-post-thumbnail","6":"product_brand-agnes-and-cat","7":"product_cat-aromatherapie-und-raumdufte","8":"pa_collection-agnes-cat-eye-pillow-de","9":"pa_made-in-indien","11":"first","12":"outofstock","13":"purchasable","14":"product-type-simple"},"supplier_id":null,"supplier_sku":"ACTEP-02DS","barcode":null,"atum_controlled":true,"out_stock_date":"2026-04-25 15:11:37","out_stock_threshold":null,"inheritable":false,"inbound_stock":null,"stock_on_hold":0,"sold_today":0,"sales_last_days":0,"reserved_stock":null,"customer_returns":null,"warehouse_damage":null,"lost_in_post":null,"other_logs":null,"out_stock_days":0,"lost_sales":0,"has_location":null,"update_date":"2026-04-27T06:49:42","atum_locations":[],"atum_stock_status":"outofstock","restock_status":false,"low_stock_amount":"","sales_update_date":"2026-01-20T05:14:10","calc_backorders":null,"_links":{"self":[{"href":"https:\/\/aromasentia.com\/de\/wp-json\/wp\/v2\/product\/245237","targetHints":{"allow":["GET"]}}],"collection":[{"href":"https:\/\/aromasentia.com\/de\/wp-json\/wp\/v2\/product"}],"about":[{"href":"https:\/\/aromasentia.com\/de\/wp-json\/wp\/v2\/types\/product"}],"replies":[{"embeddable":true,"href":"https:\/\/aromasentia.com\/de\/wp-json\/wp\/v2\/comments?post=245237"}],"version-history":[{"count":0,"href":"https:\/\/aromasentia.com\/de\/wp-json\/wp\/v2\/product\/245237\/revisions"}],"wp:featuredmedia":[{"embeddable":true,"href":"https:\/\/aromasentia.com\/de\/wp-json\/wp\/v2\/media\/255164"}],"wp:attachment":[{"href":"https:\/\/aromasentia.com\/de\/wp-json\/wp\/v2\/media?parent=245237"}],"wp:term":[{"taxonomy":"product_brand","embeddable":true,"href":"https:\/\/aromasentia.com\/de\/wp-json\/wp\/v2\/product_brand?post=245237"},{"taxonomy":"product_cat","embeddable":true,"href":"https:\/\/aromasentia.com\/de\/wp-json\/wp\/v2\/product_cat?post=245237"},{"taxonomy":"product_tag","embeddable":true,"href":"https:\/\/aromasentia.com\/de\/wp-json\/wp\/v2\/product_tag?post=245237"}],"curies":[{"name":"wp","href":"https:\/\/api.w.org\/{rel}","templated":true}]}}