{"id":245225,"date":"2025-03-20T14:29:03","date_gmt":"2025-03-20T14:29:03","guid":{"rendered":"https:\/\/aromasentia.com\/product\/10ml-roll-on-essential-oil-blend-energy\/"},"modified":"2025-12-30T20:48:00","modified_gmt":"2025-12-30T20:48:00","slug":"10-ml-roll-on-mischung-aus-aetherischen-oelen-energie","status":"publish","type":"product","link":"https:\/\/aromasentia.com\/de\/10-ml-roll-on-mischung-aus-aetherischen-oelen-energie\/","title":{"rendered":"10 ml Roll-On-Mischung aus \u00e4therischen \u00d6len \u2013 ENERGIE"},"content":{"rendered":"<p><span style=\"color: rgb(75, 80, 88);\">Beleben Sie Ihre Sinne und steigern Sie Ihr Energieniveau mit der <strong>Energiemischung<\/strong>, angereichert mit <strong>\u00e4therischen \u00d6len aus Grapefruit, Mandarine und Limette<\/strong>. Der spritzige Zitrusduft der Grapefruit sorgt f\u00fcr einen sofortigen Energieschub, w\u00e4hrend das s\u00fc\u00dfe und fr\u00f6hliche Aroma der Mandarine den Geist belebt. Die spritzigen Noten der Limette sorgen f\u00fcr einen Frischekick, wecken Ihre Sinne und steigern die Vitalit\u00e4t.&nbsp;<\/span><\/p>\n<p><span style=\"color: rgb(75, 80, 88);\"><strong>Wenden Sie diese Mischung an, wann immer Sie einen nat\u00fcrlichen und erfrischenden Muntermacher brauchen, um energiegeladen und motiviert zu bleiben.<\/strong><\/span><\/p>\n","protected":false},"excerpt":{"rendered":"<p>Beleben Sie Ihre Sinne und steigern Sie Ihr Energieniveau mit der Energiemischung, angereichert mit \u00e4therischen \u00d6len aus Grapefruit, Mandarine und Limette. Der spritzige Zitrusduft der Grapefruit sorgt f\u00fcr einen sofortigen Energieschub, w\u00e4hrend das s\u00fc\u00dfe und fr\u00f6hliche Aroma der Mandarine den Geist belebt. Die spritzigen Noten der Limette sorgen f\u00fcr einen Frischekick, wecken Ihre Sinne und [&hellip;]<\/p>\n","protected":false},"featured_media":255033,"comment_status":"closed","ping_status":"open","template":"","meta":{"_angie_page":false},"product_brand":[27086],"product_cat":[16455,23649,26650],"product_tag":[],"class_list":{"0":"post-245225","1":"product","2":"type-product","3":"status-publish","4":"has-post-thumbnail","6":"product_brand-agnes-and-cat","7":"product_cat-aromatherapie-und-raumdufte","8":"product_cat-atherische-ole","9":"product_cat-atherische-olmischungen","10":"pa_collection-agnes-cat-10ml-roll-on-essential-oil-blends-de","11":"pa_made-in-vereinigtes-koenigreich","12":"pa_size-10ml","14":"first","15":"instock","16":"purchasable","17":"product-type-simple"},"supplier_id":null,"supplier_sku":"ACREBL-02","barcode":null,"atum_controlled":true,"out_stock_date":null,"out_stock_threshold":null,"inheritable":false,"inbound_stock":null,"stock_on_hold":0,"sold_today":0,"sales_last_days":0,"reserved_stock":null,"customer_returns":null,"warehouse_damage":null,"lost_in_post":null,"other_logs":null,"out_stock_days":0,"lost_sales":0,"has_location":null,"update_date":"2026-05-04T00:02:48","atum_locations":[],"atum_stock_status":"instock","restock_status":false,"low_stock_amount":"","sales_update_date":"2025-10-09T03:23:05","calc_backorders":null,"_links":{"self":[{"href":"https:\/\/aromasentia.com\/de\/wp-json\/wp\/v2\/product\/245225","targetHints":{"allow":["GET"]}}],"collection":[{"href":"https:\/\/aromasentia.com\/de\/wp-json\/wp\/v2\/product"}],"about":[{"href":"https:\/\/aromasentia.com\/de\/wp-json\/wp\/v2\/types\/product"}],"replies":[{"embeddable":true,"href":"https:\/\/aromasentia.com\/de\/wp-json\/wp\/v2\/comments?post=245225"}],"version-history":[{"count":0,"href":"https:\/\/aromasentia.com\/de\/wp-json\/wp\/v2\/product\/245225\/revisions"}],"wp:featuredmedia":[{"embeddable":true,"href":"https:\/\/aromasentia.com\/de\/wp-json\/wp\/v2\/media\/255033"}],"wp:attachment":[{"href":"https:\/\/aromasentia.com\/de\/wp-json\/wp\/v2\/media?parent=245225"}],"wp:term":[{"taxonomy":"product_brand","embeddable":true,"href":"https:\/\/aromasentia.com\/de\/wp-json\/wp\/v2\/product_brand?post=245225"},{"taxonomy":"product_cat","embeddable":true,"href":"https:\/\/aromasentia.com\/de\/wp-json\/wp\/v2\/product_cat?post=245225"},{"taxonomy":"product_tag","embeddable":true,"href":"https:\/\/aromasentia.com\/de\/wp-json\/wp\/v2\/product_tag?post=245225"}],"curies":[{"name":"wp","href":"https:\/\/api.w.org\/{rel}","templated":true}]}}