{"id":245221,"date":"2025-03-20T14:29:03","date_gmt":"2025-03-20T14:29:03","guid":{"rendered":"https:\/\/aromasentia.com\/product\/10ml-roll-on-essential-oil-blend-calm\/"},"modified":"2025-12-30T20:48:00","modified_gmt":"2025-12-30T20:48:00","slug":"10-ml-roll-on-mischung-aus-aetherischen-oelen-calm","status":"publish","type":"product","link":"https:\/\/aromasentia.com\/de\/10-ml-roll-on-mischung-aus-aetherischen-oelen-calm\/","title":{"rendered":"10 ml Roll-On-Mischung aus \u00e4therischen \u00d6len \u2013 CALM"},"content":{"rendered":"<p><span style=\"color: rgb(75, 80, 88);\">Finden Sie inneren Frieden und emotionale Ausgeglichenheit mit der <strong>Calm-Mischung<\/strong>, die \u00e4therische \u00d6le aus Weihrauch, Geranie und Bergamotte enth\u00e4lt. Der warme, harzige Duft von Weihrauch beruhigt den Geist, w\u00e4hrend die blumigen Noten der Geranie Trost und Stabilit\u00e4t spenden. Bergamotte mit ihrem zitrusartigen und belebenden Aroma verleiht einen Hauch von Leichtigkeit, f\u00f6rdert ein Gef\u00fchl der Ruhe und reduziert Stressgef\u00fchle.<\/span><\/p>\n<p><span style=\"color: rgb(75, 80, 88);\"><strong>Nutzen Sie die wohltuenden Eigenschaften dieser Mischung, indem Sie sie den ganzen Tag \u00fcber anwenden. Sie hilft Ihnen, zentriert und gelassen zu bleiben.<\/strong><\/span><\/p>\n","protected":false},"excerpt":{"rendered":"<p>Finden Sie inneren Frieden und emotionale Ausgeglichenheit mit der Calm-Mischung, die \u00e4therische \u00d6le aus Weihrauch, Geranie und Bergamotte enth\u00e4lt. Der warme, harzige Duft von Weihrauch beruhigt den Geist, w\u00e4hrend die blumigen Noten der Geranie Trost und Stabilit\u00e4t spenden. Bergamotte mit ihrem zitrusartigen und belebenden Aroma verleiht einen Hauch von Leichtigkeit, f\u00f6rdert ein Gef\u00fchl der Ruhe [&hellip;]<\/p>\n","protected":false},"featured_media":254992,"comment_status":"closed","ping_status":"open","template":"","meta":{"_angie_page":false},"product_brand":[27086],"product_cat":[16455,23649,26650],"product_tag":[],"class_list":{"0":"post-245221","1":"product","2":"type-product","3":"status-publish","4":"has-post-thumbnail","6":"product_brand-agnes-and-cat","7":"product_cat-aromatherapie-und-raumdufte","8":"product_cat-atherische-ole","9":"product_cat-atherische-olmischungen","10":"pa_collection-agnes-cat-10ml-roll-on-essential-oil-blends-de","11":"pa_made-in-vereinigtes-koenigreich","12":"pa_size-10ml","14":"first","15":"instock","16":"purchasable","17":"product-type-simple"},"supplier_id":null,"supplier_sku":"ACREBL-03","barcode":null,"atum_controlled":true,"out_stock_date":null,"out_stock_threshold":null,"inheritable":false,"inbound_stock":0,"stock_on_hold":0,"sold_today":0,"sales_last_days":0,"reserved_stock":0,"customer_returns":0,"warehouse_damage":0,"lost_in_post":0,"other_logs":0,"out_stock_days":0,"lost_sales":0,"has_location":false,"update_date":"2026-04-29T01:07:01","atum_locations":[],"atum_stock_status":"instock","restock_status":false,"low_stock_amount":"","sales_update_date":"2025-10-09T03:23:05","calc_backorders":null,"_links":{"self":[{"href":"https:\/\/aromasentia.com\/de\/wp-json\/wp\/v2\/product\/245221","targetHints":{"allow":["GET"]}}],"collection":[{"href":"https:\/\/aromasentia.com\/de\/wp-json\/wp\/v2\/product"}],"about":[{"href":"https:\/\/aromasentia.com\/de\/wp-json\/wp\/v2\/types\/product"}],"replies":[{"embeddable":true,"href":"https:\/\/aromasentia.com\/de\/wp-json\/wp\/v2\/comments?post=245221"}],"version-history":[{"count":0,"href":"https:\/\/aromasentia.com\/de\/wp-json\/wp\/v2\/product\/245221\/revisions"}],"wp:featuredmedia":[{"embeddable":true,"href":"https:\/\/aromasentia.com\/de\/wp-json\/wp\/v2\/media\/254992"}],"wp:attachment":[{"href":"https:\/\/aromasentia.com\/de\/wp-json\/wp\/v2\/media?parent=245221"}],"wp:term":[{"taxonomy":"product_brand","embeddable":true,"href":"https:\/\/aromasentia.com\/de\/wp-json\/wp\/v2\/product_brand?post=245221"},{"taxonomy":"product_cat","embeddable":true,"href":"https:\/\/aromasentia.com\/de\/wp-json\/wp\/v2\/product_cat?post=245221"},{"taxonomy":"product_tag","embeddable":true,"href":"https:\/\/aromasentia.com\/de\/wp-json\/wp\/v2\/product_tag?post=245221"}],"curies":[{"name":"wp","href":"https:\/\/api.w.org\/{rel}","templated":true}]}}