{"id":245213,"date":"2025-03-20T14:29:03","date_gmt":"2025-03-20T14:29:03","guid":{"rendered":"https:\/\/aromasentia.com\/product\/10ml-roll-on-essential-oil-blend-focus\/"},"modified":"2025-12-30T20:48:00","modified_gmt":"2025-12-30T20:48:00","slug":"10-ml-roll-on-mischung-aus-aetherischen-oelen-focus","status":"publish","type":"product","link":"https:\/\/aromasentia.com\/de\/10-ml-roll-on-mischung-aus-aetherischen-oelen-focus\/","title":{"rendered":"10 ml Roll-On-Mischung aus \u00e4therischen \u00d6len \u2013 FOCUS"},"content":{"rendered":"<p><span style=\"color: rgb(75, 80, 88);\">Sch\u00e4rfen Sie Ihren Geist und steigern Sie Ihre Konzentration mit der <strong>Focus<\/strong>-Mischung, die fachm\u00e4nnisch mit den \u00e4therischen \u00d6len Rosmarin, Zypresse und Zitrone kombiniert wurde. Der frische und belebende Duft von Rosmarin stimuliert die kognitiven Funktionen, w\u00e4hrend das holzige Aroma der Zypresse geistige Klarheit und Konzentration f\u00f6rdert. Der spritzige Duft von Zitrone belebt die Stimmung und f\u00f6rdert einen klaren und wachen Geist.<\/span><\/p>\n<p><span style=\"color: rgb(75, 80, 88);\"><strong>Verwenden Sie diese Mischung w\u00e4hrend der Arbeit oder beim Lernen. Ihre verj\u00fcngende Essenz steigert Ihre Produktivit\u00e4t und geistige Sch\u00e4rfe.<\/strong><\/span><\/p>\n","protected":false},"excerpt":{"rendered":"<p>Sch\u00e4rfen Sie Ihren Geist und steigern Sie Ihre Konzentration mit der Focus-Mischung, die fachm\u00e4nnisch mit den \u00e4therischen \u00d6len Rosmarin, Zypresse und Zitrone kombiniert wurde. Der frische und belebende Duft von Rosmarin stimuliert die kognitiven Funktionen, w\u00e4hrend das holzige Aroma der Zypresse geistige Klarheit und Konzentration f\u00f6rdert. Der spritzige Duft von Zitrone belebt die Stimmung und [&hellip;]<\/p>\n","protected":false},"featured_media":254902,"comment_status":"closed","ping_status":"open","template":"","meta":{"_angie_page":false},"product_brand":[27086],"product_cat":[16455,23649,26650],"product_tag":[],"class_list":{"0":"post-245213","1":"product","2":"type-product","3":"status-publish","4":"has-post-thumbnail","6":"product_brand-agnes-and-cat","7":"product_cat-aromatherapie-und-raumdufte","8":"product_cat-atherische-ole","9":"product_cat-atherische-olmischungen","10":"pa_collection-agnes-cat-10ml-roll-on-essential-oil-blends-de","11":"pa_made-in-vereinigtes-koenigreich","12":"pa_size-10ml","14":"first","15":"instock","16":"purchasable","17":"product-type-simple"},"supplier_id":null,"supplier_sku":"ACREBL-05","barcode":null,"atum_controlled":true,"out_stock_date":null,"out_stock_threshold":null,"inheritable":false,"inbound_stock":null,"stock_on_hold":0,"sold_today":0,"sales_last_days":0,"reserved_stock":null,"customer_returns":null,"warehouse_damage":null,"lost_in_post":null,"other_logs":null,"out_stock_days":0,"lost_sales":0,"has_location":null,"update_date":"2026-05-08T05:02:36","atum_locations":[],"atum_stock_status":"instock","restock_status":false,"low_stock_amount":"","sales_update_date":"2026-02-06T00:02:09","calc_backorders":null,"_links":{"self":[{"href":"https:\/\/aromasentia.com\/de\/wp-json\/wp\/v2\/product\/245213","targetHints":{"allow":["GET"]}}],"collection":[{"href":"https:\/\/aromasentia.com\/de\/wp-json\/wp\/v2\/product"}],"about":[{"href":"https:\/\/aromasentia.com\/de\/wp-json\/wp\/v2\/types\/product"}],"replies":[{"embeddable":true,"href":"https:\/\/aromasentia.com\/de\/wp-json\/wp\/v2\/comments?post=245213"}],"version-history":[{"count":0,"href":"https:\/\/aromasentia.com\/de\/wp-json\/wp\/v2\/product\/245213\/revisions"}],"wp:featuredmedia":[{"embeddable":true,"href":"https:\/\/aromasentia.com\/de\/wp-json\/wp\/v2\/media\/254902"}],"wp:attachment":[{"href":"https:\/\/aromasentia.com\/de\/wp-json\/wp\/v2\/media?parent=245213"}],"wp:term":[{"taxonomy":"product_brand","embeddable":true,"href":"https:\/\/aromasentia.com\/de\/wp-json\/wp\/v2\/product_brand?post=245213"},{"taxonomy":"product_cat","embeddable":true,"href":"https:\/\/aromasentia.com\/de\/wp-json\/wp\/v2\/product_cat?post=245213"},{"taxonomy":"product_tag","embeddable":true,"href":"https:\/\/aromasentia.com\/de\/wp-json\/wp\/v2\/product_tag?post=245213"}],"curies":[{"name":"wp","href":"https:\/\/api.w.org\/{rel}","templated":true}]}}