{"id":245209,"date":"2025-03-20T14:29:03","date_gmt":"2025-03-20T14:29:03","guid":{"rendered":"https:\/\/aromasentia.com\/product\/10ml-roll-on-essential-oil-blend-happy\/"},"modified":"2025-12-30T20:48:00","modified_gmt":"2025-12-30T20:48:00","slug":"10-ml-roll-on-mischung-aus-aetherischen-oelen-happy","status":"publish","type":"product","link":"https:\/\/aromasentia.com\/de\/10-ml-roll-on-mischung-aus-aetherischen-oelen-happy\/","title":{"rendered":"10 ml Roll-On-Mischung aus \u00e4therischen \u00d6len \u2013 HAPPY"},"content":{"rendered":"<p><span style=\"color: rgb(75, 80, 88);\">Heben Sie Ihre Stimmung und genie\u00dfen Sie das Gl\u00fcck mit der <strong>Happy-Mischung<\/strong>, hergestellt mit <strong>\u00e4therischen \u00d6len aus Gr\u00fcner Minze, Orange und Myrrhe<\/strong>. Das erfrischende Aroma der Gr\u00fcnen Minze belebt die Sinne, w\u00e4hrend der s\u00fc\u00dfe und lebendige Duft der Orange Gef\u00fchle der Freude und Positivit\u00e4t f\u00f6rdert. Die warmen und erdigen Noten der Myrrhe verleihen der Mischung Tiefe und f\u00f6rdern emotionale Ausgeglichenheit und Zufriedenheit.<\/span><\/p>\n<p><span style=\"color: rgb(75, 80, 88);\"><strong>Tragen Sie diese herrliche Mischung auf, wann immer Sie einen kleinen Muntermacher brauchen, und lassen Sie sie den ganzen Tag \u00fcber ein L\u00e4cheln zaubern.<\/strong><\/span><\/p>\n","protected":false},"excerpt":{"rendered":"<p>Heben Sie Ihre Stimmung und genie\u00dfen Sie das Gl\u00fcck mit der Happy-Mischung, hergestellt mit \u00e4therischen \u00d6len aus Gr\u00fcner Minze, Orange und Myrrhe. Das erfrischende Aroma der Gr\u00fcnen Minze belebt die Sinne, w\u00e4hrend der s\u00fc\u00dfe und lebendige Duft der Orange Gef\u00fchle der Freude und Positivit\u00e4t f\u00f6rdert. Die warmen und erdigen Noten der Myrrhe verleihen der Mischung [&hellip;]<\/p>\n","protected":false},"featured_media":254853,"comment_status":"closed","ping_status":"open","template":"","meta":{"_angie_page":false},"product_brand":[27086],"product_cat":[16455,23649,26650],"product_tag":[],"class_list":{"0":"post-245209","1":"product","2":"type-product","3":"status-publish","4":"has-post-thumbnail","6":"product_brand-agnes-and-cat","7":"product_cat-aromatherapie-und-raumdufte","8":"product_cat-atherische-ole","9":"product_cat-atherische-olmischungen","10":"pa_collection-agnes-cat-10ml-roll-on-essential-oil-blends-de","11":"pa_made-in-vereinigtes-koenigreich","12":"pa_size-10ml","14":"first","15":"instock","16":"purchasable","17":"product-type-simple"},"supplier_id":null,"supplier_sku":"ACREBL-06","barcode":null,"atum_controlled":true,"out_stock_date":null,"out_stock_threshold":null,"inheritable":false,"inbound_stock":null,"stock_on_hold":0,"sold_today":0,"sales_last_days":0,"reserved_stock":null,"customer_returns":null,"warehouse_damage":null,"lost_in_post":null,"other_logs":null,"out_stock_days":0,"lost_sales":0,"has_location":null,"update_date":"2026-04-27T06:50:12","atum_locations":[],"atum_stock_status":"instock","restock_status":false,"low_stock_amount":"","sales_update_date":"2026-02-06T00:02:26","calc_backorders":null,"_links":{"self":[{"href":"https:\/\/aromasentia.com\/de\/wp-json\/wp\/v2\/product\/245209","targetHints":{"allow":["GET"]}}],"collection":[{"href":"https:\/\/aromasentia.com\/de\/wp-json\/wp\/v2\/product"}],"about":[{"href":"https:\/\/aromasentia.com\/de\/wp-json\/wp\/v2\/types\/product"}],"replies":[{"embeddable":true,"href":"https:\/\/aromasentia.com\/de\/wp-json\/wp\/v2\/comments?post=245209"}],"version-history":[{"count":0,"href":"https:\/\/aromasentia.com\/de\/wp-json\/wp\/v2\/product\/245209\/revisions"}],"wp:featuredmedia":[{"embeddable":true,"href":"https:\/\/aromasentia.com\/de\/wp-json\/wp\/v2\/media\/254853"}],"wp:attachment":[{"href":"https:\/\/aromasentia.com\/de\/wp-json\/wp\/v2\/media?parent=245209"}],"wp:term":[{"taxonomy":"product_brand","embeddable":true,"href":"https:\/\/aromasentia.com\/de\/wp-json\/wp\/v2\/product_brand?post=245209"},{"taxonomy":"product_cat","embeddable":true,"href":"https:\/\/aromasentia.com\/de\/wp-json\/wp\/v2\/product_cat?post=245209"},{"taxonomy":"product_tag","embeddable":true,"href":"https:\/\/aromasentia.com\/de\/wp-json\/wp\/v2\/product_tag?post=245209"}],"curies":[{"name":"wp","href":"https:\/\/api.w.org\/{rel}","templated":true}]}}