{"id":245205,"date":"2025-03-20T14:29:03","date_gmt":"2025-03-20T14:29:03","guid":{"rendered":"https:\/\/aromasentia.com\/product\/150ml-reed-diffuser-refill-citrus\/"},"modified":"2025-12-30T20:48:00","modified_gmt":"2025-12-30T20:48:00","slug":"140-ml-reed-lufterfrischer-nachfuellung-zitrus","status":"publish","type":"product","link":"https:\/\/aromasentia.com\/de\/140-ml-reed-lufterfrischer-nachfuellung-zitrus\/","title":{"rendered":"140 ml Reed-Lufterfrischer-Nachf\u00fcllung \u2013 Zitrus"},"content":{"rendered":"<p><span style=\"color: rgb(75, 80, 88);\">Entdecken Sie unseren <strong>140 ml Nachf\u00fcller f\u00fcr den Duftst\u00e4bchen-Diffusor in Zitrus.<\/strong> Verl\u00e4ngern Sie die Lebensdauer Ihres Agnes and Cat Duftst\u00e4bchen-Diffusors in einer umweltfreundlichen Glasflasche mit Aluminiumverschluss.<\/span><\/p>\n<p><span style=\"color: rgb(75, 80, 88);\"><strong>Diese praktischen und langlebigen Nachf\u00fcller erf\u00fcllen den Raum mindestens 3 Monate lang mit Duft.<\/strong><\/span><\/p>\n<p><span style=\"color: rgb(75, 80, 88);\"><strong>Sonnendurchflutet und erfrischend beschw\u00f6rt Citrus den Geist von Zitrushainen an einem warmen Sommertag herauf.<\/strong> Die belebenden Noten von Zitrusfr\u00fcchten tanzen in der Luft und verbreiten die Freude und Energie sonniger Tage in Ihrem Raum.<\/span><\/p>\n<p><span style=\"color: rgb(75, 80, 88);\">Mit unseren praktischen Nachf\u00fcllpackungen k\u00f6nnen Sie einen bedeutenden Schritt in Richtung einer nachhaltigeren Zukunft machen und einen Ort schaffen, an dem Ihre Kunden immer ihre Lieblingsd\u00fcfte finden k\u00f6nnen.<\/span><\/p>\n<p><span style=\"color: rgb(75, 80, 88);\">Vergessen Sie nicht, passende<\/span><a href=\"https:\/\/aromasentia.com\/acd-ds\"><span style=\"color: rgb(149, 122, 101);\"><strong>Agnes + Cat Reed Diffuser<\/strong><\/span><\/a><span style=\"color: rgb(75, 80, 88);\">zu Ihrem Inventar hinzuzuf\u00fcgen!<\/span><\/p>\n","protected":false},"excerpt":{"rendered":"<p>Entdecken Sie unseren 140 ml Nachf\u00fcller f\u00fcr den Duftst\u00e4bchen-Diffusor in Zitrus. Verl\u00e4ngern Sie die Lebensdauer Ihres Agnes and Cat Duftst\u00e4bchen-Diffusors in einer umweltfreundlichen Glasflasche mit Aluminiumverschluss. Diese praktischen und langlebigen Nachf\u00fcller erf\u00fcllen den Raum mindestens 3 Monate lang mit Duft. Sonnendurchflutet und erfrischend beschw\u00f6rt Citrus den Geist von Zitrushainen an einem warmen Sommertag herauf. Die [&hellip;]<\/p>\n","protected":false},"featured_media":254844,"comment_status":"closed","ping_status":"open","template":"","meta":{"_angie_page":false},"product_brand":[27086],"product_cat":[16519,16520],"product_tag":[],"class_list":{"0":"post-245205","1":"product","2":"type-product","3":"status-publish","4":"has-post-thumbnail","6":"product_brand-agnes-and-cat","7":"product_cat-aroma-diffuser-duftstabchen-und-olbrenner","8":"product_cat-duftstabchen-duftsticks","9":"pa_collection-agnes-cat-reed-diffusers-refills-de","10":"pa_made-in-vereinigtes-koenigreich","11":"pa_size-150ml","13":"first","14":"instock","15":"purchasable","16":"product-type-simple"},"supplier_id":null,"supplier_sku":"ACDR-26","barcode":null,"atum_controlled":true,"out_stock_date":null,"out_stock_threshold":null,"inheritable":false,"inbound_stock":null,"stock_on_hold":0,"sold_today":0,"sales_last_days":0,"reserved_stock":null,"customer_returns":null,"warehouse_damage":null,"lost_in_post":null,"other_logs":null,"out_stock_days":0,"lost_sales":0,"has_location":null,"update_date":"2026-05-08T05:02:34","atum_locations":[],"atum_stock_status":"instock","restock_status":false,"low_stock_amount":"","sales_update_date":"2026-01-30T01:26:40","calc_backorders":null,"_links":{"self":[{"href":"https:\/\/aromasentia.com\/de\/wp-json\/wp\/v2\/product\/245205","targetHints":{"allow":["GET"]}}],"collection":[{"href":"https:\/\/aromasentia.com\/de\/wp-json\/wp\/v2\/product"}],"about":[{"href":"https:\/\/aromasentia.com\/de\/wp-json\/wp\/v2\/types\/product"}],"replies":[{"embeddable":true,"href":"https:\/\/aromasentia.com\/de\/wp-json\/wp\/v2\/comments?post=245205"}],"version-history":[{"count":0,"href":"https:\/\/aromasentia.com\/de\/wp-json\/wp\/v2\/product\/245205\/revisions"}],"wp:featuredmedia":[{"embeddable":true,"href":"https:\/\/aromasentia.com\/de\/wp-json\/wp\/v2\/media\/254844"}],"wp:attachment":[{"href":"https:\/\/aromasentia.com\/de\/wp-json\/wp\/v2\/media?parent=245205"}],"wp:term":[{"taxonomy":"product_brand","embeddable":true,"href":"https:\/\/aromasentia.com\/de\/wp-json\/wp\/v2\/product_brand?post=245205"},{"taxonomy":"product_cat","embeddable":true,"href":"https:\/\/aromasentia.com\/de\/wp-json\/wp\/v2\/product_cat?post=245205"},{"taxonomy":"product_tag","embeddable":true,"href":"https:\/\/aromasentia.com\/de\/wp-json\/wp\/v2\/product_tag?post=245205"}],"curies":[{"name":"wp","href":"https:\/\/api.w.org\/{rel}","templated":true}]}}