{"id":245193,"date":"2025-03-20T14:29:03","date_gmt":"2025-03-20T14:29:03","guid":{"rendered":"https:\/\/aromasentia.com\/product\/150ml-reed-diffuser-refill-white-fig\/"},"modified":"2025-12-30T20:47:53","modified_gmt":"2025-12-30T20:47:53","slug":"150-ml-nachfuellpackung-fuer-rattanstaebchen-diffusor-weisse-feige","status":"publish","type":"product","link":"https:\/\/aromasentia.com\/de\/150-ml-nachfuellpackung-fuer-rattanstaebchen-diffusor-weisse-feige\/","title":{"rendered":"150 ml Nachf\u00fcllpackung f\u00fcr Rattanst\u00e4bchen-Diffusor \u2013 Wei\u00dfe Feige"},"content":{"rendered":"<p><span style=\"color: rgb(75, 80, 88);\">Entdecken Sie unseren <strong>140 ml Reed Diffuser-Nachf\u00fcller in Wei\u00dfer Feige<\/strong>. Verl\u00e4ngern Sie die Lebensdauer Ihres Agnes and Cat Reed Diffuser in einer umweltfreundlichen Glasflasche mit Aluminiumverschluss.<\/span><\/p>\n<p><span style=\"color: rgb(75, 80, 88);\"><strong>Diese praktischen und langlebigen Nachf\u00fcllpackungen erf\u00fcllen den Raum mindestens 3 Monate lang mit Duft.<\/strong><\/span><\/p>\n<p><span style=\"color: rgb(75, 80, 88);\"><strong>Versetzen Sie sich in einen sonnenverw\u00f6hnten mediterranen Obstgarten mit der warmen, wohligen Umarmung der Wei\u00dfen Feige.<\/strong> Der Duft reifer Feigen und ihre sanfte, erdige S\u00fc\u00dfe erf\u00fcllen Ihren Raum und schaffen ein wahrhaft mediterranes Ambiente.<\/span><\/p>\n<p><span style=\"color: rgb(75, 80, 88);\">Mit unseren praktischen Nachf\u00fcllpackungen k\u00f6nnen Sie einen bedeutenden Schritt in Richtung einer nachhaltigeren Zukunft machen und einen Ort schaffen, an dem Ihre Kunden immer ihre geliebten D\u00fcfte finden k\u00f6nnen. <\/span><\/p>\n<p><span style=\"color: rgb(75, 80, 88);\">Vergessen Sie nicht, passende&nbsp;<\/span><a href=\"https:\/\/aromasentia.com\/acd-ds\"><span style=\"color: rgb(149, 122, 101);\"><strong>Agnes + Cat Reed Diffuser<\/strong><\/span><\/a><span style=\"color: rgb(75, 80, 88);\">zu Ihrem Inventar hinzuzuf\u00fcgen!<\/span><\/p>\n","protected":false},"excerpt":{"rendered":"<p>Entdecken Sie unseren 140 ml Reed Diffuser-Nachf\u00fcller in Wei\u00dfer Feige. Verl\u00e4ngern Sie die Lebensdauer Ihres Agnes and Cat Reed Diffuser in einer umweltfreundlichen Glasflasche mit Aluminiumverschluss. Diese praktischen und langlebigen Nachf\u00fcllpackungen erf\u00fcllen den Raum mindestens 3 Monate lang mit Duft. Versetzen Sie sich in einen sonnenverw\u00f6hnten mediterranen Obstgarten mit der warmen, wohligen Umarmung der Wei\u00dfen [&hellip;]<\/p>\n","protected":false},"featured_media":254801,"comment_status":"closed","ping_status":"open","template":"","meta":{"_angie_page":false},"product_brand":[27086],"product_cat":[16519,16520],"product_tag":[],"class_list":{"0":"post-245193","1":"product","2":"type-product","3":"status-publish","4":"has-post-thumbnail","6":"product_brand-agnes-and-cat","7":"product_cat-aroma-diffuser-duftstabchen-und-olbrenner","8":"product_cat-duftstabchen-duftsticks","9":"pa_collection-agnes-cat-reed-diffusers-refills-de","10":"pa_made-in-vereinigtes-koenigreich","11":"pa_size-150ml","13":"first","14":"instock","15":"purchasable","16":"product-type-simple"},"supplier_id":null,"supplier_sku":"ACDR-20","barcode":null,"atum_controlled":true,"out_stock_date":null,"out_stock_threshold":null,"inheritable":false,"inbound_stock":null,"stock_on_hold":0,"sold_today":0,"sales_last_days":0,"reserved_stock":null,"customer_returns":null,"warehouse_damage":null,"lost_in_post":null,"other_logs":null,"out_stock_days":0,"lost_sales":0,"has_location":null,"update_date":"2026-04-27T06:49:08","atum_locations":[],"atum_stock_status":"instock","restock_status":false,"low_stock_amount":"","sales_update_date":"2026-01-30T01:24:31","calc_backorders":null,"_links":{"self":[{"href":"https:\/\/aromasentia.com\/de\/wp-json\/wp\/v2\/product\/245193","targetHints":{"allow":["GET"]}}],"collection":[{"href":"https:\/\/aromasentia.com\/de\/wp-json\/wp\/v2\/product"}],"about":[{"href":"https:\/\/aromasentia.com\/de\/wp-json\/wp\/v2\/types\/product"}],"replies":[{"embeddable":true,"href":"https:\/\/aromasentia.com\/de\/wp-json\/wp\/v2\/comments?post=245193"}],"version-history":[{"count":0,"href":"https:\/\/aromasentia.com\/de\/wp-json\/wp\/v2\/product\/245193\/revisions"}],"wp:featuredmedia":[{"embeddable":true,"href":"https:\/\/aromasentia.com\/de\/wp-json\/wp\/v2\/media\/254801"}],"wp:attachment":[{"href":"https:\/\/aromasentia.com\/de\/wp-json\/wp\/v2\/media?parent=245193"}],"wp:term":[{"taxonomy":"product_brand","embeddable":true,"href":"https:\/\/aromasentia.com\/de\/wp-json\/wp\/v2\/product_brand?post=245193"},{"taxonomy":"product_cat","embeddable":true,"href":"https:\/\/aromasentia.com\/de\/wp-json\/wp\/v2\/product_cat?post=245193"},{"taxonomy":"product_tag","embeddable":true,"href":"https:\/\/aromasentia.com\/de\/wp-json\/wp\/v2\/product_tag?post=245193"}],"curies":[{"name":"wp","href":"https:\/\/api.w.org\/{rel}","templated":true}]}}