{"id":245173,"date":"2025-03-20T14:29:03","date_gmt":"2025-03-20T14:29:03","guid":{"rendered":"https:\/\/aromasentia.com\/product\/150ml-reed-diffuser-refill-moroccan-roll\/"},"modified":"2025-12-30T20:47:53","modified_gmt":"2025-12-30T20:47:53","slug":"140-ml-reed-lufterfrischer-nachfuellung-marokkanische-rolle","status":"publish","type":"product","link":"https:\/\/aromasentia.com\/de\/140-ml-reed-lufterfrischer-nachfuellung-marokkanische-rolle\/","title":{"rendered":"140 ml Reed-Lufterfrischer-Nachf\u00fcllung \u2013 marokkanische Rolle"},"content":{"rendered":"<p><span style=\"color: rgb(75, 80, 88);\">Entdecken Sie unseren <strong>140 ml Nachf\u00fcller f\u00fcr den Duftst\u00e4bchen-Diffusor in Morrocan Roll<\/strong>. Verl\u00e4ngern Sie die Lebensdauer Ihres Agnes and Cat Duftst\u00e4bchen-Diffusors in einer umweltfreundlichen Glasflasche mit Aluminiumverschluss.<\/span><\/p>\n<p><span style=\"color: rgb(75, 80, 88);\"><strong>Diese praktischen und langlebigen Nachf\u00fcller erf\u00fcllen den Raum mindestens 3 Monate lang mit Duft.<\/strong><\/span><\/p>\n<p><span style=\"color: rgb(75, 80, 88);\"><strong>Begeben Sie sich mit Moroccan Roll auf eine Sinnesreise zu den gesch\u00e4ftigen M\u00e4rkten Marokkos. <\/strong>Diese exotische Mischung vereint warme Gew\u00fcrze, aromatische Kr\u00e4uter und den leisen Hauch orientalischer Mysterien und verleiht Ihrem Raum die Atmosph\u00e4re eines verzauberten Basars.<\/span><\/p>\n<p><span style=\"color: rgb(75, 80, 88);\">Mit unseren praktischen Nachf\u00fcllpackungen k\u00f6nnen Sie einen bedeutenden Schritt in Richtung einer nachhaltigeren Zukunft machen und einen Ort schaffen, an dem Ihre Kunden immer ihre Lieblingsd\u00fcfte finden k\u00f6nnen.&nbsp;<\/span><\/p>\n<p><span style=\"color: rgb(75, 80, 88);\">Vergessen Sie nicht, passende&nbsp;<\/span><a href=\"https:\/\/aromasentia.com\/acd-ds\"><span style=\"color: rgb(149, 122, 101);\"><strong>Agnes + Cat Reed Diffuser<\/strong><\/span><\/a><span style=\"color: rgb(75, 80, 88);\">&nbsp;zu Ihrem Inventar!<\/span><\/p>\n","protected":false},"excerpt":{"rendered":"<p>Entdecken Sie unseren 140 ml Nachf\u00fcller f\u00fcr den Duftst\u00e4bchen-Diffusor in Morrocan Roll. Verl\u00e4ngern Sie die Lebensdauer Ihres Agnes and Cat Duftst\u00e4bchen-Diffusors in einer umweltfreundlichen Glasflasche mit Aluminiumverschluss. Diese praktischen und langlebigen Nachf\u00fcller erf\u00fcllen den Raum mindestens 3 Monate lang mit Duft. Begeben Sie sich mit Moroccan Roll auf eine Sinnesreise zu den gesch\u00e4ftigen M\u00e4rkten Marokkos. [&hellip;]<\/p>\n","protected":false},"featured_media":254756,"comment_status":"closed","ping_status":"open","template":"","meta":{"_angie_page":false},"product_brand":[27086],"product_cat":[16519,16520],"product_tag":[],"class_list":{"0":"post-245173","1":"product","2":"type-product","3":"status-publish","4":"has-post-thumbnail","6":"product_brand-agnes-and-cat","7":"product_cat-aroma-diffuser-duftstabchen-und-olbrenner","8":"product_cat-duftstabchen-duftsticks","9":"pa_collection-agnes-cat-reed-diffusers-refills-de","10":"pa_made-in-vereinigtes-koenigreich","11":"pa_size-150ml","13":"first","14":"instock","15":"purchasable","16":"product-type-simple"},"supplier_id":null,"supplier_sku":"ACDR-02","barcode":null,"atum_controlled":true,"out_stock_date":null,"out_stock_threshold":null,"inheritable":false,"inbound_stock":null,"stock_on_hold":0,"sold_today":0,"sales_last_days":0,"reserved_stock":null,"customer_returns":null,"warehouse_damage":null,"lost_in_post":null,"other_logs":null,"out_stock_days":0,"lost_sales":0,"has_location":null,"update_date":"2026-04-27T06:49:08","atum_locations":[],"atum_stock_status":"instock","restock_status":false,"low_stock_amount":"","sales_update_date":"2026-01-30T01:24:29","calc_backorders":null,"_links":{"self":[{"href":"https:\/\/aromasentia.com\/de\/wp-json\/wp\/v2\/product\/245173","targetHints":{"allow":["GET"]}}],"collection":[{"href":"https:\/\/aromasentia.com\/de\/wp-json\/wp\/v2\/product"}],"about":[{"href":"https:\/\/aromasentia.com\/de\/wp-json\/wp\/v2\/types\/product"}],"replies":[{"embeddable":true,"href":"https:\/\/aromasentia.com\/de\/wp-json\/wp\/v2\/comments?post=245173"}],"version-history":[{"count":0,"href":"https:\/\/aromasentia.com\/de\/wp-json\/wp\/v2\/product\/245173\/revisions"}],"wp:featuredmedia":[{"embeddable":true,"href":"https:\/\/aromasentia.com\/de\/wp-json\/wp\/v2\/media\/254756"}],"wp:attachment":[{"href":"https:\/\/aromasentia.com\/de\/wp-json\/wp\/v2\/media?parent=245173"}],"wp:term":[{"taxonomy":"product_brand","embeddable":true,"href":"https:\/\/aromasentia.com\/de\/wp-json\/wp\/v2\/product_brand?post=245173"},{"taxonomy":"product_cat","embeddable":true,"href":"https:\/\/aromasentia.com\/de\/wp-json\/wp\/v2\/product_cat?post=245173"},{"taxonomy":"product_tag","embeddable":true,"href":"https:\/\/aromasentia.com\/de\/wp-json\/wp\/v2\/product_tag?post=245173"}],"curies":[{"name":"wp","href":"https:\/\/api.w.org\/{rel}","templated":true}]}}