{"id":245145,"date":"2025-03-20T14:30:57","date_gmt":"2025-03-20T14:30:57","guid":{"rendered":"https:\/\/aromasentia.com\/product\/car-diffuser-kit-guardian-angel-30mm\/"},"modified":"2025-12-30T20:47:45","modified_gmt":"2025-12-30T20:47:45","slug":"auto-lufterfrischerset-schutzengel-30mm","status":"publish","type":"product","link":"https:\/\/aromasentia.com\/de\/auto-lufterfrischerset-schutzengel-30mm\/","title":{"rendered":"Auto Lufterfrischerset &#8211; Schutzengel &#8211; 30mm"},"content":{"rendered":"<p>Versch\u00f6nern Sie Ihre Reise mit diesem einzigartigen Aromatherapie-Diffusor. W\u00e4hlen Sie Ihre bevorzugten \u00e4therischen \u00d6le oder Mischungen und erleben Sie deren positive gesundheitliche Wirkung w\u00e4hrend der Fahrt. <\/p>\n<p>Das Designer-Medaillon enth\u00e4lt ein Filzpad f\u00fcr einige Tropfen \u00d6l. Befestigen Sie es an der L\u00fcftungsblende Ihres Autos, damit der Duft str\u00f6men kann. Das Medaillon besteht aus hochwertigem Edelstahl und wird mit 10 waschbaren, saugf\u00e4higen und wiederverwendbaren Filzpads in verschiedenen Farben geliefert. Jetzt k\u00f6nnen Sie den Duft in Ihrem Auto selbst bestimmen. <\/p>\n<p><strong>\u2013 Versch\u00f6nern Sie Ihr Auto mit einzigartigem Schmuck<br \/>\u2013 W\u00e4hlen Sie Ihr eigenes Aroma passend zu Ihrer Stimmung<br \/>\u2013 Enth\u00e4lt 10 farbige Duftfilzpads<\/strong><\/p>\n<p>Wir empfehlen unsere reinen \u00e4therischen \u00d6le oder Mischungen. Das Auto-Diffusor-Set bietet Platz f\u00fcr 10 ml \u00e4therisches \u00d6l. Steigern Sie Ihren Umsatz, indem Sie ein Set zusammen mit dem \u00d6l verkaufen.<\/p>\n","protected":false},"excerpt":{"rendered":"<p>Versch\u00f6nern Sie Ihre Reise mit diesem einzigartigen Aromatherapie-Diffusor. W\u00e4hlen Sie Ihre bevorzugten \u00e4therischen \u00d6le oder Mischungen und erleben Sie deren positive gesundheitliche Wirkung w\u00e4hrend der Fahrt. Das Designer-Medaillon enth\u00e4lt ein Filzpad f\u00fcr einige Tropfen \u00d6l. Befestigen Sie es an der L\u00fcftungsblende Ihres Autos, damit der Duft str\u00f6men kann. Das Medaillon besteht aus hochwertigem Edelstahl und [&hellip;]<\/p>\n","protected":false},"featured_media":255343,"comment_status":"closed","ping_status":"open","template":"","meta":{"_angie_page":false},"product_brand":[],"product_cat":[16519,24883],"product_tag":[],"class_list":{"0":"post-245145","1":"product","2":"type-product","3":"status-publish","4":"has-post-thumbnail","6":"product_cat-aroma-diffuser-duftstabchen-und-olbrenner","7":"product_cat-autoduft-diffuser","8":"pa_collection-aromatherapy-car-diffuser-kit-de","9":"pa_made-in-china","11":"first","12":"instock","13":"purchasable","14":"product-type-simple"},"supplier_id":null,"supplier_sku":"AromaC-01","barcode":null,"atum_controlled":true,"out_stock_date":null,"out_stock_threshold":null,"inheritable":false,"inbound_stock":null,"stock_on_hold":0,"sold_today":0,"sales_last_days":0,"reserved_stock":null,"customer_returns":null,"warehouse_damage":null,"lost_in_post":null,"other_logs":null,"out_stock_days":0,"lost_sales":0,"has_location":null,"update_date":"2026-05-11T01:55:49","atum_locations":[],"atum_stock_status":"instock","restock_status":false,"low_stock_amount":"","sales_update_date":"2025-10-09T03:23:21","calc_backorders":null,"_links":{"self":[{"href":"https:\/\/aromasentia.com\/de\/wp-json\/wp\/v2\/product\/245145","targetHints":{"allow":["GET"]}}],"collection":[{"href":"https:\/\/aromasentia.com\/de\/wp-json\/wp\/v2\/product"}],"about":[{"href":"https:\/\/aromasentia.com\/de\/wp-json\/wp\/v2\/types\/product"}],"replies":[{"embeddable":true,"href":"https:\/\/aromasentia.com\/de\/wp-json\/wp\/v2\/comments?post=245145"}],"version-history":[{"count":0,"href":"https:\/\/aromasentia.com\/de\/wp-json\/wp\/v2\/product\/245145\/revisions"}],"wp:featuredmedia":[{"embeddable":true,"href":"https:\/\/aromasentia.com\/de\/wp-json\/wp\/v2\/media\/255343"}],"wp:attachment":[{"href":"https:\/\/aromasentia.com\/de\/wp-json\/wp\/v2\/media?parent=245145"}],"wp:term":[{"taxonomy":"product_brand","embeddable":true,"href":"https:\/\/aromasentia.com\/de\/wp-json\/wp\/v2\/product_brand?post=245145"},{"taxonomy":"product_cat","embeddable":true,"href":"https:\/\/aromasentia.com\/de\/wp-json\/wp\/v2\/product_cat?post=245145"},{"taxonomy":"product_tag","embeddable":true,"href":"https:\/\/aromasentia.com\/de\/wp-json\/wp\/v2\/product_tag?post=245145"}],"curies":[{"name":"wp","href":"https:\/\/api.w.org\/{rel}","templated":true}]}}