{"id":245137,"date":"2025-03-20T14:30:57","date_gmt":"2025-03-20T14:30:57","guid":{"rendered":"https:\/\/aromasentia.com\/product\/tangerine-ylang-patchouli-hand-body-lotion-250ml-unlabelled\/"},"modified":"2025-06-28T21:38:01","modified_gmt":"2025-06-28T21:38:01","slug":"mandarine-ylang-patchouli-hand-koerperlotion-250ml-ohne-etikett","status":"publish","type":"product","link":"https:\/\/aromasentia.com\/de\/mandarine-ylang-patchouli-hand-koerperlotion-250ml-ohne-etikett\/","title":{"rendered":"Mandarine, Ylang &#038; Patchouli Hand &#038; K\u00f6rperlotion 250ml &#8211; Ohne Etikett"},"content":{"rendered":"<p>Finden Sie Ihr Gleichgewicht mit unserer Tangerine, Ylang Ylang &#038; Patchouli Hand &#038; Body Lotion. Diese Lotion ohne Etikett (250 ml) bietet eine komplexe, harmonische Mischung: s\u00fc\u00dfe, belebende Mandarine verschmilzt mit der exotischen, blumigen F\u00fclle von Ylang Ylang, die von den tiefen, erdigen Noten von Patchouli untermalt wird. Dieser bezaubernde Duft beruhigt den Geist, w\u00e4hrend die Lotion selbst die Haut tiefenwirksam pflegt und sie weich, hydratisiert und wunderbar duftend macht. Eine perfekte t\u00e4gliche Feuchtigkeitspflege, die ein Gef\u00fchl der Ruhe und des sinnlichen Wohlbefindens vermittelt.<\/p>\n","protected":false},"excerpt":{"rendered":"<p>Finden Sie Ihr Gleichgewicht mit unserer Tangerine, Ylang Ylang &#038; Patchouli Hand &#038; Body Lotion. Diese Lotion ohne Etikett (250 ml) bietet eine komplexe, harmonische Mischung: s\u00fc\u00dfe, belebende Mandarine verschmilzt mit der exotischen, blumigen F\u00fclle von Ylang Ylang, die von den tiefen, erdigen Noten von Patchouli untermalt wird. Dieser bezaubernde Duft beruhigt den Geist, w\u00e4hrend [&hellip;]<\/p>\n","protected":false},"featured_media":255325,"comment_status":"closed","ping_status":"open","template":"","meta":{"_angie_page":false},"product_brand":[],"product_cat":[16455,26833,25841,26826,26331,26401,26444],"product_tag":[],"class_list":{"0":"post-245137","1":"product","2":"type-product","3":"status-publish","4":"has-post-thumbnail","6":"product_cat-aromatherapie-und-raumdufte","7":"product_cat-blumig","8":"product_cat-dufte-aromen","9":"product_cat-erdig-grun","10":"product_cat-patschuli","11":"product_cat-tangerine","12":"product_cat-ylang-ylang","13":"pa_collection-aromatherapy-hand-body-lotion-unlabeled-de","14":"pa_made-in-vereinigtes-koenigreich","15":"pa_size-250ml","17":"first","18":"outofstock","19":"purchasable","20":"product-type-simple"},"supplier_id":null,"supplier_sku":"AHBLUL-02DS","barcode":null,"atum_controlled":true,"out_stock_date":"2026-04-25 15:11:39","out_stock_threshold":null,"inheritable":false,"inbound_stock":null,"stock_on_hold":0,"sold_today":0,"sales_last_days":0,"reserved_stock":null,"customer_returns":null,"warehouse_damage":null,"lost_in_post":null,"other_logs":null,"out_stock_days":0,"lost_sales":0,"has_location":null,"update_date":"2026-04-27T06:50:01","atum_locations":[],"atum_stock_status":"outofstock","restock_status":false,"low_stock_amount":"","sales_update_date":"2026-02-06T00:01:18","calc_backorders":null,"_links":{"self":[{"href":"https:\/\/aromasentia.com\/de\/wp-json\/wp\/v2\/product\/245137","targetHints":{"allow":["GET"]}}],"collection":[{"href":"https:\/\/aromasentia.com\/de\/wp-json\/wp\/v2\/product"}],"about":[{"href":"https:\/\/aromasentia.com\/de\/wp-json\/wp\/v2\/types\/product"}],"replies":[{"embeddable":true,"href":"https:\/\/aromasentia.com\/de\/wp-json\/wp\/v2\/comments?post=245137"}],"version-history":[{"count":0,"href":"https:\/\/aromasentia.com\/de\/wp-json\/wp\/v2\/product\/245137\/revisions"}],"wp:featuredmedia":[{"embeddable":true,"href":"https:\/\/aromasentia.com\/de\/wp-json\/wp\/v2\/media\/255325"}],"wp:attachment":[{"href":"https:\/\/aromasentia.com\/de\/wp-json\/wp\/v2\/media?parent=245137"}],"wp:term":[{"taxonomy":"product_brand","embeddable":true,"href":"https:\/\/aromasentia.com\/de\/wp-json\/wp\/v2\/product_brand?post=245137"},{"taxonomy":"product_cat","embeddable":true,"href":"https:\/\/aromasentia.com\/de\/wp-json\/wp\/v2\/product_cat?post=245137"},{"taxonomy":"product_tag","embeddable":true,"href":"https:\/\/aromasentia.com\/de\/wp-json\/wp\/v2\/product_tag?post=245137"}],"curies":[{"name":"wp","href":"https:\/\/api.w.org\/{rel}","templated":true}]}}