{"id":245113,"date":"2025-03-20T14:30:57","date_gmt":"2025-03-20T14:30:57","guid":{"rendered":"https:\/\/aromasentia.com\/product\/aromatherapy-jewellery-necklace-flower-of-life-30mm\/"},"modified":"2025-12-30T20:47:45","modified_gmt":"2025-12-30T20:47:45","slug":"aroma-diffusor-halskette-blume-des-lebens-30mm","status":"publish","type":"product","link":"https:\/\/aromasentia.com\/de\/aroma-diffusor-halskette-blume-des-lebens-30mm\/","title":{"rendered":"Aroma Diffusor Halskette &#8211; Blume des Lebens 30mm"},"content":{"rendered":"<p>Mit dieser <strong>Aromatherapie-Diffusor-Halskette \u2013 Blume des Lebens 30 mm<\/strong> k\u00f6nnen Sie Ihr liebstes \u00e4therisches \u00d6l oder eine unserer speziellen Mischungen \u00fcberallhin mitnehmen und gleichzeitig die positive Wirkung auf die Gesundheit genie\u00dfen. Jedes Medaillon enth\u00e4lt ein kleines Pad, das einige Tropfen \u00d6l enth\u00e4lt, die langsam durch die Bel\u00fcftungsl\u00f6cher auf der Vorderseite diffundieren. Der Duft Ihres \u00d6ls kann mehrere Tage anhalten, Sie k\u00f6nnen das Pad jedoch jederzeit wieder mit \u00d6l auff\u00fcllen, nachdem das \u00d6l vollst\u00e4ndig diffundiert ist.<\/p>\n<p>Medaillons sind in zwei Gr\u00f6\u00dfen erh\u00e4ltlich: 25 mm und 30 mm Durchmesser und 5 mm Dicke. Sie bestehen aus rostfreiem Stahl, damit die \u00d6le das Metall mit der Zeit nicht anlaufen oder zersetzen. Jede Halskette wird mit 10 Pads in verschiedenen Farben geliefert.<\/p>\n<p>Die R\u00fcckseite des Medaillons ist massiv und kann \u00fcber einen kleinen Schlitz auf der rechten Seite ge\u00f6ffnet werden, der mit einem starken Magnetverschluss zusammengehalten wird.&nbsp;<\/p>\n<p>Beeilen Sie sich also und bestellen Sie noch heute diese atemberaubende Auswahl an Halsketten, w\u00e4hlen Sie Ihre \u00e4therischen \u00d6le oder Mischungen und genie\u00dfen Sie die ultimative tragbare Aromatherapie.<\/p>\n","protected":false},"excerpt":{"rendered":"<p>Mit dieser Aromatherapie-Diffusor-Halskette \u2013 Blume des Lebens 30 mm k\u00f6nnen Sie Ihr liebstes \u00e4therisches \u00d6l oder eine unserer speziellen Mischungen \u00fcberallhin mitnehmen und gleichzeitig die positive Wirkung auf die Gesundheit genie\u00dfen. Jedes Medaillon enth\u00e4lt ein kleines Pad, das einige Tropfen \u00d6l enth\u00e4lt, die langsam durch die Bel\u00fcftungsl\u00f6cher auf der Vorderseite diffundieren. Der Duft Ihres \u00d6ls [&hellip;]<\/p>\n","protected":false},"featured_media":256912,"comment_status":"closed","ping_status":"open","template":"","meta":{"_angie_page":false},"product_brand":[],"product_cat":[16455,23649,25217],"product_tag":[],"class_list":{"0":"post-245113","1":"product","2":"type-product","3":"status-publish","4":"has-post-thumbnail","6":"product_cat-aromatherapie-und-raumdufte","7":"product_cat-atherische-ole","8":"product_cat-halsketten-anhaenger","9":"pa_collection-aromatherapy-jewellery-necklaces-and-bracelets-de","10":"pa_made-in-china","12":"first","13":"instock","14":"purchasable","15":"product-type-simple"},"supplier_id":null,"supplier_sku":"AromaJ-09","barcode":null,"atum_controlled":true,"out_stock_date":null,"out_stock_threshold":null,"inheritable":false,"inbound_stock":0,"stock_on_hold":0,"sold_today":0,"sales_last_days":0,"reserved_stock":0,"customer_returns":0,"warehouse_damage":0,"lost_in_post":0,"other_logs":0,"out_stock_days":0,"lost_sales":0,"has_location":false,"update_date":"2026-04-27T06:50:34","atum_locations":[],"atum_stock_status":"instock","restock_status":false,"low_stock_amount":"","sales_update_date":"2026-02-06T00:01:58","calc_backorders":null,"_links":{"self":[{"href":"https:\/\/aromasentia.com\/de\/wp-json\/wp\/v2\/product\/245113","targetHints":{"allow":["GET"]}}],"collection":[{"href":"https:\/\/aromasentia.com\/de\/wp-json\/wp\/v2\/product"}],"about":[{"href":"https:\/\/aromasentia.com\/de\/wp-json\/wp\/v2\/types\/product"}],"replies":[{"embeddable":true,"href":"https:\/\/aromasentia.com\/de\/wp-json\/wp\/v2\/comments?post=245113"}],"version-history":[{"count":0,"href":"https:\/\/aromasentia.com\/de\/wp-json\/wp\/v2\/product\/245113\/revisions"}],"wp:featuredmedia":[{"embeddable":true,"href":"https:\/\/aromasentia.com\/de\/wp-json\/wp\/v2\/media\/256912"}],"wp:attachment":[{"href":"https:\/\/aromasentia.com\/de\/wp-json\/wp\/v2\/media?parent=245113"}],"wp:term":[{"taxonomy":"product_brand","embeddable":true,"href":"https:\/\/aromasentia.com\/de\/wp-json\/wp\/v2\/product_brand?post=245113"},{"taxonomy":"product_cat","embeddable":true,"href":"https:\/\/aromasentia.com\/de\/wp-json\/wp\/v2\/product_cat?post=245113"},{"taxonomy":"product_tag","embeddable":true,"href":"https:\/\/aromasentia.com\/de\/wp-json\/wp\/v2\/product_tag?post=245113"}],"curies":[{"name":"wp","href":"https:\/\/api.w.org\/{rel}","templated":true}]}}