{"id":245057,"date":"2025-03-20T14:33:05","date_gmt":"2025-03-20T14:33:05","guid":{"rendered":"https:\/\/aromasentia.com\/product\/soothing-essential-oil-blend-boxed-10ml\/"},"modified":"2025-12-30T20:47:30","modified_gmt":"2025-12-30T20:47:30","slug":"beruhigende-aetherische-oelmischung-10ml","status":"publish","type":"product","link":"https:\/\/aromasentia.com\/de\/beruhigende-aetherische-oelmischung-10ml\/","title":{"rendered":"Beruhigende \u00e4therische \u00d6lmischung &#8211; 10ml"},"content":{"rendered":"<p>G\u00f6nnen Sie sich ein wohltuendes Gef\u00fchl mit der <strong>beruhigenden \u00e4therischen \u00d6lmischung<\/strong>.&nbsp;<\/p>\n<p>Vernebelt hilft diese \u00d6lmischung, Spannungen zu l\u00f6sen und die Stimmung zu heben. Sie f\u00f6rdert Entspannung und ein tiefes Gef\u00fchl der Ruhe. Die wohltuende Mischung \u00e4therischer \u00d6le aus R\u00f6mischer Kamille, Salbei und Vetiver kann nach einem anstrengenden und stressigen Tag besonders wohltuend sein.<\/p>\n<p>Sie k\u00f6nnen mit diesem \u00d6l ein entspannendes Bad nehmen, ein paar Tropfen \u00d6l auf Ihre F\u00fc\u00dfe oder Handfl\u00e4chen geben oder Duftlampen verwenden, um das \u00d6l im Raum zu verteilen.&nbsp;<\/p>\n<p>Gut sch\u00fctteln und nach Belieben gro\u00dfz\u00fcgig auf Handgelenke oder Nacken auftragen. Da diese Produktreihe aus reinen \u00e4therischen \u00d6lmischungen f\u00fcr Menschen mit empfindlicher Haut besteht, empfehlen wir die Verd\u00fcnnung mit unseren Basis\u00f6len.<\/p>\n","protected":false},"excerpt":{"rendered":"<p>G\u00f6nnen Sie sich ein wohltuendes Gef\u00fchl mit der beruhigenden \u00e4therischen \u00d6lmischung.&nbsp; Vernebelt hilft diese \u00d6lmischung, Spannungen zu l\u00f6sen und die Stimmung zu heben. Sie f\u00f6rdert Entspannung und ein tiefes Gef\u00fchl der Ruhe. Die wohltuende Mischung \u00e4therischer \u00d6le aus R\u00f6mischer Kamille, Salbei und Vetiver kann nach einem anstrengenden und stressigen Tag besonders wohltuend sein. Sie k\u00f6nnen [&hellip;]<\/p>\n","protected":false},"featured_media":257823,"comment_status":"closed","ping_status":"open","template":"","meta":{"_angie_page":false},"product_brand":[],"product_cat":[16455,23649,26650],"product_tag":[],"class_list":{"0":"post-245057","1":"product","2":"type-product","3":"status-publish","4":"has-post-thumbnail","6":"product_cat-aromatherapie-und-raumdufte","7":"product_cat-atherische-ole","8":"product_cat-atherische-olmischungen","9":"pa_collection-premium-essential-oil-blends-de","10":"pa_made-in-indonesien","11":"pa_size-10ml","13":"first","14":"instock","15":"purchasable","16":"product-type-simple"},"supplier_id":null,"supplier_sku":"AWEBL-05","barcode":null,"atum_controlled":true,"out_stock_date":null,"out_stock_threshold":null,"inheritable":false,"inbound_stock":null,"stock_on_hold":0,"sold_today":0,"sales_last_days":0,"reserved_stock":null,"customer_returns":null,"warehouse_damage":null,"lost_in_post":null,"other_logs":null,"out_stock_days":0,"lost_sales":0,"has_location":null,"update_date":"2026-04-27T06:51:52","atum_locations":[],"atum_stock_status":"instock","restock_status":false,"low_stock_amount":"","sales_update_date":"2025-10-09T03:24:15","calc_backorders":null,"_links":{"self":[{"href":"https:\/\/aromasentia.com\/de\/wp-json\/wp\/v2\/product\/245057","targetHints":{"allow":["GET"]}}],"collection":[{"href":"https:\/\/aromasentia.com\/de\/wp-json\/wp\/v2\/product"}],"about":[{"href":"https:\/\/aromasentia.com\/de\/wp-json\/wp\/v2\/types\/product"}],"replies":[{"embeddable":true,"href":"https:\/\/aromasentia.com\/de\/wp-json\/wp\/v2\/comments?post=245057"}],"version-history":[{"count":0,"href":"https:\/\/aromasentia.com\/de\/wp-json\/wp\/v2\/product\/245057\/revisions"}],"wp:featuredmedia":[{"embeddable":true,"href":"https:\/\/aromasentia.com\/de\/wp-json\/wp\/v2\/media\/257823"}],"wp:attachment":[{"href":"https:\/\/aromasentia.com\/de\/wp-json\/wp\/v2\/media?parent=245057"}],"wp:term":[{"taxonomy":"product_brand","embeddable":true,"href":"https:\/\/aromasentia.com\/de\/wp-json\/wp\/v2\/product_brand?post=245057"},{"taxonomy":"product_cat","embeddable":true,"href":"https:\/\/aromasentia.com\/de\/wp-json\/wp\/v2\/product_cat?post=245057"},{"taxonomy":"product_tag","embeddable":true,"href":"https:\/\/aromasentia.com\/de\/wp-json\/wp\/v2\/product_tag?post=245057"}],"curies":[{"name":"wp","href":"https:\/\/api.w.org\/{rel}","templated":true}]}}