{"id":245049,"date":"2025-03-20T14:33:05","date_gmt":"2025-03-20T14:33:05","guid":{"rendered":"https:\/\/aromasentia.com\/product\/happiness-essential-oil-blend-boxed-10ml\/"},"modified":"2025-12-30T20:47:30","modified_gmt":"2025-12-30T20:47:30","slug":"glueck-aetherische-oelmischung-10ml","status":"publish","type":"product","link":"https:\/\/aromasentia.com\/de\/glueck-aetherische-oelmischung-10ml\/","title":{"rendered":"Gl\u00fcck \u00e4therische \u00d6lmischung &#8211; 10ml"},"content":{"rendered":"<p>Schaffen Sie Gl\u00fcck um sich herum und in sich mit der <strong>\u00c4therischen \u00d6lmischung Gl\u00fcck<\/strong>.&nbsp;<\/p>\n<p>Diese Mischung aus Bergamotte, Ylang Ylang und Grapefruit ist daf\u00fcr bekannt, Depressionen zu lindern, Liebeskummer zu lindern und kann auch als Aphrodisiakum wirken.<\/p>\n<p>Sie k\u00f6nnen mit diesem \u00d6l ein entspannendes Bad nehmen, ein paar Tropfen \u00d6l auf Ihre F\u00fc\u00dfe oder Handfl\u00e4chen geben oder Duftlampen verwenden, um das \u00d6l im Raum zu verteilen.&nbsp;<\/p>\n<p>Gut sch\u00fctteln und nach Belieben gro\u00dfz\u00fcgig auf Handgelenke oder Nacken auftragen. Da diese Produktreihe aus reinen \u00e4therischen \u00d6lmischungen f\u00fcr Menschen mit empfindlicher Haut besteht, empfehlen wir die Verd\u00fcnnung mit unseren Basis\u00f6len.<\/p>\n<p><\/p>\n","protected":false},"excerpt":{"rendered":"<p>Schaffen Sie Gl\u00fcck um sich herum und in sich mit der \u00c4therischen \u00d6lmischung Gl\u00fcck.&nbsp; Diese Mischung aus Bergamotte, Ylang Ylang und Grapefruit ist daf\u00fcr bekannt, Depressionen zu lindern, Liebeskummer zu lindern und kann auch als Aphrodisiakum wirken. Sie k\u00f6nnen mit diesem \u00d6l ein entspannendes Bad nehmen, ein paar Tropfen \u00d6l auf Ihre F\u00fc\u00dfe oder Handfl\u00e4chen [&hellip;]<\/p>\n","protected":false},"featured_media":257755,"comment_status":"closed","ping_status":"open","template":"","meta":[],"product_brand":[],"product_cat":[16455,23649,26650],"product_tag":[],"class_list":{"0":"post-245049","1":"product","2":"type-product","3":"status-publish","4":"has-post-thumbnail","6":"product_cat-aromatherapie-und-raumdufte","7":"product_cat-atherische-ole","8":"product_cat-atherische-olmischungen","9":"pa_collection-premium-essential-oil-blends-de","10":"pa_made-in-italien","11":"pa_size-10ml","13":"first","14":"instock","15":"purchasable","16":"product-type-simple"},"supplier_id":null,"supplier_sku":"AWEBL-03","barcode":null,"atum_controlled":true,"out_stock_date":null,"out_stock_threshold":null,"inheritable":false,"inbound_stock":null,"stock_on_hold":0,"sold_today":0,"sales_last_days":0,"reserved_stock":null,"customer_returns":null,"warehouse_damage":null,"lost_in_post":null,"other_logs":null,"out_stock_days":0,"lost_sales":0,"has_location":null,"update_date":"2026-02-10T10:28:29","atum_locations":[],"atum_stock_status":"instock","restock_status":false,"low_stock_amount":"","sales_update_date":"2025-10-09T03:24:15","calc_backorders":null,"_links":{"self":[{"href":"https:\/\/aromasentia.com\/de\/wp-json\/wp\/v2\/product\/245049","targetHints":{"allow":["GET"]}}],"collection":[{"href":"https:\/\/aromasentia.com\/de\/wp-json\/wp\/v2\/product"}],"about":[{"href":"https:\/\/aromasentia.com\/de\/wp-json\/wp\/v2\/types\/product"}],"replies":[{"embeddable":true,"href":"https:\/\/aromasentia.com\/de\/wp-json\/wp\/v2\/comments?post=245049"}],"version-history":[{"count":0,"href":"https:\/\/aromasentia.com\/de\/wp-json\/wp\/v2\/product\/245049\/revisions"}],"wp:featuredmedia":[{"embeddable":true,"href":"https:\/\/aromasentia.com\/de\/wp-json\/wp\/v2\/media\/257755"}],"wp:attachment":[{"href":"https:\/\/aromasentia.com\/de\/wp-json\/wp\/v2\/media?parent=245049"}],"wp:term":[{"taxonomy":"product_brand","embeddable":true,"href":"https:\/\/aromasentia.com\/de\/wp-json\/wp\/v2\/product_brand?post=245049"},{"taxonomy":"product_cat","embeddable":true,"href":"https:\/\/aromasentia.com\/de\/wp-json\/wp\/v2\/product_cat?post=245049"},{"taxonomy":"product_tag","embeddable":true,"href":"https:\/\/aromasentia.com\/de\/wp-json\/wp\/v2\/product_tag?post=245049"}],"curies":[{"name":"wp","href":"https:\/\/api.w.org\/{rel}","templated":true}]}}