{"id":245041,"date":"2025-03-20T14:33:05","date_gmt":"2025-03-20T14:33:05","guid":{"rendered":"https:\/\/aromasentia.com\/product\/energising-essential-oil-blend-boxed-10ml\/"},"modified":"2025-12-30T20:47:30","modified_gmt":"2025-12-30T20:47:30","slug":"energetisierende-aetherische-oelmischung-10ml","status":"publish","type":"product","link":"https:\/\/aromasentia.com\/de\/energetisierende-aetherische-oelmischung-10ml\/","title":{"rendered":"Energetisierende \u00e4therische \u00d6lmischung &#8211; 10ml"},"content":{"rendered":"<p>Schaffen Sie sich Energie f\u00fcr den Tag mit unserer <strong>energisierenden \u00e4therischen \u00d6lmischung<\/strong>.<\/p>\n<p>Unsere hochwertige \u00e4therische \u00d6lmischung mit einer wunderbar anregenden und erfrischenden Mischung aus Pfefferminze, Weihrauch und Zitrone revitalisiert Ihr Energieniveau w\u00e4hrend eines hektischen Tages. Bleiben Sie wachsam und bek\u00e4mpfen Sie M\u00fcdigkeit beim Autofahren, indem Sie ein paar Tropfen auf ein Taschentuch geben.<\/p>\n<p>Nehmen Sie vor dem Schlafengehen ein entspannendes Bad mit dieser \u00d6lmischung, geben Sie ein paar Tropfen \u00d6l auf Ihre F\u00fc\u00dfe oder Handfl\u00e4chen oder verwenden Sie Duftlampen, um das \u00d6l im Raum zu verteilen.<\/p>\n<p>Gut sch\u00fctteln und nach Belieben gro\u00dfz\u00fcgig auf Handgelenke oder Nacken auftragen. Da diese Produktreihe aus reinen \u00e4therischen \u00d6lmischungen f\u00fcr Menschen mit empfindlicher Haut besteht, empfehlen wir die Verd\u00fcnnung mit unseren Basis\u00f6len.<\/p>\n","protected":false},"excerpt":{"rendered":"<p>Schaffen Sie sich Energie f\u00fcr den Tag mit unserer energisierenden \u00e4therischen \u00d6lmischung. Unsere hochwertige \u00e4therische \u00d6lmischung mit einer wunderbar anregenden und erfrischenden Mischung aus Pfefferminze, Weihrauch und Zitrone revitalisiert Ihr Energieniveau w\u00e4hrend eines hektischen Tages. Bleiben Sie wachsam und bek\u00e4mpfen Sie M\u00fcdigkeit beim Autofahren, indem Sie ein paar Tropfen auf ein Taschentuch geben. Nehmen Sie [&hellip;]<\/p>\n","protected":false},"featured_media":257689,"comment_status":"closed","ping_status":"open","template":"","meta":{"_angie_page":false},"product_brand":[],"product_cat":[16455,23649,26650],"product_tag":[],"class_list":{"0":"post-245041","1":"product","2":"type-product","3":"status-publish","4":"has-post-thumbnail","6":"product_cat-aromatherapie-und-raumdufte","7":"product_cat-atherische-ole","8":"product_cat-atherische-olmischungen","9":"pa_collection-premium-essential-oil-blends-de","10":"pa_made-in-vereinigte-staaten","11":"pa_size-10ml","13":"first","14":"instock","15":"purchasable","16":"product-type-simple"},"supplier_id":null,"supplier_sku":"AWEBL-01","barcode":null,"atum_controlled":true,"out_stock_date":null,"out_stock_threshold":null,"inheritable":false,"inbound_stock":null,"stock_on_hold":0,"sold_today":0,"sales_last_days":0,"reserved_stock":null,"customer_returns":null,"warehouse_damage":null,"lost_in_post":null,"other_logs":null,"out_stock_days":0,"lost_sales":0,"has_location":null,"update_date":"2026-04-30T19:05:59","atum_locations":[],"atum_stock_status":"instock","restock_status":false,"low_stock_amount":"","sales_update_date":"2025-10-09T03:24:14","calc_backorders":null,"_links":{"self":[{"href":"https:\/\/aromasentia.com\/de\/wp-json\/wp\/v2\/product\/245041","targetHints":{"allow":["GET"]}}],"collection":[{"href":"https:\/\/aromasentia.com\/de\/wp-json\/wp\/v2\/product"}],"about":[{"href":"https:\/\/aromasentia.com\/de\/wp-json\/wp\/v2\/types\/product"}],"replies":[{"embeddable":true,"href":"https:\/\/aromasentia.com\/de\/wp-json\/wp\/v2\/comments?post=245041"}],"version-history":[{"count":0,"href":"https:\/\/aromasentia.com\/de\/wp-json\/wp\/v2\/product\/245041\/revisions"}],"wp:featuredmedia":[{"embeddable":true,"href":"https:\/\/aromasentia.com\/de\/wp-json\/wp\/v2\/media\/257689"}],"wp:attachment":[{"href":"https:\/\/aromasentia.com\/de\/wp-json\/wp\/v2\/media?parent=245041"}],"wp:term":[{"taxonomy":"product_brand","embeddable":true,"href":"https:\/\/aromasentia.com\/de\/wp-json\/wp\/v2\/product_brand?post=245041"},{"taxonomy":"product_cat","embeddable":true,"href":"https:\/\/aromasentia.com\/de\/wp-json\/wp\/v2\/product_cat?post=245041"},{"taxonomy":"product_tag","embeddable":true,"href":"https:\/\/aromasentia.com\/de\/wp-json\/wp\/v2\/product_tag?post=245041"}],"curies":[{"name":"wp","href":"https:\/\/api.w.org\/{rel}","templated":true}]}}