{"id":245021,"date":"2025-03-20T14:33:05","date_gmt":"2025-03-20T14:33:05","guid":{"rendered":"https:\/\/aromasentia.com\/product\/aromatherapy-jewellery-chain-bracelet-tree-of-life-20mm\/"},"modified":"2025-12-30T20:47:23","modified_gmt":"2025-12-30T20:47:23","slug":"aroma-diffusor-handgelenk-kette-baum-des-lebens-20mm","status":"publish","type":"product","link":"https:\/\/aromasentia.com\/de\/aroma-diffusor-handgelenk-kette-baum-des-lebens-20mm\/","title":{"rendered":"Aroma Diffusor Handgelenk Kette &#8211; Baum des Lebens &#8211; 20mm"},"content":{"rendered":"<p><strong><span style=\"color: rgb(75, 80, 88);\">Aromatherapie-Kettenarmband \u2013 Lebensbaum \u2013 20 mm<\/span><\/strong><span style=\"color: rgb(75, 80, 88);\">Erm\u00f6glicht Ihren Kunden, <strong>Ihr bevorzugtes \u00e4therisches \u00d6l<\/strong> oder eine unserer speziellen Mischungen \u00fcberallhin mitzunehmen und gleichzeitig die positiven gesundheitlichen Vorteile zu genie\u00dfen.<\/span><\/p>\n<p><span style=\"color: rgb(75, 80, 88);\">Jedes Medaillon enth\u00e4lt ein kleines Pad, das einige Tropfen \u00d6l enth\u00e4lt, die langsam durch die Bel\u00fcftungsl\u00f6cher auf der Vorderseite diffundieren. <strong>Der Duft Ihres \u00d6ls kann mehrere Tage anhalten<\/strong>, Sie k\u00f6nnen das Pad jedoch jederzeit mit mehr \u00d6l auff\u00fcllen, nachdem das \u00d6l vollst\u00e4ndig diffundiert ist.<\/span><\/p>\n","protected":false},"excerpt":{"rendered":"<p>Aromatherapie-Kettenarmband \u2013 Lebensbaum \u2013 20 mmErm\u00f6glicht Ihren Kunden, Ihr bevorzugtes \u00e4therisches \u00d6l oder eine unserer speziellen Mischungen \u00fcberallhin mitzunehmen und gleichzeitig die positiven gesundheitlichen Vorteile zu genie\u00dfen. Jedes Medaillon enth\u00e4lt ein kleines Pad, das einige Tropfen \u00d6l enth\u00e4lt, die langsam durch die Bel\u00fcftungsl\u00f6cher auf der Vorderseite diffundieren. Der Duft Ihres \u00d6ls kann mehrere Tage anhalten, [&hellip;]<\/p>\n","protected":false},"featured_media":257444,"comment_status":"closed","ping_status":"open","template":"","meta":{"_angie_page":false},"product_brand":[],"product_cat":[25210,16455],"product_tag":[],"class_list":{"0":"post-245021","1":"product","2":"type-product","3":"status-publish","4":"has-post-thumbnail","6":"product_cat-armbaender","7":"product_cat-aromatherapie-und-raumdufte","8":"pa_collection-aromatherapy-jewellery-necklaces-and-bracelets-de","9":"pa_made-in-china","11":"first","12":"instock","13":"purchasable","14":"product-type-simple"},"supplier_id":null,"supplier_sku":"AromaJ-21","barcode":null,"atum_controlled":true,"out_stock_date":null,"out_stock_threshold":null,"inheritable":false,"inbound_stock":null,"stock_on_hold":0,"sold_today":0,"sales_last_days":0,"reserved_stock":null,"customer_returns":null,"warehouse_damage":null,"lost_in_post":null,"other_logs":null,"out_stock_days":0,"lost_sales":0,"has_location":null,"update_date":"2026-04-27T06:50:39","atum_locations":[],"atum_stock_status":"instock","restock_status":false,"low_stock_amount":"","sales_update_date":"2025-10-09T03:23:28","calc_backorders":null,"_links":{"self":[{"href":"https:\/\/aromasentia.com\/de\/wp-json\/wp\/v2\/product\/245021","targetHints":{"allow":["GET"]}}],"collection":[{"href":"https:\/\/aromasentia.com\/de\/wp-json\/wp\/v2\/product"}],"about":[{"href":"https:\/\/aromasentia.com\/de\/wp-json\/wp\/v2\/types\/product"}],"replies":[{"embeddable":true,"href":"https:\/\/aromasentia.com\/de\/wp-json\/wp\/v2\/comments?post=245021"}],"version-history":[{"count":0,"href":"https:\/\/aromasentia.com\/de\/wp-json\/wp\/v2\/product\/245021\/revisions"}],"wp:featuredmedia":[{"embeddable":true,"href":"https:\/\/aromasentia.com\/de\/wp-json\/wp\/v2\/media\/257444"}],"wp:attachment":[{"href":"https:\/\/aromasentia.com\/de\/wp-json\/wp\/v2\/media?parent=245021"}],"wp:term":[{"taxonomy":"product_brand","embeddable":true,"href":"https:\/\/aromasentia.com\/de\/wp-json\/wp\/v2\/product_brand?post=245021"},{"taxonomy":"product_cat","embeddable":true,"href":"https:\/\/aromasentia.com\/de\/wp-json\/wp\/v2\/product_cat?post=245021"},{"taxonomy":"product_tag","embeddable":true,"href":"https:\/\/aromasentia.com\/de\/wp-json\/wp\/v2\/product_tag?post=245021"}],"curies":[{"name":"wp","href":"https:\/\/api.w.org\/{rel}","templated":true}]}}