{"id":245009,"date":"2025-03-20T14:33:05","date_gmt":"2025-03-20T14:33:05","guid":{"rendered":"https:\/\/aromasentia.com\/product\/aromatherapy-jewellery-necklace-hamsa-chakra-30mm\/"},"modified":"2025-12-30T20:47:23","modified_gmt":"2025-12-30T20:47:23","slug":"aroma-diffusor-halskette-hand-der-fatima-chakra-30mm","status":"publish","type":"product","link":"https:\/\/aromasentia.com\/de\/aroma-diffusor-halskette-hand-der-fatima-chakra-30mm\/","title":{"rendered":"Aroma Diffusor Halskette &#8211; Hand der Fatima Chakra &#8211; 30mm"},"content":{"rendered":"<p><strong><span style=\"color: rgb(75, 80, 88);\">Aromatherapie-Halskette \u2013 Hamsa-Chakra<\/span><\/strong><span style=\"color: rgb(75, 80, 88);\">Mit Diffusor-Halsketten k\u00f6nnen Ihre Kunden Ihr <strong>Lieblings-\u00e4therisches \u00d6l<\/strong> oder eine unserer speziellen Mischungen \u00fcberallhin mitnehmen und gleichzeitig die positiven gesundheitlichen Vorteile genie\u00dfen. Jedes Medaillon enth\u00e4lt ein kleines Pad, das einige Tropfen \u00d6l enth\u00e4lt, die langsam durch die Bel\u00fcftungsl\u00f6cher auf der Vorderseite diffundieren. <strong>Der Duft Ihres \u00d6ls kann mehrere Tage anhalten<\/strong>, Sie k\u00f6nnen das Pad jedoch jederzeit mit mehr \u00d6l auff\u00fcllen, nachdem das \u00d6l vollst\u00e4ndig diffundiert ist.<\/span><\/p>\n","protected":false},"excerpt":{"rendered":"<p>Aromatherapie-Halskette \u2013 Hamsa-ChakraMit Diffusor-Halsketten k\u00f6nnen Ihre Kunden Ihr Lieblings-\u00e4therisches \u00d6l oder eine unserer speziellen Mischungen \u00fcberallhin mitnehmen und gleichzeitig die positiven gesundheitlichen Vorteile genie\u00dfen. Jedes Medaillon enth\u00e4lt ein kleines Pad, das einige Tropfen \u00d6l enth\u00e4lt, die langsam durch die Bel\u00fcftungsl\u00f6cher auf der Vorderseite diffundieren. Der Duft Ihres \u00d6ls kann mehrere Tage anhalten, Sie k\u00f6nnen das [&hellip;]<\/p>\n","protected":false},"featured_media":257289,"comment_status":"closed","ping_status":"open","template":"","meta":{"_angie_page":false},"product_brand":[],"product_cat":[16455,25217],"product_tag":[],"class_list":{"0":"post-245009","1":"product","2":"type-product","3":"status-publish","4":"has-post-thumbnail","6":"product_cat-aromatherapie-und-raumdufte","7":"product_cat-halsketten-anhaenger","8":"pa_collection-aromatherapy-jewellery-necklaces-and-bracelets-de","9":"pa_made-in-china","11":"first","12":"instock","13":"purchasable","14":"product-type-simple"},"supplier_id":null,"supplier_sku":"AromaJ-18","barcode":null,"atum_controlled":true,"out_stock_date":null,"out_stock_threshold":null,"inheritable":false,"inbound_stock":null,"stock_on_hold":0,"sold_today":0,"sales_last_days":0,"reserved_stock":null,"customer_returns":null,"warehouse_damage":null,"lost_in_post":null,"other_logs":null,"out_stock_days":0,"lost_sales":0,"has_location":null,"update_date":"2026-04-27T06:50:34","atum_locations":[],"atum_stock_status":"instock","restock_status":false,"low_stock_amount":"","sales_update_date":"2026-01-30T01:25:57","calc_backorders":null,"_links":{"self":[{"href":"https:\/\/aromasentia.com\/de\/wp-json\/wp\/v2\/product\/245009","targetHints":{"allow":["GET"]}}],"collection":[{"href":"https:\/\/aromasentia.com\/de\/wp-json\/wp\/v2\/product"}],"about":[{"href":"https:\/\/aromasentia.com\/de\/wp-json\/wp\/v2\/types\/product"}],"replies":[{"embeddable":true,"href":"https:\/\/aromasentia.com\/de\/wp-json\/wp\/v2\/comments?post=245009"}],"version-history":[{"count":0,"href":"https:\/\/aromasentia.com\/de\/wp-json\/wp\/v2\/product\/245009\/revisions"}],"wp:featuredmedia":[{"embeddable":true,"href":"https:\/\/aromasentia.com\/de\/wp-json\/wp\/v2\/media\/257289"}],"wp:attachment":[{"href":"https:\/\/aromasentia.com\/de\/wp-json\/wp\/v2\/media?parent=245009"}],"wp:term":[{"taxonomy":"product_brand","embeddable":true,"href":"https:\/\/aromasentia.com\/de\/wp-json\/wp\/v2\/product_brand?post=245009"},{"taxonomy":"product_cat","embeddable":true,"href":"https:\/\/aromasentia.com\/de\/wp-json\/wp\/v2\/product_cat?post=245009"},{"taxonomy":"product_tag","embeddable":true,"href":"https:\/\/aromasentia.com\/de\/wp-json\/wp\/v2\/product_tag?post=245009"}],"curies":[{"name":"wp","href":"https:\/\/api.w.org\/{rel}","templated":true}]}}