{"id":244985,"date":"2025-03-20T14:33:05","date_gmt":"2025-03-20T14:33:05","guid":{"rendered":"https:\/\/aromasentia.com\/product\/luxury-lavender-wheat-bag-in-gift-box-butterfly-roses\/"},"modified":"2025-12-30T20:47:15","modified_gmt":"2025-12-30T20:47:15","slug":"luxus-weizensaeckchen-schmetterlinge-rosen","status":"publish","type":"product","link":"https:\/\/aromasentia.com\/de\/luxus-weizensaeckchen-schmetterlinge-rosen\/","title":{"rendered":"Luxus-Weizens\u00e4ckchen &#8211; Schmetterlinge &#038; Rosen"},"content":{"rendered":"<p><strong>Luxus-Lavendel-Weizenkissen \u2013 Schmetterling &#038; Rosen<\/strong> wird in einer stabilen Geschenkbox geliefert. Beachten Sie, wie die Kordelgriffe aus der Box herausragen.<\/p>\n<p>Weizen hat eine einzigartige Zellstruktur, die W\u00e4rme oder K\u00e4lte schnell aufnehmen und gleichm\u00e4\u00dfig wieder abgeben kann. Dies hilft bei Beschwerden wie Arthritis, Menstruationsbeschwerden, Gelenkschmerzen usw. Lavendel ist bekannt f\u00fcr seine lindernde Wirkung bei Verspannungen und Schmerzen. Stellen Sie sich vor, wie entspannend diese Kombination wirkt. Eine ausgezeichnete und sichere Alternative zu W\u00e4rmflaschen.<\/p>\n<p>Diese verpackten Weizenkissen enthalten Weizen, Lavendelsamen und extra Lavendel\u00f6l.<\/p>\n","protected":false},"excerpt":{"rendered":"<p>Luxus-Lavendel-Weizenkissen \u2013 Schmetterling &#038; Rosen wird in einer stabilen Geschenkbox geliefert. Beachten Sie, wie die Kordelgriffe aus der Box herausragen. Weizen hat eine einzigartige Zellstruktur, die W\u00e4rme oder K\u00e4lte schnell aufnehmen und gleichm\u00e4\u00dfig wieder abgeben kann. Dies hilft bei Beschwerden wie Arthritis, Menstruationsbeschwerden, Gelenkschmerzen usw. Lavendel ist bekannt f\u00fcr seine lindernde Wirkung bei Verspannungen und [&hellip;]<\/p>\n","protected":false},"featured_media":258134,"comment_status":"closed","ping_status":"open","template":"","meta":{"_angie_page":false},"product_brand":[],"product_cat":[16455,26833,25841,26234,26370],"product_tag":[],"class_list":{"0":"post-244985","1":"product","2":"type-product","3":"status-publish","4":"has-post-thumbnail","6":"product_cat-aromatherapie-und-raumdufte","7":"product_cat-blumig","8":"product_cat-dufte-aromen","9":"product_cat-lavendel","10":"product_cat-rosen","11":"pa_collection-lavender-wheat-bags-de","12":"pa_made-in-china","14":"first","15":"instock","16":"purchasable","17":"product-type-simple"},"supplier_id":null,"supplier_sku":"AWHBL-03","barcode":null,"atum_controlled":true,"out_stock_date":null,"out_stock_threshold":null,"inheritable":false,"inbound_stock":null,"stock_on_hold":0,"sold_today":0,"sales_last_days":0,"reserved_stock":null,"customer_returns":null,"warehouse_damage":null,"lost_in_post":null,"other_logs":null,"out_stock_days":0,"lost_sales":0,"has_location":null,"update_date":"2026-04-27T06:52:28","atum_locations":[],"atum_stock_status":"instock","restock_status":false,"low_stock_amount":"","sales_update_date":"2026-01-20T05:14:05","calc_backorders":null,"_links":{"self":[{"href":"https:\/\/aromasentia.com\/de\/wp-json\/wp\/v2\/product\/244985","targetHints":{"allow":["GET"]}}],"collection":[{"href":"https:\/\/aromasentia.com\/de\/wp-json\/wp\/v2\/product"}],"about":[{"href":"https:\/\/aromasentia.com\/de\/wp-json\/wp\/v2\/types\/product"}],"replies":[{"embeddable":true,"href":"https:\/\/aromasentia.com\/de\/wp-json\/wp\/v2\/comments?post=244985"}],"version-history":[{"count":0,"href":"https:\/\/aromasentia.com\/de\/wp-json\/wp\/v2\/product\/244985\/revisions"}],"wp:featuredmedia":[{"embeddable":true,"href":"https:\/\/aromasentia.com\/de\/wp-json\/wp\/v2\/media\/258134"}],"wp:attachment":[{"href":"https:\/\/aromasentia.com\/de\/wp-json\/wp\/v2\/media?parent=244985"}],"wp:term":[{"taxonomy":"product_brand","embeddable":true,"href":"https:\/\/aromasentia.com\/de\/wp-json\/wp\/v2\/product_brand?post=244985"},{"taxonomy":"product_cat","embeddable":true,"href":"https:\/\/aromasentia.com\/de\/wp-json\/wp\/v2\/product_cat?post=244985"},{"taxonomy":"product_tag","embeddable":true,"href":"https:\/\/aromasentia.com\/de\/wp-json\/wp\/v2\/product_tag?post=244985"}],"curies":[{"name":"wp","href":"https:\/\/api.w.org\/{rel}","templated":true}]}}