{"id":244965,"date":"2025-03-20T14:35:19","date_gmt":"2025-03-20T14:35:19","guid":{"rendered":"https:\/\/aromasentia.com\/product\/jojoba-oil-100ml\/"},"modified":"2025-12-30T20:47:15","modified_gmt":"2025-12-30T20:47:15","slug":"jojobaoel-100ml-basisoel","status":"publish","type":"product","link":"https:\/\/aromasentia.com\/de\/jojobaoel-100ml-basisoel\/","title":{"rendered":"Jojoba\u00f6l &#8211; 100ml Basis\u00f6l"},"content":{"rendered":"<p><strong>Botanischer Name: <\/strong>Simmondsia Chinensis<\/p>\n<p><strong>Andere Namen: <\/strong>Buxus Chinensis, Hirschnuss, Ziegennuss, Huile de Jojoba, Pignut, Simmondsia Californica.<\/p>\n<p><strong>Herkunft: <\/strong>Die Jojobapflanze w\u00e4chst in den W\u00fcsten Nord- und Mittelamerikas.<\/p>\n<p><strong>Farbe und Geruch:<\/strong> Jojoba\u00f6l hat eine goldene Farbe und einen leicht erdigen Geruch.<\/p>\n<p><strong>Textur: <\/strong>Jojoba\u00f6l ist ein leichtes \u00d6l mit einer dicken, wachsartigen Textur.<\/p>\n<p>Jojoba\u00f6l hat viele positive Wirkungen. Das \u00d6l hat entz\u00fcndungshemmende Eigenschaften und soll gut bei Arthritis wirken. Es ist au\u00dferdem gut f\u00fcr die Haut und wirkt sich positiv auf Ekzeme, trockene Haut, Sonnenbrand, Schuppenflechte und rissige Haut aus.<\/p>\n<p>Jojoba\u00f6l spendet unserer Haut und unserem Haar Feuchtigkeit, wenn unser K\u00f6rper dies nicht mehr auf nat\u00fcrliche Weise tut. Es eignet sich perfekt zum Entfernen von Schmutz, Make-up und Bakterien aus Ihrem Gesicht.<\/p>\n<p>Jojoba\u00f6l beugt Rasurbrand vor, da die wachsartige Textur Schnittwunden und Rasurbrand verhindert.<\/p>\n","protected":false},"excerpt":{"rendered":"<p>Botanischer Name: Simmondsia Chinensis Andere Namen: Buxus Chinensis, Hirschnuss, Ziegennuss, Huile de Jojoba, Pignut, Simmondsia Californica. Herkunft: Die Jojobapflanze w\u00e4chst in den W\u00fcsten Nord- und Mittelamerikas. Farbe und Geruch: Jojoba\u00f6l hat eine goldene Farbe und einen leicht erdigen Geruch. Textur: Jojoba\u00f6l ist ein leichtes \u00d6l mit einer dicken, wachsartigen Textur. Jojoba\u00f6l hat viele positive Wirkungen. [&hellip;]<\/p>\n","protected":false},"featured_media":258976,"comment_status":"closed","ping_status":"open","template":"","meta":{"_angie_page":false},"product_brand":[27090],"product_cat":[16455,23929],"product_tag":[],"class_list":{"0":"post-244965","1":"product","2":"type-product","3":"status-publish","4":"has-post-thumbnail","6":"product_brand-ancient-wisdom","7":"product_cat-aromatherapie-und-raumdufte","8":"product_cat-basisole","9":"pa_collection-base-oils-de","10":"pa_size-100ml","12":"first","13":"instock","14":"purchasable","15":"product-type-simple"},"supplier_id":null,"supplier_sku":"BO-03","barcode":null,"atum_controlled":true,"out_stock_date":null,"out_stock_threshold":null,"inheritable":false,"inbound_stock":null,"stock_on_hold":0,"sold_today":0,"sales_last_days":0,"reserved_stock":null,"customer_returns":null,"warehouse_damage":null,"lost_in_post":null,"other_logs":null,"out_stock_days":0,"lost_sales":0,"has_location":null,"update_date":"2026-04-27T06:55:16","atum_locations":[],"atum_stock_status":"instock","restock_status":false,"low_stock_amount":"","sales_update_date":"2025-10-09T03:26:37","calc_backorders":null,"_links":{"self":[{"href":"https:\/\/aromasentia.com\/de\/wp-json\/wp\/v2\/product\/244965","targetHints":{"allow":["GET"]}}],"collection":[{"href":"https:\/\/aromasentia.com\/de\/wp-json\/wp\/v2\/product"}],"about":[{"href":"https:\/\/aromasentia.com\/de\/wp-json\/wp\/v2\/types\/product"}],"replies":[{"embeddable":true,"href":"https:\/\/aromasentia.com\/de\/wp-json\/wp\/v2\/comments?post=244965"}],"version-history":[{"count":0,"href":"https:\/\/aromasentia.com\/de\/wp-json\/wp\/v2\/product\/244965\/revisions"}],"wp:featuredmedia":[{"embeddable":true,"href":"https:\/\/aromasentia.com\/de\/wp-json\/wp\/v2\/media\/258976"}],"wp:attachment":[{"href":"https:\/\/aromasentia.com\/de\/wp-json\/wp\/v2\/media?parent=244965"}],"wp:term":[{"taxonomy":"product_brand","embeddable":true,"href":"https:\/\/aromasentia.com\/de\/wp-json\/wp\/v2\/product_brand?post=244965"},{"taxonomy":"product_cat","embeddable":true,"href":"https:\/\/aromasentia.com\/de\/wp-json\/wp\/v2\/product_cat?post=244965"},{"taxonomy":"product_tag","embeddable":true,"href":"https:\/\/aromasentia.com\/de\/wp-json\/wp\/v2\/product_tag?post=244965"}],"curies":[{"name":"wp","href":"https:\/\/api.w.org\/{rel}","templated":true}]}}