{"id":244957,"date":"2025-03-20T14:35:19","date_gmt":"2025-03-20T14:35:19","guid":{"rendered":"https:\/\/aromasentia.com\/product\/grapeseed-oil-100ml\/"},"modified":"2025-12-30T20:47:15","modified_gmt":"2025-12-30T20:47:15","slug":"traubenkernoel-100ml-basisoel","status":"publish","type":"product","link":"https:\/\/aromasentia.com\/de\/traubenkernoel-100ml-basisoel\/","title":{"rendered":"Traubenkern\u00f6l &#8211; 100ml Basis\u00f6l"},"content":{"rendered":"<p><strong>Botanischer Name:<\/strong>&nbsp; Vitis Vinifera<\/p>\n<p><strong>Herkunft:<\/strong>&nbsp; Traubenkern\u00f6l oder Trauben\u00f6l stammt aus Spanien. Es kommt im Mittelmeerraum sowie in Asien vor und es wird angenommen, dass die Griechen die ersten waren, die Trauben wegen ihrer zahlreichen gesundheitsf\u00f6rdernden Wirkung konsumierten.<\/p>\n<p><strong>Farbe und Geruch:<\/strong>&nbsp; Die Farbe reicht von klar \u00fcber gelb bis hellgr\u00fcn. Hell. Leicht nussig und s\u00fc\u00df.<\/p>\n<p><strong>Textur:<\/strong> Traubenkern\u00f6l hat eine satinartige Textur.<\/p>\n<p>Enth\u00e4lt mehr Vitamin E als Oliven\u00f6l, Glavonoide wie oligomeres Procyanidin, Inolens\u00e4ure, \u00d6ls\u00e4ure, Omega-3-Fetts\u00e4uren, Omega-6-Fetts\u00e4uren, Omega-9-Fetts\u00e4uren, Palmitins\u00e4ure, Stearins\u00e4ure, Vitamin C, Vitamin E.<\/p>\n<p>Mit seiner d\u00fcnnen Konsistenz ist Traubenkern\u00f6l ein erstaunlich leichter Feuchtigkeitsspender. Es ist leichter als Kokosnuss\u00f6l und Jojoba\u00f6l.<\/p>\n<p>Wird als Feuchtigkeitsspender f\u00fcr feines Haar verwendet. Vor dem Shampoonieren k\u00f6nnen einige Tropfen auf die Haarstr\u00e4hnen aufgetragen werden.<br \/>Traubenkern\u00f6l ist reich an Vitamin C und hat daher hautaufhellende Eigenschaften. Reduziert auch Besenreiser.<\/p>\n<p>Traubenkern\u00f6l ist gut gegen Alterung. Es tr\u00e4gt zur Wiederherstellung von Kollagen bei, da es OPCs (oligomere Proanthocyanidine) enth\u00e4lt.<\/p>\n","protected":false},"excerpt":{"rendered":"<p>Botanischer Name:&nbsp; Vitis Vinifera Herkunft:&nbsp; Traubenkern\u00f6l oder Trauben\u00f6l stammt aus Spanien. Es kommt im Mittelmeerraum sowie in Asien vor und es wird angenommen, dass die Griechen die ersten waren, die Trauben wegen ihrer zahlreichen gesundheitsf\u00f6rdernden Wirkung konsumierten. Farbe und Geruch:&nbsp; Die Farbe reicht von klar \u00fcber gelb bis hellgr\u00fcn. Hell. Leicht nussig und s\u00fc\u00df. Textur: [&hellip;]<\/p>\n","protected":false},"featured_media":258958,"comment_status":"closed","ping_status":"open","template":"","meta":{"_angie_page":false},"product_brand":[27090],"product_cat":[16455,23929],"product_tag":[],"class_list":{"0":"post-244957","1":"product","2":"type-product","3":"status-publish","4":"has-post-thumbnail","6":"product_brand-ancient-wisdom","7":"product_cat-aromatherapie-und-raumdufte","8":"product_cat-basisole","9":"pa_collection-base-oils-de","10":"pa_made-in-spanien","11":"pa_size-100ml","13":"first","14":"instock","15":"purchasable","16":"product-type-simple"},"supplier_id":null,"supplier_sku":"BO-01","barcode":null,"atum_controlled":true,"out_stock_date":null,"out_stock_threshold":null,"inheritable":false,"inbound_stock":null,"stock_on_hold":0,"sold_today":0,"sales_last_days":0,"reserved_stock":null,"customer_returns":null,"warehouse_damage":null,"lost_in_post":null,"other_logs":null,"out_stock_days":0,"lost_sales":0,"has_location":null,"update_date":"2026-04-27T06:55:16","atum_locations":[],"atum_stock_status":"instock","restock_status":false,"low_stock_amount":"","sales_update_date":"2025-10-09T03:26:37","calc_backorders":null,"_links":{"self":[{"href":"https:\/\/aromasentia.com\/de\/wp-json\/wp\/v2\/product\/244957","targetHints":{"allow":["GET"]}}],"collection":[{"href":"https:\/\/aromasentia.com\/de\/wp-json\/wp\/v2\/product"}],"about":[{"href":"https:\/\/aromasentia.com\/de\/wp-json\/wp\/v2\/types\/product"}],"replies":[{"embeddable":true,"href":"https:\/\/aromasentia.com\/de\/wp-json\/wp\/v2\/comments?post=244957"}],"version-history":[{"count":0,"href":"https:\/\/aromasentia.com\/de\/wp-json\/wp\/v2\/product\/244957\/revisions"}],"wp:featuredmedia":[{"embeddable":true,"href":"https:\/\/aromasentia.com\/de\/wp-json\/wp\/v2\/media\/258958"}],"wp:attachment":[{"href":"https:\/\/aromasentia.com\/de\/wp-json\/wp\/v2\/media?parent=244957"}],"wp:term":[{"taxonomy":"product_brand","embeddable":true,"href":"https:\/\/aromasentia.com\/de\/wp-json\/wp\/v2\/product_brand?post=244957"},{"taxonomy":"product_cat","embeddable":true,"href":"https:\/\/aromasentia.com\/de\/wp-json\/wp\/v2\/product_cat?post=244957"},{"taxonomy":"product_tag","embeddable":true,"href":"https:\/\/aromasentia.com\/de\/wp-json\/wp\/v2\/product_tag?post=244957"}],"curies":[{"name":"wp","href":"https:\/\/api.w.org\/{rel}","templated":true}]}}