{"id":244949,"date":"2025-03-20T14:35:19","date_gmt":"2025-03-20T14:35:19","guid":{"rendered":"https:\/\/aromasentia.com\/product\/1-litre-beard-oil-spartan-hero-condition\/"},"modified":"2025-12-30T20:47:15","modified_gmt":"2025-12-30T20:47:15","slug":"beard-oil-spartan-hero-condition-1-litre","status":"publish","type":"product","link":"https:\/\/aromasentia.com\/de\/beard-oil-spartan-hero-condition-1-litre\/","title":{"rendered":"Beard Oil &#8211; Spartan Hero &#8211; Condition! 1 Litre"},"content":{"rendered":"<p>Pflegen Sie Ihren Bart zu legend\u00e4rer Weichheit mit unserem Spartan Hero Bart\u00f6l. Diese beeindruckende 1-Liter-Formel wurde f\u00fcr den Krieger entwickelt, der Spitzenleistungen verlangt. Mit seinem kr\u00e4ftigen, inspirierenden Duft dringt es tief in das Barthaar ein, um es intensiv mit Feuchtigkeit zu versorgen und es so zu b\u00e4ndigen, dass selbst der widerspenstigste Bartwuchs geb\u00e4ndigt wird. Es beruhigt die darunter liegende Haut, verhindert Schuppenbildung und Irritationen und sorgt daf\u00fcr, dass Ihr Bart wie ein Held aussieht und sich auch so anf\u00fchlt. Nutzen Sie die Kraft dieses Pflege\u00f6ls und tragen Sie Ihren Bart mit dem Selbstvertrauen eines wahren Spartaners.<\/p>\n","protected":false},"excerpt":{"rendered":"<p>Pflegen Sie Ihren Bart zu legend\u00e4rer Weichheit mit unserem Spartan Hero Bart\u00f6l. Diese beeindruckende 1-Liter-Formel wurde f\u00fcr den Krieger entwickelt, der Spitzenleistungen verlangt. Mit seinem kr\u00e4ftigen, inspirierenden Duft dringt es tief in das Barthaar ein, um es intensiv mit Feuchtigkeit zu versorgen und es so zu b\u00e4ndigen, dass selbst der widerspenstigste Bartwuchs geb\u00e4ndigt wird. Es [&hellip;]<\/p>\n","protected":false},"featured_media":258924,"comment_status":"closed","ping_status":"open","template":"","meta":{"_angie_page":false},"product_brand":[],"product_cat":[19448,25809,20553],"product_tag":[],"class_list":{"0":"post-244949","1":"product","2":"type-product","3":"status-publish","4":"has-post-thumbnail","6":"product_cat-bad-und-korper","7":"product_cat-bartole","8":"product_cat-haarpflege","9":"pa_collection-pure-and-natural-beard-oils-1-litre-de","10":"pa_made-in-vereinigtes-koenigreich","12":"first","13":"instock","14":"purchasable","15":"product-type-simple"},"supplier_id":null,"supplier_sku":"BeardoB-03","barcode":null,"atum_controlled":true,"out_stock_date":null,"out_stock_threshold":null,"inheritable":false,"inbound_stock":null,"stock_on_hold":0,"sold_today":0,"sales_last_days":0,"reserved_stock":null,"customer_returns":null,"warehouse_damage":null,"lost_in_post":null,"other_logs":null,"out_stock_days":0,"lost_sales":0,"has_location":null,"update_date":"2026-05-08T05:05:00","atum_locations":[],"atum_stock_status":"instock","restock_status":false,"low_stock_amount":"","sales_update_date":"2025-10-09T03:26:18","calc_backorders":null,"_links":{"self":[{"href":"https:\/\/aromasentia.com\/de\/wp-json\/wp\/v2\/product\/244949","targetHints":{"allow":["GET"]}}],"collection":[{"href":"https:\/\/aromasentia.com\/de\/wp-json\/wp\/v2\/product"}],"about":[{"href":"https:\/\/aromasentia.com\/de\/wp-json\/wp\/v2\/types\/product"}],"replies":[{"embeddable":true,"href":"https:\/\/aromasentia.com\/de\/wp-json\/wp\/v2\/comments?post=244949"}],"version-history":[{"count":0,"href":"https:\/\/aromasentia.com\/de\/wp-json\/wp\/v2\/product\/244949\/revisions"}],"wp:featuredmedia":[{"embeddable":true,"href":"https:\/\/aromasentia.com\/de\/wp-json\/wp\/v2\/media\/258924"}],"wp:attachment":[{"href":"https:\/\/aromasentia.com\/de\/wp-json\/wp\/v2\/media?parent=244949"}],"wp:term":[{"taxonomy":"product_brand","embeddable":true,"href":"https:\/\/aromasentia.com\/de\/wp-json\/wp\/v2\/product_brand?post=244949"},{"taxonomy":"product_cat","embeddable":true,"href":"https:\/\/aromasentia.com\/de\/wp-json\/wp\/v2\/product_cat?post=244949"},{"taxonomy":"product_tag","embeddable":true,"href":"https:\/\/aromasentia.com\/de\/wp-json\/wp\/v2\/product_tag?post=244949"}],"curies":[{"name":"wp","href":"https:\/\/api.w.org\/{rel}","templated":true}]}}