{"id":244937,"date":"2025-03-20T14:35:19","date_gmt":"2025-03-20T14:35:19","guid":{"rendered":"https:\/\/aromasentia.com\/product\/50ml-beard-oil-roman-gladiator-enhance\/"},"modified":"2025-12-30T20:47:08","modified_gmt":"2025-12-30T20:47:08","slug":"50ml-bartoel-roemischer-gladiator-verbessern","status":"publish","type":"product","link":"https:\/\/aromasentia.com\/de\/50ml-bartoel-roemischer-gladiator-verbessern\/","title":{"rendered":"50ml Bart\u00f6l &#8211; R\u00f6mischer Gladiator  &#8211; Verbessern!"},"content":{"rendered":"<p>Machen Sie eine Pause vom Fruchtigen und Blumigen und probieren Sie diesen <strong>reinen und doch exotischen Duft von Bart\u00f6l mit schwarzem Pfeffer und Bergamotte, sorgf\u00e4ltig gemischt mit Aprikosen-, Argan- und Vitamin-E-\u00d6l f\u00fcr den t\u00e4glichen Gebrauch.<\/strong><\/p>\n<p>In kleinen Chargen hergestellt und entwickelt, um das Wachstum von Stoppeln oder B\u00e4rten zu f\u00f6rdern.<\/p>\n<p>Bart\u00f6l macht grobes Haar weich und geschmeidig und erleichtert das Frisieren. Und hinter den Kulissen pflegt es die darunter liegende Haut und reduziert so das Risiko von Juckreiz oder Schuppen. Seien Sie versichert, Ihr Bart wird es Ihnen danken.<\/p>\n<p>Schwarzer Pfeffer soll reich an Vitamin A und C, Flavonoiden, Carotinoiden und anderen Antioxidantien sein. Dies stimuliert das Bartwachstum und profitiert gleichzeitig von den w\u00fcrzigen und exotischen T\u00f6nen dieses meistverkauften Bart\u00f6ls.<\/p>\n<p>Es ist alles gut und ganz nat\u00fcrlich, also werden Sie ein r\u00f6mischer Gladiator und versch\u00f6nern Sie Ihren Bart oder Stoppeln.<\/p>\n","protected":false},"excerpt":{"rendered":"<p>Machen Sie eine Pause vom Fruchtigen und Blumigen und probieren Sie diesen reinen und doch exotischen Duft von Bart\u00f6l mit schwarzem Pfeffer und Bergamotte, sorgf\u00e4ltig gemischt mit Aprikosen-, Argan- und Vitamin-E-\u00d6l f\u00fcr den t\u00e4glichen Gebrauch. In kleinen Chargen hergestellt und entwickelt, um das Wachstum von Stoppeln oder B\u00e4rten zu f\u00f6rdern. Bart\u00f6l macht grobes Haar weich [&hellip;]<\/p>\n","protected":false},"featured_media":258833,"comment_status":"closed","ping_status":"open","template":"","meta":{"_angie_page":false},"product_brand":[],"product_cat":[19448,25809,20553],"product_tag":[],"class_list":{"0":"post-244937","1":"product","2":"type-product","3":"status-publish","4":"has-post-thumbnail","6":"product_cat-bad-und-korper","7":"product_cat-bartole","8":"product_cat-haarpflege","9":"pa_collection-pure-and-natural-beard-oils-de","10":"pa_made-in-vereinigtes-koenigreich","11":"pa_size-50ml","13":"first","14":"instock","15":"purchasable","16":"product-type-simple"},"supplier_id":null,"supplier_sku":"BeardO-04","barcode":null,"atum_controlled":true,"out_stock_date":null,"out_stock_threshold":null,"inheritable":false,"inbound_stock":0,"stock_on_hold":0,"sold_today":0,"sales_last_days":0,"reserved_stock":0,"customer_returns":0,"warehouse_damage":0,"lost_in_post":0,"other_logs":0,"out_stock_days":0,"lost_sales":0,"has_location":false,"update_date":"2026-05-08T05:05:00","atum_locations":[],"atum_stock_status":"instock","restock_status":false,"low_stock_amount":"","sales_update_date":"2025-10-09T03:26:18","calc_backorders":null,"_links":{"self":[{"href":"https:\/\/aromasentia.com\/de\/wp-json\/wp\/v2\/product\/244937","targetHints":{"allow":["GET"]}}],"collection":[{"href":"https:\/\/aromasentia.com\/de\/wp-json\/wp\/v2\/product"}],"about":[{"href":"https:\/\/aromasentia.com\/de\/wp-json\/wp\/v2\/types\/product"}],"replies":[{"embeddable":true,"href":"https:\/\/aromasentia.com\/de\/wp-json\/wp\/v2\/comments?post=244937"}],"version-history":[{"count":0,"href":"https:\/\/aromasentia.com\/de\/wp-json\/wp\/v2\/product\/244937\/revisions"}],"wp:featuredmedia":[{"embeddable":true,"href":"https:\/\/aromasentia.com\/de\/wp-json\/wp\/v2\/media\/258833"}],"wp:attachment":[{"href":"https:\/\/aromasentia.com\/de\/wp-json\/wp\/v2\/media?parent=244937"}],"wp:term":[{"taxonomy":"product_brand","embeddable":true,"href":"https:\/\/aromasentia.com\/de\/wp-json\/wp\/v2\/product_brand?post=244937"},{"taxonomy":"product_cat","embeddable":true,"href":"https:\/\/aromasentia.com\/de\/wp-json\/wp\/v2\/product_cat?post=244937"},{"taxonomy":"product_tag","embeddable":true,"href":"https:\/\/aromasentia.com\/de\/wp-json\/wp\/v2\/product_tag?post=244937"}],"curies":[{"name":"wp","href":"https:\/\/api.w.org\/{rel}","templated":true}]}}