{"id":244933,"date":"2025-03-20T14:35:19","date_gmt":"2025-03-20T14:35:19","guid":{"rendered":"https:\/\/aromasentia.com\/product\/50ml-beard-oil-spartan-hero-condition\/"},"modified":"2025-12-30T20:47:08","modified_gmt":"2025-12-30T20:47:08","slug":"50ml-bartoel-spartanischer-held-pflegen","status":"publish","type":"product","link":"https:\/\/aromasentia.com\/de\/50ml-bartoel-spartanischer-held-pflegen\/","title":{"rendered":"50ml Bart\u00f6l &#8211; Spartanischer Held &#8211; Pflegen!"},"content":{"rendered":"<p>Einfach und nat\u00fcrlich: Dies ist ein superfeines <strong>Bart\u00f6l aus \u00e4therischen \u00d6len aus Patchouli, Limette und Zedernholz, sorgf\u00e4ltig gemischt mit Kokosnuss-, Avocado- und goldenem Jojoba\u00f6l f\u00fcr den t\u00e4glichen Gebrauch.<\/strong><\/p>\n<p>In kleinen Chargen hergestellt und entwickelt, um jeden Bart und Stoppeln zu pflegen.<\/p>\n<p>Bart\u00f6l macht grobes Haar weich und geschmeidig und erleichtert das Frisieren. Und hinter den Kulissen pflegt es die Haut darunter und reduziert so das Risiko von Juckreiz oder Schuppen. Ihr Bart wird es Ihnen danken.<\/p>\n<p>Leicht holziges, s\u00fc\u00dfes und w\u00fcrziges Patchouli mit einem Hauch von Zitrus, das sich in eine weiche Zedernholzbasis einf\u00fcgt. Herrlich!<\/p>\n<p><\/p>\n<p>Diese \u00d6lmischung soll die Haarfollikel weich machen und pflegen, um makellose Stoppeln und B\u00e4rte zu betonen.<\/p>\n","protected":false},"excerpt":{"rendered":"<p>Einfach und nat\u00fcrlich: Dies ist ein superfeines Bart\u00f6l aus \u00e4therischen \u00d6len aus Patchouli, Limette und Zedernholz, sorgf\u00e4ltig gemischt mit Kokosnuss-, Avocado- und goldenem Jojoba\u00f6l f\u00fcr den t\u00e4glichen Gebrauch. In kleinen Chargen hergestellt und entwickelt, um jeden Bart und Stoppeln zu pflegen. Bart\u00f6l macht grobes Haar weich und geschmeidig und erleichtert das Frisieren. Und hinter den [&hellip;]<\/p>\n","protected":false},"featured_media":258776,"comment_status":"closed","ping_status":"open","template":"","meta":{"_angie_page":false},"product_brand":[],"product_cat":[19448,25809,20553],"product_tag":[],"class_list":{"0":"post-244933","1":"product","2":"type-product","3":"status-publish","4":"has-post-thumbnail","6":"product_cat-bad-und-korper","7":"product_cat-bartole","8":"product_cat-haarpflege","9":"pa_collection-pure-and-natural-beard-oils-de","10":"pa_made-in-vereinigtes-koenigreich","11":"pa_size-50ml","13":"first","14":"instock","15":"purchasable","16":"product-type-simple"},"supplier_id":null,"supplier_sku":"BeardO-03","barcode":null,"atum_controlled":true,"out_stock_date":null,"out_stock_threshold":null,"inheritable":false,"inbound_stock":null,"stock_on_hold":0,"sold_today":0,"sales_last_days":0,"reserved_stock":null,"customer_returns":null,"warehouse_damage":null,"lost_in_post":null,"other_logs":null,"out_stock_days":0,"lost_sales":0,"has_location":null,"update_date":"2026-05-04T00:02:50","atum_locations":[],"atum_stock_status":"instock","restock_status":false,"low_stock_amount":"","sales_update_date":"2026-01-30T01:24:51","calc_backorders":null,"_links":{"self":[{"href":"https:\/\/aromasentia.com\/de\/wp-json\/wp\/v2\/product\/244933","targetHints":{"allow":["GET"]}}],"collection":[{"href":"https:\/\/aromasentia.com\/de\/wp-json\/wp\/v2\/product"}],"about":[{"href":"https:\/\/aromasentia.com\/de\/wp-json\/wp\/v2\/types\/product"}],"replies":[{"embeddable":true,"href":"https:\/\/aromasentia.com\/de\/wp-json\/wp\/v2\/comments?post=244933"}],"version-history":[{"count":0,"href":"https:\/\/aromasentia.com\/de\/wp-json\/wp\/v2\/product\/244933\/revisions"}],"wp:featuredmedia":[{"embeddable":true,"href":"https:\/\/aromasentia.com\/de\/wp-json\/wp\/v2\/media\/258776"}],"wp:attachment":[{"href":"https:\/\/aromasentia.com\/de\/wp-json\/wp\/v2\/media?parent=244933"}],"wp:term":[{"taxonomy":"product_brand","embeddable":true,"href":"https:\/\/aromasentia.com\/de\/wp-json\/wp\/v2\/product_brand?post=244933"},{"taxonomy":"product_cat","embeddable":true,"href":"https:\/\/aromasentia.com\/de\/wp-json\/wp\/v2\/product_cat?post=244933"},{"taxonomy":"product_tag","embeddable":true,"href":"https:\/\/aromasentia.com\/de\/wp-json\/wp\/v2\/product_tag?post=244933"}],"curies":[{"name":"wp","href":"https:\/\/api.w.org\/{rel}","templated":true}]}}