{"id":244857,"date":"2025-03-20T14:36:59","date_gmt":"2025-03-20T14:36:59","guid":{"rendered":"https:\/\/aromasentia.com\/product\/peach-kernel-oil-50ml\/"},"modified":"2025-12-30T20:46:52","modified_gmt":"2025-12-30T20:46:52","slug":"pfirsichkernoel-50ml","status":"publish","type":"product","link":"https:\/\/aromasentia.com\/de\/pfirsichkernoel-50ml\/","title":{"rendered":"Pfirsichkern\u00f6l &#8211; 50ml"},"content":{"rendered":"<p><strong>Botanischer Name:&nbsp;<\/strong>Prunus Persica&nbsp;<\/p>\n<p><strong>Andere Namen:&nbsp;<\/strong>Pfirsich\u00f6l<\/p>\n<p><strong>Herkunft:<\/strong> Spanien<\/p>\n<p><strong>Farbe und Geruch:<\/strong> Klares Hellgelb mit leichtem Geruch und mildem Geschmack<\/p>\n<p><strong>Textur:&nbsp;<\/strong>Pfirsichkern\u00f6l hat eine leichte Textur und zieht schnell ein&nbsp;<\/p>\n<p>Pfirsichkern\u00f6l kann zur Herstellung von Lotionen und Cremes verwendet werden, die perfekt f\u00fcr die Sommerhaut sind. Dieses feuchtigkeitsspendende \u00d6l pflegt die Haut hervorragend, ohne ein fettiges Gef\u00fchl zu hinterlassen.<\/p>\n<p>Unser Pfirsichkern-Basis\u00f6l wird sorgf\u00e4ltig ausgew\u00e4hlt, h\u00e4ufig nicht aus Prim\u00e4rquellen gekauft, auf Reinheit gepr\u00fcft und strengen Qualit\u00e4tskontrollstandards unterzogen.<br \/>Dieses Pfirsichkern-Basis\u00f6l wird aus aller Welt bezogen, stammt aus Spanien und wird im Kaltpressverfahren hergestellt.<\/p>\n","protected":false},"excerpt":{"rendered":"<p>Botanischer Name:&nbsp;Prunus Persica&nbsp; Andere Namen:&nbsp;Pfirsich\u00f6l Herkunft: Spanien Farbe und Geruch: Klares Hellgelb mit leichtem Geruch und mildem Geschmack Textur:&nbsp;Pfirsichkern\u00f6l hat eine leichte Textur und zieht schnell ein&nbsp; Pfirsichkern\u00f6l kann zur Herstellung von Lotionen und Cremes verwendet werden, die perfekt f\u00fcr die Sommerhaut sind. Dieses feuchtigkeitsspendende \u00d6l pflegt die Haut hervorragend, ohne ein fettiges Gef\u00fchl zu [&hellip;]<\/p>\n","protected":false},"featured_media":259191,"comment_status":"closed","ping_status":"open","template":"","meta":{"_angie_page":false},"product_brand":[27090],"product_cat":[16455,23929],"product_tag":[],"class_list":{"0":"post-244857","1":"product","2":"type-product","3":"status-publish","4":"has-post-thumbnail","6":"product_brand-ancient-wisdom","7":"product_cat-aromatherapie-und-raumdufte","8":"product_cat-basisole","9":"pa_made-in-italien","10":"pa_size-50ml","12":"first","13":"instock","14":"purchasable","15":"product-type-simple"},"supplier_id":null,"supplier_sku":"BOa-04","barcode":null,"atum_controlled":true,"out_stock_date":null,"out_stock_threshold":null,"inheritable":false,"inbound_stock":null,"stock_on_hold":0,"sold_today":0,"sales_last_days":0,"reserved_stock":null,"customer_returns":null,"warehouse_damage":null,"lost_in_post":null,"other_logs":null,"out_stock_days":0,"lost_sales":0,"has_location":null,"update_date":"2026-04-27T06:55:20","atum_locations":[],"atum_stock_status":"instock","restock_status":false,"low_stock_amount":"","sales_update_date":"2026-01-20T05:13:28","calc_backorders":null,"_links":{"self":[{"href":"https:\/\/aromasentia.com\/de\/wp-json\/wp\/v2\/product\/244857","targetHints":{"allow":["GET"]}}],"collection":[{"href":"https:\/\/aromasentia.com\/de\/wp-json\/wp\/v2\/product"}],"about":[{"href":"https:\/\/aromasentia.com\/de\/wp-json\/wp\/v2\/types\/product"}],"replies":[{"embeddable":true,"href":"https:\/\/aromasentia.com\/de\/wp-json\/wp\/v2\/comments?post=244857"}],"version-history":[{"count":0,"href":"https:\/\/aromasentia.com\/de\/wp-json\/wp\/v2\/product\/244857\/revisions"}],"wp:featuredmedia":[{"embeddable":true,"href":"https:\/\/aromasentia.com\/de\/wp-json\/wp\/v2\/media\/259191"}],"wp:attachment":[{"href":"https:\/\/aromasentia.com\/de\/wp-json\/wp\/v2\/media?parent=244857"}],"wp:term":[{"taxonomy":"product_brand","embeddable":true,"href":"https:\/\/aromasentia.com\/de\/wp-json\/wp\/v2\/product_brand?post=244857"},{"taxonomy":"product_cat","embeddable":true,"href":"https:\/\/aromasentia.com\/de\/wp-json\/wp\/v2\/product_cat?post=244857"},{"taxonomy":"product_tag","embeddable":true,"href":"https:\/\/aromasentia.com\/de\/wp-json\/wp\/v2\/product_tag?post=244857"}],"curies":[{"name":"wp","href":"https:\/\/api.w.org\/{rel}","templated":true}]}}