{"id":244841,"date":"2025-03-20T14:36:59","date_gmt":"2025-03-20T14:36:59","guid":{"rendered":"https:\/\/aromasentia.com\/product\/safflower-oil-100ml\/"},"modified":"2025-12-30T20:46:52","modified_gmt":"2025-12-30T20:46:52","slug":"disteloel-100ml","status":"publish","type":"product","link":"https:\/\/aromasentia.com\/de\/disteloel-100ml\/","title":{"rendered":"Distel\u00f6l &#8211; 100ml"},"content":{"rendered":"<p><strong>Botanischer Name:<\/strong>&nbsp;Carthamus Tinctorius<\/p>\n<p><strong>Herkunft:<\/strong>&nbsp;Australien<\/p>\n<p><strong>Haltbarkeit:<\/strong> &nbsp;1 Jahr<\/p>\n<p>Enth\u00e4lt 100 % nat\u00fcrliches, reines \u00d6l. Ideal zum Verd\u00fcnnen \u00e4therischer \u00d6le vor der Anwendung auf der Haut.<\/p>\n<p><strong>Nicht innerlich anwenden.<\/strong><\/p>\n","protected":false},"excerpt":{"rendered":"<p>Botanischer Name:&nbsp;Carthamus Tinctorius Herkunft:&nbsp;Australien Haltbarkeit: &nbsp;1 Jahr Enth\u00e4lt 100 % nat\u00fcrliches, reines \u00d6l. Ideal zum Verd\u00fcnnen \u00e4therischer \u00d6le vor der Anwendung auf der Haut. Nicht innerlich anwenden.<\/p>\n","protected":false},"featured_media":259147,"comment_status":"closed","ping_status":"open","template":"","meta":[],"product_brand":[27090],"product_cat":[16455,23929],"product_tag":[],"class_list":{"0":"post-244841","1":"product","2":"type-product","3":"status-publish","4":"has-post-thumbnail","6":"product_brand-ancient-wisdom","7":"product_cat-aromatherapie-und-raumdufte","8":"product_cat-basisole","9":"pa_collection-base-oils-de","10":"pa_made-in-australien","11":"pa_size-100ml","13":"first","14":"instock","15":"purchasable","16":"product-type-simple"},"supplier_id":null,"supplier_sku":"BO-24","barcode":null,"atum_controlled":true,"out_stock_date":null,"out_stock_threshold":null,"inheritable":false,"inbound_stock":null,"stock_on_hold":0,"sold_today":0,"sales_last_days":0,"reserved_stock":null,"customer_returns":null,"warehouse_damage":null,"lost_in_post":null,"other_logs":null,"out_stock_days":0,"lost_sales":0,"has_location":null,"update_date":"2026-02-02T17:47:29","atum_locations":[],"atum_stock_status":"instock","restock_status":false,"low_stock_amount":"","sales_update_date":"2026-01-30T01:26:39","calc_backorders":null,"_links":{"self":[{"href":"https:\/\/aromasentia.com\/de\/wp-json\/wp\/v2\/product\/244841","targetHints":{"allow":["GET"]}}],"collection":[{"href":"https:\/\/aromasentia.com\/de\/wp-json\/wp\/v2\/product"}],"about":[{"href":"https:\/\/aromasentia.com\/de\/wp-json\/wp\/v2\/types\/product"}],"replies":[{"embeddable":true,"href":"https:\/\/aromasentia.com\/de\/wp-json\/wp\/v2\/comments?post=244841"}],"version-history":[{"count":0,"href":"https:\/\/aromasentia.com\/de\/wp-json\/wp\/v2\/product\/244841\/revisions"}],"wp:featuredmedia":[{"embeddable":true,"href":"https:\/\/aromasentia.com\/de\/wp-json\/wp\/v2\/media\/259147"}],"wp:attachment":[{"href":"https:\/\/aromasentia.com\/de\/wp-json\/wp\/v2\/media?parent=244841"}],"wp:term":[{"taxonomy":"product_brand","embeddable":true,"href":"https:\/\/aromasentia.com\/de\/wp-json\/wp\/v2\/product_brand?post=244841"},{"taxonomy":"product_cat","embeddable":true,"href":"https:\/\/aromasentia.com\/de\/wp-json\/wp\/v2\/product_cat?post=244841"},{"taxonomy":"product_tag","embeddable":true,"href":"https:\/\/aromasentia.com\/de\/wp-json\/wp\/v2\/product_tag?post=244841"}],"curies":[{"name":"wp","href":"https:\/\/api.w.org\/{rel}","templated":true}]}}