{"id":244817,"date":"2025-03-20T14:36:59","date_gmt":"2025-03-20T14:36:59","guid":{"rendered":"https:\/\/aromasentia.com\/product\/hazelnut-oil-100ml\/"},"modified":"2025-12-30T20:46:44","modified_gmt":"2025-12-30T20:46:44","slug":"haselnussoel-100ml-basisoel","status":"publish","type":"product","link":"https:\/\/aromasentia.com\/de\/haselnussoel-100ml-basisoel\/","title":{"rendered":"Haselnuss\u00f6l &#8211; 100ml Basis\u00f6l"},"content":{"rendered":"<p><strong>Botanischer Name:<\/strong>&nbsp; Corylus Avellana<\/p>\n<p><strong>Herkunft:<\/strong> Die Echte Haselnuss wird auf dem gesamten europ\u00e4ischen und asiatischen Kontinent und dar\u00fcber hinaus angebaut. Sie wird haupts\u00e4chlich wegen ihrer N\u00fcsse angebaut, wird aber in Gro\u00dfbritannien und Europa seit Hunderten von Jahren auch als Heckenbepflanzung f\u00fcr Ackerland verwendet. Unser Haselnuss\u00f6l wird in der T\u00fcrkei hergestellt, dem weltgr\u00f6\u00dften Haselnussproduzenten.<\/p>\n<p>Haselnuss\u00f6l selbst ist ein Mehrzweck\u00f6l. Es enth\u00e4lt starke Antioxidantien und Mineralien, die bei gesch\u00e4digter und trockener Haut hilfreich sein k\u00f6nnen. Es ist ein beliebter Inhaltsstoff in der Sch\u00f6nheitskosmetik, da man glaubt, dass es Falten reduziert und vorzeitiger Hautalterung vorbeugt. Wird oft als Tr\u00e4ger\u00f6l f\u00fcr Aromatherapie, Massage\u00f6le, Feuchtigkeitscremes und Haarpflegeprodukte verwendet.&nbsp;<\/p>\n<p><strong>Farbe und Geruch:<\/strong>&nbsp; Blassgelbe Farbe mit mildem Duft<\/p>\n<p><strong>Textur:<\/strong>D\u00fcnn und glatt<\/p>\n<p>Dieses Haselnuss\u00f6l stammt aus aller Welt, aus der T\u00fcrkei und wird durch Kaltpressung gewonnen.<\/p>\n","protected":false},"excerpt":{"rendered":"<p>Botanischer Name:&nbsp; Corylus Avellana Herkunft: Die Echte Haselnuss wird auf dem gesamten europ\u00e4ischen und asiatischen Kontinent und dar\u00fcber hinaus angebaut. Sie wird haupts\u00e4chlich wegen ihrer N\u00fcsse angebaut, wird aber in Gro\u00dfbritannien und Europa seit Hunderten von Jahren auch als Heckenbepflanzung f\u00fcr Ackerland verwendet. Unser Haselnuss\u00f6l wird in der T\u00fcrkei hergestellt, dem weltgr\u00f6\u00dften Haselnussproduzenten. Haselnuss\u00f6l selbst [&hellip;]<\/p>\n","protected":false},"featured_media":259093,"comment_status":"closed","ping_status":"open","template":"","meta":{"_angie_page":false},"product_brand":[27090],"product_cat":[16455,23929],"product_tag":[],"class_list":{"0":"post-244817","1":"product","2":"type-product","3":"status-publish","4":"has-post-thumbnail","6":"product_brand-ancient-wisdom","7":"product_cat-aromatherapie-und-raumdufte","8":"product_cat-basisole","9":"pa_collection-base-oils-de","10":"pa_made-in-italien","11":"pa_size-100ml","13":"first","14":"instock","15":"purchasable","16":"product-type-simple"},"supplier_id":null,"supplier_sku":"BO-17","barcode":null,"atum_controlled":true,"out_stock_date":null,"out_stock_threshold":null,"inheritable":false,"inbound_stock":null,"stock_on_hold":0,"sold_today":0,"sales_last_days":0,"reserved_stock":null,"customer_returns":null,"warehouse_damage":null,"lost_in_post":null,"other_logs":null,"out_stock_days":0,"lost_sales":0,"has_location":null,"update_date":"2026-04-27T06:55:16","atum_locations":[],"atum_stock_status":"instock","restock_status":false,"low_stock_amount":"","sales_update_date":"2025-10-09T03:26:40","calc_backorders":null,"_links":{"self":[{"href":"https:\/\/aromasentia.com\/de\/wp-json\/wp\/v2\/product\/244817","targetHints":{"allow":["GET"]}}],"collection":[{"href":"https:\/\/aromasentia.com\/de\/wp-json\/wp\/v2\/product"}],"about":[{"href":"https:\/\/aromasentia.com\/de\/wp-json\/wp\/v2\/types\/product"}],"replies":[{"embeddable":true,"href":"https:\/\/aromasentia.com\/de\/wp-json\/wp\/v2\/comments?post=244817"}],"version-history":[{"count":0,"href":"https:\/\/aromasentia.com\/de\/wp-json\/wp\/v2\/product\/244817\/revisions"}],"wp:featuredmedia":[{"embeddable":true,"href":"https:\/\/aromasentia.com\/de\/wp-json\/wp\/v2\/media\/259093"}],"wp:attachment":[{"href":"https:\/\/aromasentia.com\/de\/wp-json\/wp\/v2\/media?parent=244817"}],"wp:term":[{"taxonomy":"product_brand","embeddable":true,"href":"https:\/\/aromasentia.com\/de\/wp-json\/wp\/v2\/product_brand?post=244817"},{"taxonomy":"product_cat","embeddable":true,"href":"https:\/\/aromasentia.com\/de\/wp-json\/wp\/v2\/product_cat?post=244817"},{"taxonomy":"product_tag","embeddable":true,"href":"https:\/\/aromasentia.com\/de\/wp-json\/wp\/v2\/product_tag?post=244817"}],"curies":[{"name":"wp","href":"https:\/\/api.w.org\/{rel}","templated":true}]}}