{"id":244801,"date":"2025-03-20T14:36:59","date_gmt":"2025-03-20T14:36:59","guid":{"rendered":"https:\/\/aromasentia.com\/product\/borage-oil-100ml\/"},"modified":"2025-12-30T20:46:44","modified_gmt":"2025-12-30T20:46:44","slug":"borretschoel-100ml-basisoel","status":"publish","type":"product","link":"https:\/\/aromasentia.com\/de\/borretschoel-100ml-basisoel\/","title":{"rendered":"Borretsch\u00f6l &#8211; 100ml Basis\u00f6l"},"content":{"rendered":"<p><strong>Botanischer Name:<\/strong>&nbsp; Borago Officinalis.<\/p>\n<p><strong>Herkunft:<\/strong> Die Borretschpflanze, auch Borretsch genannt, stammt urspr\u00fcnglich aus dem \u00f6stlichen Mittelmeerraum. Sie wird weltweit angebaut, vor allem in Europa und Nordamerika. Aus den Samen der Borretschpflanze wird \u00d6l gewonnen.<\/p>\n<p>Borretsch\u00f6l ist reich an Omega-6-Fetts\u00e4uren und gilt als wohltuend f\u00fcr trockene und gesch\u00e4digte Haut und kann Linderung bei verschiedenen chronischen Hauterkrankungen verschaffen. Es eignet sich hervorragend zur Verwendung mit \u00e4therischen \u00d6len und anderen Tr\u00e4ger\u00f6len. Wird als Zutat in Kosmetikprodukten wie Gesichtsseren und Feuchtigkeitscremes verwendet.<\/p>\n<p><strong>Farbe und Geruch:<\/strong> Goldgelbe Farbe mit sehr geringem Geruch.&nbsp;<\/p>\n<p><strong>Textur:<\/strong> Leicht dicke Textur.<\/p>\n<p>Unser Borretsch-Basis\u00f6l wird sorgf\u00e4ltig ausgew\u00e4hlt, h\u00e4ufig nicht aus Prim\u00e4rquellen gekauft, auf Reinheit gepr\u00fcft und strengen Qualit\u00e4tskontrollstandards unterzogen.<\/p>\n<p>Dieses Borretsch\u00f6l stammt aus aller Welt, stammt aus Europa und wird durch Kaltpressung gewonnen.<\/p>\n<p><\/p>\n","protected":false},"excerpt":{"rendered":"<p>Botanischer Name:&nbsp; Borago Officinalis. Herkunft: Die Borretschpflanze, auch Borretsch genannt, stammt urspr\u00fcnglich aus dem \u00f6stlichen Mittelmeerraum. Sie wird weltweit angebaut, vor allem in Europa und Nordamerika. Aus den Samen der Borretschpflanze wird \u00d6l gewonnen. Borretsch\u00f6l ist reich an Omega-6-Fetts\u00e4uren und gilt als wohltuend f\u00fcr trockene und gesch\u00e4digte Haut und kann Linderung bei verschiedenen chronischen Hauterkrankungen [&hellip;]<\/p>\n","protected":false},"featured_media":259057,"comment_status":"closed","ping_status":"open","template":"","meta":{"_angie_page":false},"product_brand":[27090],"product_cat":[16455,23929],"product_tag":[],"class_list":{"0":"post-244801","1":"product","2":"type-product","3":"status-publish","4":"has-post-thumbnail","6":"product_brand-ancient-wisdom","7":"product_cat-aromatherapie-und-raumdufte","8":"product_cat-basisole","9":"pa_collection-base-oils-de","10":"pa_made-in-china","11":"pa_size-100ml","13":"first","14":"instock","15":"purchasable","16":"product-type-simple"},"supplier_id":null,"supplier_sku":"BO-13","barcode":null,"atum_controlled":true,"out_stock_date":null,"out_stock_threshold":null,"inheritable":false,"inbound_stock":null,"stock_on_hold":0,"sold_today":0,"sales_last_days":0,"reserved_stock":null,"customer_returns":null,"warehouse_damage":null,"lost_in_post":null,"other_logs":null,"out_stock_days":72,"lost_sales":0,"has_location":null,"update_date":"2026-05-08T05:06:06","atum_locations":[],"atum_stock_status":"instock","restock_status":false,"low_stock_amount":"","sales_update_date":"2026-01-30T01:24:19","calc_backorders":null,"_links":{"self":[{"href":"https:\/\/aromasentia.com\/de\/wp-json\/wp\/v2\/product\/244801","targetHints":{"allow":["GET"]}}],"collection":[{"href":"https:\/\/aromasentia.com\/de\/wp-json\/wp\/v2\/product"}],"about":[{"href":"https:\/\/aromasentia.com\/de\/wp-json\/wp\/v2\/types\/product"}],"replies":[{"embeddable":true,"href":"https:\/\/aromasentia.com\/de\/wp-json\/wp\/v2\/comments?post=244801"}],"version-history":[{"count":0,"href":"https:\/\/aromasentia.com\/de\/wp-json\/wp\/v2\/product\/244801\/revisions"}],"wp:featuredmedia":[{"embeddable":true,"href":"https:\/\/aromasentia.com\/de\/wp-json\/wp\/v2\/media\/259057"}],"wp:attachment":[{"href":"https:\/\/aromasentia.com\/de\/wp-json\/wp\/v2\/media?parent=244801"}],"wp:term":[{"taxonomy":"product_brand","embeddable":true,"href":"https:\/\/aromasentia.com\/de\/wp-json\/wp\/v2\/product_brand?post=244801"},{"taxonomy":"product_cat","embeddable":true,"href":"https:\/\/aromasentia.com\/de\/wp-json\/wp\/v2\/product_cat?post=244801"},{"taxonomy":"product_tag","embeddable":true,"href":"https:\/\/aromasentia.com\/de\/wp-json\/wp\/v2\/product_tag?post=244801"}],"curies":[{"name":"wp","href":"https:\/\/api.w.org\/{rel}","templated":true}]}}