{"id":244797,"date":"2025-03-20T14:36:59","date_gmt":"2025-03-20T14:36:59","guid":{"rendered":"https:\/\/aromasentia.com\/product\/macadamia-oil-100ml\/"},"modified":"2025-12-30T20:46:44","modified_gmt":"2025-12-30T20:46:44","slug":"macadamianussoel-100ml-basisoel","status":"publish","type":"product","link":"https:\/\/aromasentia.com\/de\/macadamianussoel-100ml-basisoel\/","title":{"rendered":"Macadamianuss\u00f6l &#8211; 100ml Basis\u00f6l"},"content":{"rendered":"<p><strong>Botanischer Name:<\/strong> Macadamia Integrifolia.<\/p>\n<p><strong>Herkunft:<\/strong> Die Macadamiapflanze stammt urspr\u00fcnglich aus Australien und wird von den australischen Ureinwohnern seit vielen Jahren konsumiert und verarbeitet. Macadamia\u00f6l wird aus den reifen N\u00fcssen des Macadamiabaums gewonnen.<\/p>\n<p>Macadamia\u00f6l hat entz\u00fcndungshemmende und Anti-Aging-Eigenschaften, die Ihre Haut beruhigen und sch\u00fctzen k\u00f6nnen. Das \u00d6l ist reich an \u00d6ls\u00e4ure und anderen gesunden N\u00e4hrstoffen und gilt als unglaublich wohltuend f\u00fcr trockene und alternde Haut. Es wird f\u00fcr eine Vielzahl von Produkten in der Kosmetikindustrie verwendet, wie z. B. Cremes, Sonnencremes, Lotionen, Shampoos und Sp\u00fclungen. Es eignet sich perfekt zur Verwendung mit \u00e4therischen \u00d6len sowie f\u00fcr Massagen und Aromatherapie.<\/p>\n<p><strong>Farbe und Geruch:<\/strong> Klare goldgelbe Farbe und milder nussiger Geruch.<\/p>\n<p><strong>Textur:<\/strong> Hat eine leichte, aber dennoch reichhaltige Konsistenz.<\/p>\n<p>Unser Macadamia-Basis\u00f6l stammt aus Australien und wird im Kaltpressverfahren hergestellt.&nbsp;<\/p>\n<p><\/p>\n","protected":false},"excerpt":{"rendered":"<p>Botanischer Name: Macadamia Integrifolia. Herkunft: Die Macadamiapflanze stammt urspr\u00fcnglich aus Australien und wird von den australischen Ureinwohnern seit vielen Jahren konsumiert und verarbeitet. Macadamia\u00f6l wird aus den reifen N\u00fcssen des Macadamiabaums gewonnen. Macadamia\u00f6l hat entz\u00fcndungshemmende und Anti-Aging-Eigenschaften, die Ihre Haut beruhigen und sch\u00fctzen k\u00f6nnen. Das \u00d6l ist reich an \u00d6ls\u00e4ure und anderen gesunden N\u00e4hrstoffen und [&hellip;]<\/p>\n","protected":false},"featured_media":259048,"comment_status":"closed","ping_status":"open","template":"","meta":{"_angie_page":false},"product_brand":[27090],"product_cat":[16455,23929],"product_tag":[],"class_list":{"0":"post-244797","1":"product","2":"type-product","3":"status-publish","4":"has-post-thumbnail","6":"product_brand-ancient-wisdom","7":"product_cat-aromatherapie-und-raumdufte","8":"product_cat-basisole","9":"pa_collection-base-oils-de","10":"pa_made-in-spanien","11":"pa_size-100ml","13":"first","14":"instock","15":"purchasable","16":"product-type-simple"},"supplier_id":null,"supplier_sku":"BO-11","barcode":null,"atum_controlled":true,"out_stock_date":null,"out_stock_threshold":null,"inheritable":false,"inbound_stock":null,"stock_on_hold":0,"sold_today":0,"sales_last_days":0,"reserved_stock":null,"customer_returns":null,"warehouse_damage":null,"lost_in_post":null,"other_logs":null,"out_stock_days":0,"lost_sales":0,"has_location":null,"update_date":"2026-04-27T06:55:16","atum_locations":[],"atum_stock_status":"instock","restock_status":false,"low_stock_amount":"","sales_update_date":"2025-10-09T03:26:38","calc_backorders":null,"_links":{"self":[{"href":"https:\/\/aromasentia.com\/de\/wp-json\/wp\/v2\/product\/244797","targetHints":{"allow":["GET"]}}],"collection":[{"href":"https:\/\/aromasentia.com\/de\/wp-json\/wp\/v2\/product"}],"about":[{"href":"https:\/\/aromasentia.com\/de\/wp-json\/wp\/v2\/types\/product"}],"replies":[{"embeddable":true,"href":"https:\/\/aromasentia.com\/de\/wp-json\/wp\/v2\/comments?post=244797"}],"version-history":[{"count":0,"href":"https:\/\/aromasentia.com\/de\/wp-json\/wp\/v2\/product\/244797\/revisions"}],"wp:featuredmedia":[{"embeddable":true,"href":"https:\/\/aromasentia.com\/de\/wp-json\/wp\/v2\/media\/259048"}],"wp:attachment":[{"href":"https:\/\/aromasentia.com\/de\/wp-json\/wp\/v2\/media?parent=244797"}],"wp:term":[{"taxonomy":"product_brand","embeddable":true,"href":"https:\/\/aromasentia.com\/de\/wp-json\/wp\/v2\/product_brand?post=244797"},{"taxonomy":"product_cat","embeddable":true,"href":"https:\/\/aromasentia.com\/de\/wp-json\/wp\/v2\/product_cat?post=244797"},{"taxonomy":"product_tag","embeddable":true,"href":"https:\/\/aromasentia.com\/de\/wp-json\/wp\/v2\/product_tag?post=244797"}],"curies":[{"name":"wp","href":"https:\/\/api.w.org\/{rel}","templated":true}]}}