{"id":244793,"date":"2025-03-20T14:36:59","date_gmt":"2025-03-20T14:36:59","guid":{"rendered":"https:\/\/aromasentia.com\/product\/evening-primrose-oil-100ml\/"},"modified":"2025-12-30T20:46:44","modified_gmt":"2025-12-30T20:46:44","slug":"nachtkerzenoel-100ml-basisoel","status":"publish","type":"product","link":"https:\/\/aromasentia.com\/de\/nachtkerzenoel-100ml-basisoel\/","title":{"rendered":"Nachtkerzen\u00f6l &#8211; 100ml Basis\u00f6l"},"content":{"rendered":"<p><strong>Wissenschaftlicher Name:<\/strong> Oenothera Biennis<\/p>\n<p><strong>Herkunft:<\/strong> Die Nachtkerze, auch als Abendstern bekannt, ist eine zweij\u00e4hrige Pflanze, die in Nordamerika und anderen gem\u00e4\u00dfigten L\u00e4ndern heimisch ist. Unser Nachtkerzen\u00f6l wird in den Provinzen Chinas in gro\u00dfen Mengen aus den Samen der gelben Nachtkerzenpflanzen hergestellt. Die Pflanze hei\u00dft Nachtkerze, da sich ihre Bl\u00fcten nachts vollst\u00e4ndig \u00f6ffnen und am Morgen des n\u00e4chsten Tages wieder schlie\u00dfen. Man nimmt an, dass sie erstmals von den amerikanischen Ureinwohnern zur Wundheilung und aufgrund ihrer beruhigenden Eigenschaften verwendet wurde.<\/p>\n<p>Nachtkerzen\u00f6l ist reich an Omega-6- und &nbsp;Fetts\u00e4uren und hat entz\u00fcndungshemmende und schmerzlindernde Eigenschaften. Es f\u00f6rdert den Heilungsprozess und kann helfen, das Auftreten von Narben zu reduzieren und Entz\u00fcndungen zu lindern. Wird h\u00e4ufig in Kosmetika verwendet, um Haut, Kopfhaut und Haar zu beruhigen und mit Feuchtigkeit zu versorgen.<\/p>\n<p><strong>Farbe und Geruch:<\/strong> Hat eine hellgoldene Farbe und einen milden nussigen Duft.<\/p>\n<p><strong>Textur:<\/strong> Feine Textur.<\/p>\n<p>Unser Nachtkerzen-Basis\u00f6l wird sorgf\u00e4ltig ausgew\u00e4hlt, h\u00e4ufig nicht aus Prim\u00e4rquellen gekauft, auf Reinheit gepr\u00fcft und strengen Qualit\u00e4tskontrollstandards unterzogen.<\/p>\n<p>Dieses Nachtkerzen\u00f6l stammt aus aller Welt, stammt aus China und wird durch Kaltpressung hergestellt.<\/p>\n","protected":false},"excerpt":{"rendered":"<p>Wissenschaftlicher Name: Oenothera Biennis Herkunft: Die Nachtkerze, auch als Abendstern bekannt, ist eine zweij\u00e4hrige Pflanze, die in Nordamerika und anderen gem\u00e4\u00dfigten L\u00e4ndern heimisch ist. Unser Nachtkerzen\u00f6l wird in den Provinzen Chinas in gro\u00dfen Mengen aus den Samen der gelben Nachtkerzenpflanzen hergestellt. Die Pflanze hei\u00dft Nachtkerze, da sich ihre Bl\u00fcten nachts vollst\u00e4ndig \u00f6ffnen und am Morgen [&hellip;]<\/p>\n","protected":false},"featured_media":259039,"comment_status":"closed","ping_status":"open","template":"","meta":{"_angie_page":false},"product_brand":[27090],"product_cat":[16455,23929,26833,25841,26370],"product_tag":[],"class_list":{"0":"post-244793","1":"product","2":"type-product","3":"status-publish","4":"has-post-thumbnail","6":"product_brand-ancient-wisdom","7":"product_cat-aromatherapie-und-raumdufte","8":"product_cat-basisole","9":"product_cat-blumig","10":"product_cat-dufte-aromen","11":"product_cat-rosen","12":"pa_collection-base-oils-de","13":"pa_made-in-china","14":"pa_size-100ml","16":"first","17":"instock","18":"purchasable","19":"product-type-simple"},"supplier_id":null,"supplier_sku":"BO-10","barcode":null,"atum_controlled":true,"out_stock_date":null,"out_stock_threshold":null,"inheritable":false,"inbound_stock":null,"stock_on_hold":0,"sold_today":0,"sales_last_days":0,"reserved_stock":null,"customer_returns":null,"warehouse_damage":null,"lost_in_post":null,"other_logs":null,"out_stock_days":23,"lost_sales":0,"has_location":null,"update_date":"2026-05-08T05:06:06","atum_locations":[],"atum_stock_status":"instock","restock_status":false,"low_stock_amount":"","sales_update_date":"2026-01-30T01:24:24","calc_backorders":null,"_links":{"self":[{"href":"https:\/\/aromasentia.com\/de\/wp-json\/wp\/v2\/product\/244793","targetHints":{"allow":["GET"]}}],"collection":[{"href":"https:\/\/aromasentia.com\/de\/wp-json\/wp\/v2\/product"}],"about":[{"href":"https:\/\/aromasentia.com\/de\/wp-json\/wp\/v2\/types\/product"}],"replies":[{"embeddable":true,"href":"https:\/\/aromasentia.com\/de\/wp-json\/wp\/v2\/comments?post=244793"}],"version-history":[{"count":0,"href":"https:\/\/aromasentia.com\/de\/wp-json\/wp\/v2\/product\/244793\/revisions"}],"wp:featuredmedia":[{"embeddable":true,"href":"https:\/\/aromasentia.com\/de\/wp-json\/wp\/v2\/media\/259039"}],"wp:attachment":[{"href":"https:\/\/aromasentia.com\/de\/wp-json\/wp\/v2\/media?parent=244793"}],"wp:term":[{"taxonomy":"product_brand","embeddable":true,"href":"https:\/\/aromasentia.com\/de\/wp-json\/wp\/v2\/product_brand?post=244793"},{"taxonomy":"product_cat","embeddable":true,"href":"https:\/\/aromasentia.com\/de\/wp-json\/wp\/v2\/product_cat?post=244793"},{"taxonomy":"product_tag","embeddable":true,"href":"https:\/\/aromasentia.com\/de\/wp-json\/wp\/v2\/product_tag?post=244793"}],"curies":[{"name":"wp","href":"https:\/\/api.w.org\/{rel}","templated":true}]}}