{"id":244773,"date":"2025-03-20T14:36:59","date_gmt":"2025-03-20T14:36:59","guid":{"rendered":"https:\/\/aromasentia.com\/product\/apricot-kernel-oil-100ml\/"},"modified":"2025-12-30T20:46:37","modified_gmt":"2025-12-30T20:46:37","slug":"aprikosenkernoel-100ml-basisoel","status":"publish","type":"product","link":"https:\/\/aromasentia.com\/de\/aprikosenkernoel-100ml-basisoel\/","title":{"rendered":"Aprikosenkern\u00f6l &#8211; 100ml Basis\u00f6l"},"content":{"rendered":"<p><strong>Botanischer Name: Prunus Armeniaca<\/p>\n<p><strong>Andere Namen<\/strong>: Aprikosen\u00f6l<\/p>\n<p><strong>Herkunft<\/strong>: Spanien<\/p>\n<p><strong>Farbe und Geruch<\/strong>: Eine klare, hellgelbe Fl\u00fcssigkeit, die praktisch geruchlos ist.<\/p>\n<p><strong>Textur:<\/strong> leicht und zieht schnell ein; sogar schneller als Jojoba- und Argan\u00f6l.<\/p>\n<p>Wie der Pfirsich wurde auch die Aprikose von den R\u00f6mern aus dem Nahen Osten nach Europa gebracht. Im Laufe der Jahre wurde sie in vielen w\u00e4rmeren europ\u00e4ischen L\u00e4ndern und auch in den USA weit verbreitet angebaut.<\/p>\n<p>Das \u00d6l ist gut f\u00fcr die Haut und zieht schnell ein. Es soll bei Juckreiz und Ekzemen helfen. Aprikosenkern-Basis\u00f6l stammt aus Spanien und wird durch Kaltpressung gewonnen.<\/p>\n","protected":false},"excerpt":{"rendered":"<p>Botanischer Name: Prunus Armeniaca Andere Namen: Aprikosen\u00f6l Herkunft: Spanien Farbe und Geruch: Eine klare, hellgelbe Fl\u00fcssigkeit, die praktisch geruchlos ist. Textur: leicht und zieht schnell ein; sogar schneller als Jojoba- und Argan\u00f6l. Wie der Pfirsich wurde auch die Aprikose von den R\u00f6mern aus dem Nahen Osten nach Europa gebracht. Im Laufe der Jahre wurde sie [&hellip;]<\/p>\n","protected":false},"featured_media":258994,"comment_status":"closed","ping_status":"open","template":"","meta":{"_angie_page":false},"product_brand":[27090],"product_cat":[16455,23929],"product_tag":[],"class_list":{"0":"post-244773","1":"product","2":"type-product","3":"status-publish","4":"has-post-thumbnail","6":"product_brand-ancient-wisdom","7":"product_cat-aromatherapie-und-raumdufte","8":"product_cat-basisole","9":"pa_collection-base-oils-de","10":"pa_made-in-tuerkei","11":"pa_size-100ml","13":"first","14":"instock","15":"purchasable","16":"product-type-simple"},"supplier_id":null,"supplier_sku":"BO-05","barcode":null,"atum_controlled":true,"out_stock_date":null,"out_stock_threshold":null,"inheritable":false,"inbound_stock":null,"stock_on_hold":0,"sold_today":0,"sales_last_days":0,"reserved_stock":null,"customer_returns":null,"warehouse_damage":null,"lost_in_post":null,"other_logs":null,"out_stock_days":0,"lost_sales":0,"has_location":null,"update_date":"2026-04-27T06:55:16","atum_locations":[],"atum_stock_status":"instock","restock_status":false,"low_stock_amount":"","sales_update_date":"2026-02-06T00:02:03","calc_backorders":null,"_links":{"self":[{"href":"https:\/\/aromasentia.com\/de\/wp-json\/wp\/v2\/product\/244773","targetHints":{"allow":["GET"]}}],"collection":[{"href":"https:\/\/aromasentia.com\/de\/wp-json\/wp\/v2\/product"}],"about":[{"href":"https:\/\/aromasentia.com\/de\/wp-json\/wp\/v2\/types\/product"}],"replies":[{"embeddable":true,"href":"https:\/\/aromasentia.com\/de\/wp-json\/wp\/v2\/comments?post=244773"}],"version-history":[{"count":0,"href":"https:\/\/aromasentia.com\/de\/wp-json\/wp\/v2\/product\/244773\/revisions"}],"wp:featuredmedia":[{"embeddable":true,"href":"https:\/\/aromasentia.com\/de\/wp-json\/wp\/v2\/media\/258994"}],"wp:attachment":[{"href":"https:\/\/aromasentia.com\/de\/wp-json\/wp\/v2\/media?parent=244773"}],"wp:term":[{"taxonomy":"product_brand","embeddable":true,"href":"https:\/\/aromasentia.com\/de\/wp-json\/wp\/v2\/product_brand?post=244773"},{"taxonomy":"product_cat","embeddable":true,"href":"https:\/\/aromasentia.com\/de\/wp-json\/wp\/v2\/product_cat?post=244773"},{"taxonomy":"product_tag","embeddable":true,"href":"https:\/\/aromasentia.com\/de\/wp-json\/wp\/v2\/product_tag?post=244773"}],"curies":[{"name":"wp","href":"https:\/\/api.w.org\/{rel}","templated":true}]}}