{"id":244769,"date":"2025-03-20T14:36:59","date_gmt":"2025-03-20T14:36:59","guid":{"rendered":"https:\/\/aromasentia.com\/product\/peach-kernel-oil-100ml\/"},"modified":"2025-12-30T20:46:37","modified_gmt":"2025-12-30T20:46:37","slug":"pfirsichkernoel-100ml-basisoel","status":"publish","type":"product","link":"https:\/\/aromasentia.com\/de\/pfirsichkernoel-100ml-basisoel\/","title":{"rendered":"Pfirsichkern\u00f6l &#8211; 100ml Basis\u00f6l"},"content":{"rendered":"<p><strong>Botanischer Name:<\/strong> Prunus Persica&nbsp;<\/p>\n<p><strong>Andere Namen:<\/strong>Pfirsich\u00f6l<\/p>\n<p><strong>Herkunft:<\/strong>Spanien<\/p>\n<p><strong>Farbe und Geruch:<\/strong>klares Hellgelb mit leichtem Geruch und mildem Geschmack<\/p>\n<p><strong>Textur:<\/strong>Pfirsichkern\u00f6l hat eine leichte Textur und zieht schnell ein<\/p>\n<p>Pfirsichkern\u00f6l eignet sich zur Herstellung von Lotionen und Cremes, die perfekt f\u00fcr die Sommerhaut sind. Dieses feuchtigkeitsspendende \u00d6l pflegt die Haut hervorragend, ohne ein fettiges Gef\u00fchl zu hinterlassen.<\/p>\n<p>Unser Pfirsichkern-Basis\u00f6l wird sorgf\u00e4ltig ausgew\u00e4hlt, h\u00e4ufig nicht aus Prim\u00e4rquellen bezogen, auf Reinheit gepr\u00fcft und strengen Qualit\u00e4tskontrollstandards unterzogen. Dieses Pfirsichkern-Basis\u00f6l stammt aus Spanien und wird im Kaltpressverfahren hergestellt.&nbsp;<\/p>\n","protected":false},"excerpt":{"rendered":"<p>Botanischer Name: Prunus Persica&nbsp; Andere Namen:Pfirsich\u00f6l Herkunft:Spanien Farbe und Geruch:klares Hellgelb mit leichtem Geruch und mildem Geschmack Textur:Pfirsichkern\u00f6l hat eine leichte Textur und zieht schnell ein Pfirsichkern\u00f6l eignet sich zur Herstellung von Lotionen und Cremes, die perfekt f\u00fcr die Sommerhaut sind. Dieses feuchtigkeitsspendende \u00d6l pflegt die Haut hervorragend, ohne ein fettiges Gef\u00fchl zu hinterlassen. Unser [&hellip;]<\/p>\n","protected":false},"featured_media":258985,"comment_status":"closed","ping_status":"open","template":"","meta":{"_angie_page":false},"product_brand":[27090],"product_cat":[16455,23929],"product_tag":[],"class_list":{"0":"post-244769","1":"product","2":"type-product","3":"status-publish","4":"has-post-thumbnail","6":"product_brand-ancient-wisdom","7":"product_cat-aromatherapie-und-raumdufte","8":"product_cat-basisole","9":"pa_collection-base-oils-de","10":"pa_made-in-spanien","11":"pa_size-100ml","13":"first","14":"instock","15":"purchasable","16":"product-type-simple"},"supplier_id":null,"supplier_sku":"BO-04","barcode":null,"atum_controlled":true,"out_stock_date":null,"out_stock_threshold":null,"inheritable":false,"inbound_stock":0,"stock_on_hold":0,"sold_today":0,"sales_last_days":0,"reserved_stock":0,"customer_returns":0,"warehouse_damage":0,"lost_in_post":0,"other_logs":0,"out_stock_days":0,"lost_sales":0,"has_location":false,"update_date":"2026-04-27T06:55:16","atum_locations":[],"atum_stock_status":"instock","restock_status":false,"low_stock_amount":"","sales_update_date":"2026-01-30T01:24:43","calc_backorders":null,"_links":{"self":[{"href":"https:\/\/aromasentia.com\/de\/wp-json\/wp\/v2\/product\/244769","targetHints":{"allow":["GET"]}}],"collection":[{"href":"https:\/\/aromasentia.com\/de\/wp-json\/wp\/v2\/product"}],"about":[{"href":"https:\/\/aromasentia.com\/de\/wp-json\/wp\/v2\/types\/product"}],"replies":[{"embeddable":true,"href":"https:\/\/aromasentia.com\/de\/wp-json\/wp\/v2\/comments?post=244769"}],"version-history":[{"count":0,"href":"https:\/\/aromasentia.com\/de\/wp-json\/wp\/v2\/product\/244769\/revisions"}],"wp:featuredmedia":[{"embeddable":true,"href":"https:\/\/aromasentia.com\/de\/wp-json\/wp\/v2\/media\/258985"}],"wp:attachment":[{"href":"https:\/\/aromasentia.com\/de\/wp-json\/wp\/v2\/media?parent=244769"}],"wp:term":[{"taxonomy":"product_brand","embeddable":true,"href":"https:\/\/aromasentia.com\/de\/wp-json\/wp\/v2\/product_brand?post=244769"},{"taxonomy":"product_cat","embeddable":true,"href":"https:\/\/aromasentia.com\/de\/wp-json\/wp\/v2\/product_cat?post=244769"},{"taxonomy":"product_tag","embeddable":true,"href":"https:\/\/aromasentia.com\/de\/wp-json\/wp\/v2\/product_tag?post=244769"}],"curies":[{"name":"wp","href":"https:\/\/api.w.org\/{rel}","templated":true}]}}