{"id":244709,"date":"2025-03-20T14:37:35","date_gmt":"2025-03-20T14:37:35","guid":{"rendered":"https:\/\/aromasentia.com\/product\/olive-oil-50ml\/"},"modified":"2025-12-30T20:46:29","modified_gmt":"2025-12-30T20:46:29","slug":"olivenoel-50ml","status":"publish","type":"product","link":"https:\/\/aromasentia.com\/de\/olivenoel-50ml\/","title":{"rendered":"Oliven\u00f6l &#8211; 50ml"},"content":{"rendered":"<p><strong>Wissenschaftlicher Name:<\/strong> Olea Europaea<\/p>\n<p><strong>Herkunft:<\/strong> Spanien \u2013 Olivenb\u00e4ume werden seit dem 8. Jahrtausend v. Chr. im Mittelmeerraum angebaut. Spanien ist der gr\u00f6\u00dfte Oliven\u00f6lproduzent, gefolgt von Italien und Griechenland.<\/p>\n<p><strong>Farbe und Geruch:<\/strong> Hell- bis Mittelgr\u00fcn,<\/p>\n<p><strong>Textur:<\/strong> Dickfl\u00fcssig, fruchtig, leicht pfeffrig<\/p>\n<p>Oliven\u00f6l ist reich an gesunden Fetts\u00e4uren, entz\u00fcndungshemmenden Verbindungen und Antioxidantien. Es kann als Tr\u00e4ger\u00f6l verwendet werden, um die Haut mit Feuchtigkeit zu versorgen, die Wundheilung zu beschleunigen und sogar Infektionen zu bek\u00e4mpfen.<\/p>\n<p>Forschungsergebnisse deuten darauf hin, dass Oliven\u00f6l eine vielversprechende Behandlung f\u00fcr Hauterkrankungen wie seborrhoische Dermatitis, Schuppenflechte, Akne und Neurodermitis sein kann. Es hilft, diese Hautprobleme zu lindern, indem es Entz\u00fcndungen reduziert und das Bakterienwachstum hemmt.<\/p>\n","protected":false},"excerpt":{"rendered":"<p>Wissenschaftlicher Name: Olea Europaea Herkunft: Spanien \u2013 Olivenb\u00e4ume werden seit dem 8. Jahrtausend v. Chr. im Mittelmeerraum angebaut. Spanien ist der gr\u00f6\u00dfte Oliven\u00f6lproduzent, gefolgt von Italien und Griechenland. Farbe und Geruch: Hell- bis Mittelgr\u00fcn, Textur: Dickfl\u00fcssig, fruchtig, leicht pfeffrig Oliven\u00f6l ist reich an gesunden Fetts\u00e4uren, entz\u00fcndungshemmenden Verbindungen und Antioxidantien. Es kann als Tr\u00e4ger\u00f6l verwendet werden, [&hellip;]<\/p>\n","protected":false},"featured_media":259272,"comment_status":"closed","ping_status":"open","template":"","meta":{"_angie_page":false},"product_brand":[27090],"product_cat":[16455,23929],"product_tag":[],"class_list":{"0":"post-244709","1":"product","2":"type-product","3":"status-publish","4":"has-post-thumbnail","6":"product_brand-ancient-wisdom","7":"product_cat-aromatherapie-und-raumdufte","8":"product_cat-basisole","9":"pa_made-in-spanien","10":"pa_size-50ml","12":"first","13":"instock","14":"purchasable","15":"product-type-simple"},"supplier_id":null,"supplier_sku":"BOa-14","barcode":null,"atum_controlled":true,"out_stock_date":null,"out_stock_threshold":null,"inheritable":false,"inbound_stock":null,"stock_on_hold":0,"sold_today":0,"sales_last_days":0,"reserved_stock":null,"customer_returns":null,"warehouse_damage":null,"lost_in_post":null,"other_logs":null,"out_stock_days":0,"lost_sales":0,"has_location":null,"update_date":"2026-04-27T06:55:20","atum_locations":[],"atum_stock_status":"instock","restock_status":false,"low_stock_amount":"","sales_update_date":"2026-01-20T05:14:03","calc_backorders":null,"_links":{"self":[{"href":"https:\/\/aromasentia.com\/de\/wp-json\/wp\/v2\/product\/244709","targetHints":{"allow":["GET"]}}],"collection":[{"href":"https:\/\/aromasentia.com\/de\/wp-json\/wp\/v2\/product"}],"about":[{"href":"https:\/\/aromasentia.com\/de\/wp-json\/wp\/v2\/types\/product"}],"replies":[{"embeddable":true,"href":"https:\/\/aromasentia.com\/de\/wp-json\/wp\/v2\/comments?post=244709"}],"version-history":[{"count":0,"href":"https:\/\/aromasentia.com\/de\/wp-json\/wp\/v2\/product\/244709\/revisions"}],"wp:featuredmedia":[{"embeddable":true,"href":"https:\/\/aromasentia.com\/de\/wp-json\/wp\/v2\/media\/259272"}],"wp:attachment":[{"href":"https:\/\/aromasentia.com\/de\/wp-json\/wp\/v2\/media?parent=244709"}],"wp:term":[{"taxonomy":"product_brand","embeddable":true,"href":"https:\/\/aromasentia.com\/de\/wp-json\/wp\/v2\/product_brand?post=244709"},{"taxonomy":"product_cat","embeddable":true,"href":"https:\/\/aromasentia.com\/de\/wp-json\/wp\/v2\/product_cat?post=244709"},{"taxonomy":"product_tag","embeddable":true,"href":"https:\/\/aromasentia.com\/de\/wp-json\/wp\/v2\/product_tag?post=244709"}],"curies":[{"name":"wp","href":"https:\/\/api.w.org\/{rel}","templated":true}]}}