{"id":244705,"date":"2025-03-20T14:37:35","date_gmt":"2025-03-20T14:37:35","guid":{"rendered":"https:\/\/aromasentia.com\/product\/borage-oil-50ml\/"},"modified":"2025-12-30T20:46:21","modified_gmt":"2025-12-30T20:46:21","slug":"borretschoel-50ml","status":"publish","type":"product","link":"https:\/\/aromasentia.com\/de\/borretschoel-50ml\/","title":{"rendered":"Borretsch\u00f6l &#8211; 50ml"},"content":{"rendered":"<p><strong>Botanischer Name:&nbsp;<\/strong> Borago Officinalis.<\/p>\n<p><strong>Andere Namen:&nbsp;<\/strong> Borretsch\u00f6l<\/p>\n<p><strong>Herkunft:<\/strong> Europa<\/p>\n<p><strong>Farbe und Geruch:&nbsp;<\/strong>hellgelb, sehr schwacher Duft mit leicht s\u00fc\u00dflicher Note.&nbsp;<\/p>\n<p><strong>Textur:<\/strong> d\u00fcnn bis mittel, etwas \u00f6lig auf der Haut<\/p>\n<p>Die Borretschpflanze, auch Borretsch genannt, ist eine borstige Pflanze aus dem Nahen Osten. Heute wird die Pflanze in den meisten w\u00e4rmeren Teilen der Welt angebaut, darunter Afrika, Asien, S\u00fcdeuropa und S\u00fcdamerika.<\/p>\n<p>Borretsch\u00f6l wird aus den Samen der Pflanze gewonnen. Es ist sehr reich an Omega-6-Fetts\u00e4uren und enth\u00e4lt bis zu 24 %. Es soll bei verschiedenen Hautproblemen wie Dermatitis gut helfen und hat au\u00dferdem entz\u00fcndungshemmende Eigenschaften.<\/p>\n<p>Unser Borretsch-Basis\u00f6l stammt aus Europa und wird durch Kaltpressung gewonnen. Es wird in 100-ml-Glasflaschen geliefert und ist 100 % nat\u00fcrlich.<\/p>\n","protected":false},"excerpt":{"rendered":"<p>Botanischer Name:&nbsp; Borago Officinalis. Andere Namen:&nbsp; Borretsch\u00f6l Herkunft: Europa Farbe und Geruch:&nbsp;hellgelb, sehr schwacher Duft mit leicht s\u00fc\u00dflicher Note.&nbsp; Textur: d\u00fcnn bis mittel, etwas \u00f6lig auf der Haut Die Borretschpflanze, auch Borretsch genannt, ist eine borstige Pflanze aus dem Nahen Osten. Heute wird die Pflanze in den meisten w\u00e4rmeren Teilen der Welt angebaut, darunter Afrika, [&hellip;]<\/p>\n","protected":false},"featured_media":259263,"comment_status":"closed","ping_status":"open","template":"","meta":{"_angie_page":false},"product_brand":[27090],"product_cat":[16455,23929],"product_tag":[],"class_list":{"0":"post-244705","1":"product","2":"type-product","3":"status-publish","4":"has-post-thumbnail","6":"product_brand-ancient-wisdom","7":"product_cat-aromatherapie-und-raumdufte","8":"product_cat-basisole","9":"pa_made-in-china","10":"pa_size-50ml","12":"first","13":"instock","14":"purchasable","15":"product-type-simple"},"supplier_id":null,"supplier_sku":"BOa-13","barcode":null,"atum_controlled":true,"out_stock_date":null,"out_stock_threshold":null,"inheritable":false,"inbound_stock":null,"stock_on_hold":0,"sold_today":0,"sales_last_days":0,"reserved_stock":null,"customer_returns":null,"warehouse_damage":null,"lost_in_post":null,"other_logs":null,"out_stock_days":0,"lost_sales":0,"has_location":null,"update_date":"2026-05-08T05:06:06","atum_locations":[],"atum_stock_status":"instock","restock_status":false,"low_stock_amount":"","sales_update_date":"2026-01-30T01:25:58","calc_backorders":null,"_links":{"self":[{"href":"https:\/\/aromasentia.com\/de\/wp-json\/wp\/v2\/product\/244705","targetHints":{"allow":["GET"]}}],"collection":[{"href":"https:\/\/aromasentia.com\/de\/wp-json\/wp\/v2\/product"}],"about":[{"href":"https:\/\/aromasentia.com\/de\/wp-json\/wp\/v2\/types\/product"}],"replies":[{"embeddable":true,"href":"https:\/\/aromasentia.com\/de\/wp-json\/wp\/v2\/comments?post=244705"}],"version-history":[{"count":0,"href":"https:\/\/aromasentia.com\/de\/wp-json\/wp\/v2\/product\/244705\/revisions"}],"wp:featuredmedia":[{"embeddable":true,"href":"https:\/\/aromasentia.com\/de\/wp-json\/wp\/v2\/media\/259263"}],"wp:attachment":[{"href":"https:\/\/aromasentia.com\/de\/wp-json\/wp\/v2\/media?parent=244705"}],"wp:term":[{"taxonomy":"product_brand","embeddable":true,"href":"https:\/\/aromasentia.com\/de\/wp-json\/wp\/v2\/product_brand?post=244705"},{"taxonomy":"product_cat","embeddable":true,"href":"https:\/\/aromasentia.com\/de\/wp-json\/wp\/v2\/product_cat?post=244705"},{"taxonomy":"product_tag","embeddable":true,"href":"https:\/\/aromasentia.com\/de\/wp-json\/wp\/v2\/product_tag?post=244705"}],"curies":[{"name":"wp","href":"https:\/\/api.w.org\/{rel}","templated":true}]}}