{"id":244701,"date":"2025-03-20T14:37:35","date_gmt":"2025-03-20T14:37:35","guid":{"rendered":"https:\/\/aromasentia.com\/product\/macadamia-oil-50ml\/"},"modified":"2025-12-30T20:46:21","modified_gmt":"2025-12-30T20:46:21","slug":"macadamianussoel-50ml","status":"publish","type":"product","link":"https:\/\/aromasentia.com\/de\/macadamianussoel-50ml\/","title":{"rendered":"Macadamianuss\u00f6l &#8211; 50ml"},"content":{"rendered":"<p><strong>Botanischer Name:<\/strong> Macadamia Integrifolia.<\/p>\n<p><strong>Herkunft:<\/strong> Australien<\/p>\n<p><strong>Farbe und Geruch:<\/strong> Die Farbe von Macadamia\u00f6l ist klar mit einem leicht gelblichen Farbton. Das \u00d6l ist aromatischer als andere Nuss\u00f6le und sehr s\u00fc\u00df.<\/p>\n<p><strong>Textur:<\/strong> Da es ein dickeres \u00d6l ist, hinterl\u00e4sst es einen \u00f6ligen Film auf der Haut.<\/p>\n<p>Die Macadamianuss wurde erst nach der Besiedlung Australiens (von Europ\u00e4ern) entdeckt, obwohl sie von den australischen Ureinwohnern bereits seit vielen Jahren gegessen und verarbeitet wurde.<br \/>In der Kosmetik wird das \u00d6l im Allgemeinen in dickeren Cremes verwendet, da es sich schwerer und luxuri\u00f6ser anf\u00fchlt.<br \/>Macadamia kann auch zum Blockieren sch\u00e4dlicher Sonnenstrahlen verwendet werden und wird daher h\u00e4ufig in Sonnenlotionen verwendet. Am auff\u00e4lligsten ist wahrscheinlich, dass das \u00d6l dem Talg sehr \u00e4hnlich ist, der von der Haut auf nat\u00fcrliche Weise zu ihrem Schutz produziert wird.<\/p>\n<p>Unser Macadamia-Basis\u00f6l stammt aus Australien und wird im Kaltpressverfahren hergestellt.<\/p>\n","protected":false},"excerpt":{"rendered":"<p>Botanischer Name: Macadamia Integrifolia. Herkunft: Australien Farbe und Geruch: Die Farbe von Macadamia\u00f6l ist klar mit einem leicht gelblichen Farbton. Das \u00d6l ist aromatischer als andere Nuss\u00f6le und sehr s\u00fc\u00df. Textur: Da es ein dickeres \u00d6l ist, hinterl\u00e4sst es einen \u00f6ligen Film auf der Haut. Die Macadamianuss wurde erst nach der Besiedlung Australiens (von Europ\u00e4ern) [&hellip;]<\/p>\n","protected":false},"featured_media":259254,"comment_status":"closed","ping_status":"open","template":"","meta":{"_angie_page":false},"product_brand":[27090],"product_cat":[16455,23929],"product_tag":[],"class_list":{"0":"post-244701","1":"product","2":"type-product","3":"status-publish","4":"has-post-thumbnail","6":"product_brand-ancient-wisdom","7":"product_cat-aromatherapie-und-raumdufte","8":"product_cat-basisole","9":"pa_made-in-australien","10":"pa_size-50ml","12":"first","13":"outofstock","14":"purchasable","15":"product-type-simple"},"supplier_id":null,"supplier_sku":"BOa-11","barcode":null,"atum_controlled":true,"out_stock_date":"2026-04-25 15:11:50","out_stock_threshold":null,"inheritable":false,"inbound_stock":null,"stock_on_hold":0,"sold_today":0,"sales_last_days":0,"reserved_stock":null,"customer_returns":null,"warehouse_damage":null,"lost_in_post":null,"other_logs":null,"out_stock_days":0,"lost_sales":0,"has_location":null,"update_date":"2026-04-27T06:55:20","atum_locations":[],"atum_stock_status":"outofstock","restock_status":false,"low_stock_amount":"","sales_update_date":"2026-01-30T01:25:57","calc_backorders":null,"_links":{"self":[{"href":"https:\/\/aromasentia.com\/de\/wp-json\/wp\/v2\/product\/244701","targetHints":{"allow":["GET"]}}],"collection":[{"href":"https:\/\/aromasentia.com\/de\/wp-json\/wp\/v2\/product"}],"about":[{"href":"https:\/\/aromasentia.com\/de\/wp-json\/wp\/v2\/types\/product"}],"replies":[{"embeddable":true,"href":"https:\/\/aromasentia.com\/de\/wp-json\/wp\/v2\/comments?post=244701"}],"version-history":[{"count":0,"href":"https:\/\/aromasentia.com\/de\/wp-json\/wp\/v2\/product\/244701\/revisions"}],"wp:featuredmedia":[{"embeddable":true,"href":"https:\/\/aromasentia.com\/de\/wp-json\/wp\/v2\/media\/259254"}],"wp:attachment":[{"href":"https:\/\/aromasentia.com\/de\/wp-json\/wp\/v2\/media?parent=244701"}],"wp:term":[{"taxonomy":"product_brand","embeddable":true,"href":"https:\/\/aromasentia.com\/de\/wp-json\/wp\/v2\/product_brand?post=244701"},{"taxonomy":"product_cat","embeddable":true,"href":"https:\/\/aromasentia.com\/de\/wp-json\/wp\/v2\/product_cat?post=244701"},{"taxonomy":"product_tag","embeddable":true,"href":"https:\/\/aromasentia.com\/de\/wp-json\/wp\/v2\/product_tag?post=244701"}],"curies":[{"name":"wp","href":"https:\/\/api.w.org\/{rel}","templated":true}]}}