{"id":244661,"date":"2025-03-20T14:38:14","date_gmt":"2025-03-20T14:38:14","guid":{"rendered":"https:\/\/aromasentia.com\/product\/argan-oil-1-litre\/"},"modified":"2025-12-30T20:46:14","modified_gmt":"2025-12-30T20:46:14","slug":"arganoel-1-litre","status":"publish","type":"product","link":"https:\/\/aromasentia.com\/de\/arganoel-1-litre\/","title":{"rendered":"Argan\u00f6l &#8211; 1 Litre"},"content":{"rendered":"<p>Unsere <strong>Argan-Basis\u00f6le<\/strong> eignen sich ideal zum Verd\u00fcnnen \u00e4therischer \u00d6le vor der Anwendung auf der Haut. Alle unsere Basis\u00f6le bestehen zu 100 % aus nat\u00fcrlichem, reinem \u00d6l.<\/p>\n<p>Argan\u00f6l gilt als eines der seltensten \u00d6le der Welt. Es ist ein kr\u00e4ftiges, nussiges \u00d6l, das gr\u00f6\u00dftenteils in Marokko aus den N\u00fcssen des Arganbaums gewonnen wird. Fr\u00fcher bedeckten Arganb\u00e4ume weite Teile Nordafrikas, heute ist ihr Bestand stark zur\u00fcckgegangen, daher der hohe Preis f\u00fcr Argan\u00f6l.&nbsp;<\/p>\n<p>Die Nuss l\u00e4sst sich nur sehr schwer von ihrer robusten Frucht l\u00f6sen und wurde urspr\u00fcnglich nicht vom Baum geerntet, sondern aus dem Kot der Ziegen, die auf die B\u00e4ume kletterten und die Fr\u00fcchte fra\u00dfen. Die Nuss ist mit der Olive verwandt, hat aber einen eigenen, ausgepr\u00e4gten Geschmack; ihr \u00d6l wird haupts\u00e4chlich zur Haar- und Hautpflege verwendet.<\/p>\n<p>Argan\u00f6l kann zum Sch\u00f6nheitselixier von Kopf bis Fu\u00df werden. Es ist vollgepackt mit essentiellen Fetts\u00e4uren, Antioxidantien, Vitaminen und Mineralien, die die allgemeine Gesundheit f\u00f6rdern, indem sie Feuchtigkeit spenden, die Haut weich machen und sie vor Sonnensch\u00e4den sch\u00fctzen, ohne sch\u00e4dliche Giftstoffe und Parabene.<\/p>\n","protected":false},"excerpt":{"rendered":"<p>Unsere Argan-Basis\u00f6le eignen sich ideal zum Verd\u00fcnnen \u00e4therischer \u00d6le vor der Anwendung auf der Haut. Alle unsere Basis\u00f6le bestehen zu 100 % aus nat\u00fcrlichem, reinem \u00d6l. Argan\u00f6l gilt als eines der seltensten \u00d6le der Welt. Es ist ein kr\u00e4ftiges, nussiges \u00d6l, das gr\u00f6\u00dftenteils in Marokko aus den N\u00fcssen des Arganbaums gewonnen wird. Fr\u00fcher bedeckten Arganb\u00e4ume [&hellip;]<\/p>\n","protected":false},"featured_media":259666,"comment_status":"closed","ping_status":"open","template":"","meta":{"_angie_page":false},"product_brand":[27090],"product_cat":[16455,23929],"product_tag":[],"class_list":{"0":"post-244661","1":"product","2":"type-product","3":"status-publish","4":"has-post-thumbnail","6":"product_brand-ancient-wisdom","7":"product_cat-aromatherapie-und-raumdufte","8":"product_cat-basisole","9":"pa_collection-base-oils-1-litre-de","10":"pa_made-in-marokko","12":"first","13":"instock","14":"purchasable","15":"product-type-simple"},"supplier_id":null,"supplier_sku":"BOz-22","barcode":null,"atum_controlled":true,"out_stock_date":null,"out_stock_threshold":null,"inheritable":false,"inbound_stock":0,"stock_on_hold":0,"sold_today":0,"sales_last_days":0,"reserved_stock":0,"customer_returns":0,"warehouse_damage":0,"lost_in_post":0,"other_logs":0,"out_stock_days":14,"lost_sales":0,"has_location":false,"update_date":"2026-05-04T00:02:51","atum_locations":[],"atum_stock_status":"instock","restock_status":false,"low_stock_amount":"","sales_update_date":"2026-02-06T00:01:51","calc_backorders":null,"_links":{"self":[{"href":"https:\/\/aromasentia.com\/de\/wp-json\/wp\/v2\/product\/244661","targetHints":{"allow":["GET"]}}],"collection":[{"href":"https:\/\/aromasentia.com\/de\/wp-json\/wp\/v2\/product"}],"about":[{"href":"https:\/\/aromasentia.com\/de\/wp-json\/wp\/v2\/types\/product"}],"replies":[{"embeddable":true,"href":"https:\/\/aromasentia.com\/de\/wp-json\/wp\/v2\/comments?post=244661"}],"version-history":[{"count":0,"href":"https:\/\/aromasentia.com\/de\/wp-json\/wp\/v2\/product\/244661\/revisions"}],"wp:featuredmedia":[{"embeddable":true,"href":"https:\/\/aromasentia.com\/de\/wp-json\/wp\/v2\/media\/259666"}],"wp:attachment":[{"href":"https:\/\/aromasentia.com\/de\/wp-json\/wp\/v2\/media?parent=244661"}],"wp:term":[{"taxonomy":"product_brand","embeddable":true,"href":"https:\/\/aromasentia.com\/de\/wp-json\/wp\/v2\/product_brand?post=244661"},{"taxonomy":"product_cat","embeddable":true,"href":"https:\/\/aromasentia.com\/de\/wp-json\/wp\/v2\/product_cat?post=244661"},{"taxonomy":"product_tag","embeddable":true,"href":"https:\/\/aromasentia.com\/de\/wp-json\/wp\/v2\/product_tag?post=244661"}],"curies":[{"name":"wp","href":"https:\/\/api.w.org\/{rel}","templated":true}]}}