{"id":244653,"date":"2025-03-20T14:38:14","date_gmt":"2025-03-20T14:38:14","guid":{"rendered":"https:\/\/aromasentia.com\/product\/castor-oil-1-litre\/"},"modified":"2025-12-30T20:46:14","modified_gmt":"2025-12-30T20:46:14","slug":"rizinusoel-1-litre","status":"publish","type":"product","link":"https:\/\/aromasentia.com\/de\/rizinusoel-1-litre\/","title":{"rendered":"Rizinus\u00f6l &#8211; 1 Litre"},"content":{"rendered":"<p>Unsere <strong>Rizinus\u00f6le<\/strong> eignen sich ideal zum Verd\u00fcnnen \u00e4therischer \u00d6le vor der Anwendung auf der Haut. Alle unsere Basis\u00f6le bestehen zu 100 % aus reinem Natur\u00f6l.<\/p>\n<p>Unser Rizinus\u00f6l wird sorgf\u00e4ltig ausgew\u00e4hlt, h\u00e4ufig nicht aus Prim\u00e4rquellen bezogen, auf Reinheit gepr\u00fcft und strengen Qualit\u00e4tskontrollstandards unterzogen.<\/p>\n<p>Dieses Rizinus\u00f6l wird aus aller Welt bezogen, stammt aus Indien und wird durch Kaltpressung gewonnen.<\/p>\n","protected":false},"excerpt":{"rendered":"<p>Unsere Rizinus\u00f6le eignen sich ideal zum Verd\u00fcnnen \u00e4therischer \u00d6le vor der Anwendung auf der Haut. Alle unsere Basis\u00f6le bestehen zu 100 % aus reinem Natur\u00f6l. Unser Rizinus\u00f6l wird sorgf\u00e4ltig ausgew\u00e4hlt, h\u00e4ufig nicht aus Prim\u00e4rquellen bezogen, auf Reinheit gepr\u00fcft und strengen Qualit\u00e4tskontrollstandards unterzogen. Dieses Rizinus\u00f6l wird aus aller Welt bezogen, stammt aus Indien und wird durch [&hellip;]<\/p>\n","protected":false},"featured_media":259648,"comment_status":"closed","ping_status":"open","template":"","meta":{"_angie_page":false},"product_brand":[27090],"product_cat":[16455,23929],"product_tag":[],"class_list":{"0":"post-244653","1":"product","2":"type-product","3":"status-publish","4":"has-post-thumbnail","6":"product_brand-ancient-wisdom","7":"product_cat-aromatherapie-und-raumdufte","8":"product_cat-basisole","9":"pa_collection-base-oils-1-litre-de","10":"pa_made-in-indien","12":"first","13":"instock","14":"purchasable","15":"product-type-simple"},"supplier_id":null,"supplier_sku":"BOz-20","barcode":null,"atum_controlled":true,"out_stock_date":null,"out_stock_threshold":null,"inheritable":false,"inbound_stock":null,"stock_on_hold":0,"sold_today":0,"sales_last_days":0,"reserved_stock":null,"customer_returns":null,"warehouse_damage":null,"lost_in_post":null,"other_logs":null,"out_stock_days":0,"lost_sales":0,"has_location":null,"update_date":"2026-04-27T06:55:31","atum_locations":[],"atum_stock_status":"instock","restock_status":false,"low_stock_amount":"","sales_update_date":"2025-10-09T03:26:54","calc_backorders":null,"_links":{"self":[{"href":"https:\/\/aromasentia.com\/de\/wp-json\/wp\/v2\/product\/244653","targetHints":{"allow":["GET"]}}],"collection":[{"href":"https:\/\/aromasentia.com\/de\/wp-json\/wp\/v2\/product"}],"about":[{"href":"https:\/\/aromasentia.com\/de\/wp-json\/wp\/v2\/types\/product"}],"replies":[{"embeddable":true,"href":"https:\/\/aromasentia.com\/de\/wp-json\/wp\/v2\/comments?post=244653"}],"version-history":[{"count":0,"href":"https:\/\/aromasentia.com\/de\/wp-json\/wp\/v2\/product\/244653\/revisions"}],"wp:featuredmedia":[{"embeddable":true,"href":"https:\/\/aromasentia.com\/de\/wp-json\/wp\/v2\/media\/259648"}],"wp:attachment":[{"href":"https:\/\/aromasentia.com\/de\/wp-json\/wp\/v2\/media?parent=244653"}],"wp:term":[{"taxonomy":"product_brand","embeddable":true,"href":"https:\/\/aromasentia.com\/de\/wp-json\/wp\/v2\/product_brand?post=244653"},{"taxonomy":"product_cat","embeddable":true,"href":"https:\/\/aromasentia.com\/de\/wp-json\/wp\/v2\/product_cat?post=244653"},{"taxonomy":"product_tag","embeddable":true,"href":"https:\/\/aromasentia.com\/de\/wp-json\/wp\/v2\/product_tag?post=244653"}],"curies":[{"name":"wp","href":"https:\/\/api.w.org\/{rel}","templated":true}]}}