{"id":244641,"date":"2025-03-20T14:38:14","date_gmt":"2025-03-20T14:38:14","guid":{"rendered":"https:\/\/aromasentia.com\/product\/hazelnut-oil-1-litre\/"},"modified":"2025-12-30T20:46:14","modified_gmt":"2025-12-30T20:46:14","slug":"haselnussoel-1l","status":"publish","type":"product","link":"https:\/\/aromasentia.com\/de\/haselnussoel-1l\/","title":{"rendered":"Haselnuss\u00f6l &#8211; 1l"},"content":{"rendered":"<p>Unsere <strong>Haselnuss-Basis\u00f6le<\/strong> eignen sich ideal zum Verd\u00fcnnen \u00e4therischer \u00d6le vor der Anwendung auf der Haut. Alle unsere Basis\u00f6le bestehen zu 100 % aus nat\u00fcrlichem, reinem \u00d6l.<\/p>\n<p>Die Echte Haselnuss wird in ganz Europa, Asien und dar\u00fcber hinaus angebaut. Sie wird haupts\u00e4chlich wegen ihrer N\u00fcsse angebaut, wird aber in Gro\u00dfbritannien und Europa seit Jahrhunderten auch als Heckenbepflanzung f\u00fcr Ackerland verwendet. Die Verwendung der Haselnuss reicht mindestens 9000 Jahre zur\u00fcck; arch\u00e4ologische Funde f\u00fcr die Massenverarbeitung von Haseln\u00fcssen wurden an mehreren Orten auf den Britischen Inseln gefunden.<\/p>\n<p>Haselnuss\u00f6l selbst ist ein Mehrzweck\u00f6l. In Kosmetika wirkt es pflegend auf die Haut und hat adstringierende Eigenschaften.<\/p>\n","protected":false},"excerpt":{"rendered":"<p>Unsere Haselnuss-Basis\u00f6le eignen sich ideal zum Verd\u00fcnnen \u00e4therischer \u00d6le vor der Anwendung auf der Haut. Alle unsere Basis\u00f6le bestehen zu 100 % aus nat\u00fcrlichem, reinem \u00d6l. Die Echte Haselnuss wird in ganz Europa, Asien und dar\u00fcber hinaus angebaut. Sie wird haupts\u00e4chlich wegen ihrer N\u00fcsse angebaut, wird aber in Gro\u00dfbritannien und Europa seit Jahrhunderten auch als [&hellip;]<\/p>\n","protected":false},"featured_media":259621,"comment_status":"closed","ping_status":"open","template":"","meta":{"_angie_page":false},"product_brand":[27090],"product_cat":[16455,23929],"product_tag":[],"class_list":{"0":"post-244641","1":"product","2":"type-product","3":"status-publish","4":"has-post-thumbnail","6":"product_brand-ancient-wisdom","7":"product_cat-aromatherapie-und-raumdufte","8":"product_cat-basisole","9":"pa_collection-base-oils-1-litre-de","10":"pa_made-in-italien","12":"first","13":"instock","14":"purchasable","15":"product-type-simple"},"supplier_id":null,"supplier_sku":"BOz-17","barcode":null,"atum_controlled":true,"out_stock_date":null,"out_stock_threshold":null,"inheritable":false,"inbound_stock":null,"stock_on_hold":0,"sold_today":0,"sales_last_days":0,"reserved_stock":null,"customer_returns":null,"warehouse_damage":null,"lost_in_post":null,"other_logs":null,"out_stock_days":0,"lost_sales":0,"has_location":null,"update_date":"2026-04-27T06:55:31","atum_locations":[],"atum_stock_status":"instock","restock_status":false,"low_stock_amount":"","sales_update_date":"2026-02-06T00:01:29","calc_backorders":null,"_links":{"self":[{"href":"https:\/\/aromasentia.com\/de\/wp-json\/wp\/v2\/product\/244641","targetHints":{"allow":["GET"]}}],"collection":[{"href":"https:\/\/aromasentia.com\/de\/wp-json\/wp\/v2\/product"}],"about":[{"href":"https:\/\/aromasentia.com\/de\/wp-json\/wp\/v2\/types\/product"}],"replies":[{"embeddable":true,"href":"https:\/\/aromasentia.com\/de\/wp-json\/wp\/v2\/comments?post=244641"}],"version-history":[{"count":0,"href":"https:\/\/aromasentia.com\/de\/wp-json\/wp\/v2\/product\/244641\/revisions"}],"wp:featuredmedia":[{"embeddable":true,"href":"https:\/\/aromasentia.com\/de\/wp-json\/wp\/v2\/media\/259621"}],"wp:attachment":[{"href":"https:\/\/aromasentia.com\/de\/wp-json\/wp\/v2\/media?parent=244641"}],"wp:term":[{"taxonomy":"product_brand","embeddable":true,"href":"https:\/\/aromasentia.com\/de\/wp-json\/wp\/v2\/product_brand?post=244641"},{"taxonomy":"product_cat","embeddable":true,"href":"https:\/\/aromasentia.com\/de\/wp-json\/wp\/v2\/product_cat?post=244641"},{"taxonomy":"product_tag","embeddable":true,"href":"https:\/\/aromasentia.com\/de\/wp-json\/wp\/v2\/product_tag?post=244641"}],"curies":[{"name":"wp","href":"https:\/\/api.w.org\/{rel}","templated":true}]}}