{"id":244633,"date":"2025-03-20T14:38:14","date_gmt":"2025-03-20T14:38:14","guid":{"rendered":"https:\/\/aromasentia.com\/product\/calendula-oil-1-litre\/"},"modified":"2025-12-30T20:46:14","modified_gmt":"2025-12-30T20:46:14","slug":"ringelblumenoel-1l","status":"publish","type":"product","link":"https:\/\/aromasentia.com\/de\/ringelblumenoel-1l\/","title":{"rendered":"Ringelblumen\u00f6l &#8211; 1l"},"content":{"rendered":"<p>Unsere <strong>Calendula-Basis\u00f6le<\/strong> eignen sich ideal zum Verd\u00fcnnen \u00e4therischer \u00d6le vor der Anwendung auf der Haut. Alle unsere Basis\u00f6le bestehen zu 100 % aus reinem Natur\u00f6l.<\/p>\n<p>Das \u00d6l selbst ist vielseitig einsetzbar. Es kann zur Behandlung von Hautproblemen eingesetzt werden und hat zus\u00e4tzlich entz\u00fcndungshemmende und antibakterielle Eigenschaften. Calendula\u00f6l wird aus den oben genannten Gr\u00fcnden h\u00e4ufig in der Kosmetikindustrie verwendet und wirkt adstringierend und straffend auf die Haut.<\/p>\n","protected":false},"excerpt":{"rendered":"<p>Unsere Calendula-Basis\u00f6le eignen sich ideal zum Verd\u00fcnnen \u00e4therischer \u00d6le vor der Anwendung auf der Haut. Alle unsere Basis\u00f6le bestehen zu 100 % aus reinem Natur\u00f6l. Das \u00d6l selbst ist vielseitig einsetzbar. Es kann zur Behandlung von Hautproblemen eingesetzt werden und hat zus\u00e4tzlich entz\u00fcndungshemmende und antibakterielle Eigenschaften. Calendula\u00f6l wird aus den oben genannten Gr\u00fcnden h\u00e4ufig in [&hellip;]<\/p>\n","protected":false},"featured_media":259603,"comment_status":"closed","ping_status":"open","template":"","meta":{"_angie_page":false},"product_brand":[27090],"product_cat":[16455,23929],"product_tag":[],"class_list":{"0":"post-244633","1":"product","2":"type-product","3":"status-publish","4":"has-post-thumbnail","6":"product_brand-ancient-wisdom","7":"product_cat-aromatherapie-und-raumdufte","8":"product_cat-basisole","9":"pa_collection-base-oils-1-litre-de","10":"pa_made-in-polen","12":"first","13":"instock","14":"purchasable","15":"product-type-simple"},"supplier_id":null,"supplier_sku":"BOz-15","barcode":null,"atum_controlled":true,"out_stock_date":null,"out_stock_threshold":null,"inheritable":false,"inbound_stock":null,"stock_on_hold":0,"sold_today":0,"sales_last_days":0,"reserved_stock":null,"customer_returns":null,"warehouse_damage":null,"lost_in_post":null,"other_logs":null,"out_stock_days":0,"lost_sales":0,"has_location":null,"update_date":"2026-04-27T06:55:31","atum_locations":[],"atum_stock_status":"instock","restock_status":false,"low_stock_amount":"","sales_update_date":"2025-10-09T03:26:54","calc_backorders":null,"_links":{"self":[{"href":"https:\/\/aromasentia.com\/de\/wp-json\/wp\/v2\/product\/244633","targetHints":{"allow":["GET"]}}],"collection":[{"href":"https:\/\/aromasentia.com\/de\/wp-json\/wp\/v2\/product"}],"about":[{"href":"https:\/\/aromasentia.com\/de\/wp-json\/wp\/v2\/types\/product"}],"replies":[{"embeddable":true,"href":"https:\/\/aromasentia.com\/de\/wp-json\/wp\/v2\/comments?post=244633"}],"version-history":[{"count":0,"href":"https:\/\/aromasentia.com\/de\/wp-json\/wp\/v2\/product\/244633\/revisions"}],"wp:featuredmedia":[{"embeddable":true,"href":"https:\/\/aromasentia.com\/de\/wp-json\/wp\/v2\/media\/259603"}],"wp:attachment":[{"href":"https:\/\/aromasentia.com\/de\/wp-json\/wp\/v2\/media?parent=244633"}],"wp:term":[{"taxonomy":"product_brand","embeddable":true,"href":"https:\/\/aromasentia.com\/de\/wp-json\/wp\/v2\/product_brand?post=244633"},{"taxonomy":"product_cat","embeddable":true,"href":"https:\/\/aromasentia.com\/de\/wp-json\/wp\/v2\/product_cat?post=244633"},{"taxonomy":"product_tag","embeddable":true,"href":"https:\/\/aromasentia.com\/de\/wp-json\/wp\/v2\/product_tag?post=244633"}],"curies":[{"name":"wp","href":"https:\/\/api.w.org\/{rel}","templated":true}]}}