{"id":244625,"date":"2025-03-20T14:38:14","date_gmt":"2025-03-20T14:38:14","guid":{"rendered":"https:\/\/aromasentia.com\/product\/borage-oil-1-litre\/"},"modified":"2025-12-30T20:46:07","modified_gmt":"2025-12-30T20:46:07","slug":"borretschoel-1l","status":"publish","type":"product","link":"https:\/\/aromasentia.com\/de\/borretschoel-1l\/","title":{"rendered":"Borretsch\u00f6l &#8211; 1l"},"content":{"rendered":"<p>Unsere <strong>Borretsch-Basis\u00f6le<\/strong> eignen sich ideal zum Verd\u00fcnnen \u00e4therischer \u00d6le vor der Anwendung auf der Haut. Alle unsere Basis\u00f6le bestehen zu 100 % aus nat\u00fcrlichem, reinem \u00d6l.<\/p>\n<p>Die Borretschpflanze, auch Borretsch genannt, ist eine borstige Pflanze aus dem Nahen Osten. Heute wird sie in den meisten w\u00e4rmeren Regionen der Welt angebaut, darunter Afrika, Asien, S\u00fcdeuropa und S\u00fcdamerika.<\/p>\n<p>Borretsch\u00f6l wird aus den Samen der Pflanze gewonnen. Es ist sehr reich an Omega-6-Fetts\u00e4uren und enth\u00e4lt bis zu 24 %. Das \u00d6l wird h\u00e4ufig bei Hautproblemen wie Dermatitis eingesetzt und hat zudem entz\u00fcndungshemmende Eigenschaften.<\/p>\n","protected":false},"excerpt":{"rendered":"<p>Unsere Borretsch-Basis\u00f6le eignen sich ideal zum Verd\u00fcnnen \u00e4therischer \u00d6le vor der Anwendung auf der Haut. Alle unsere Basis\u00f6le bestehen zu 100 % aus nat\u00fcrlichem, reinem \u00d6l. Die Borretschpflanze, auch Borretsch genannt, ist eine borstige Pflanze aus dem Nahen Osten. Heute wird sie in den meisten w\u00e4rmeren Regionen der Welt angebaut, darunter Afrika, Asien, S\u00fcdeuropa und [&hellip;]<\/p>\n","protected":false},"featured_media":259585,"comment_status":"closed","ping_status":"open","template":"","meta":{"_angie_page":false},"product_brand":[27090],"product_cat":[16455,23929],"product_tag":[],"class_list":{"0":"post-244625","1":"product","2":"type-product","3":"status-publish","4":"has-post-thumbnail","6":"product_brand-ancient-wisdom","7":"product_cat-aromatherapie-und-raumdufte","8":"product_cat-basisole","9":"pa_collection-base-oils-1-litre-de","10":"pa_made-in-china","12":"first","13":"instock","14":"purchasable","15":"product-type-simple"},"supplier_id":null,"supplier_sku":"BOz-13","barcode":null,"atum_controlled":true,"out_stock_date":null,"out_stock_threshold":null,"inheritable":false,"inbound_stock":null,"stock_on_hold":0,"sold_today":0,"sales_last_days":0,"reserved_stock":null,"customer_returns":null,"warehouse_damage":null,"lost_in_post":null,"other_logs":null,"out_stock_days":0,"lost_sales":0,"has_location":null,"update_date":"2026-05-08T05:06:06","atum_locations":[],"atum_stock_status":"instock","restock_status":false,"low_stock_amount":"","sales_update_date":"2026-01-30T01:25:23","calc_backorders":null,"_links":{"self":[{"href":"https:\/\/aromasentia.com\/de\/wp-json\/wp\/v2\/product\/244625","targetHints":{"allow":["GET"]}}],"collection":[{"href":"https:\/\/aromasentia.com\/de\/wp-json\/wp\/v2\/product"}],"about":[{"href":"https:\/\/aromasentia.com\/de\/wp-json\/wp\/v2\/types\/product"}],"replies":[{"embeddable":true,"href":"https:\/\/aromasentia.com\/de\/wp-json\/wp\/v2\/comments?post=244625"}],"version-history":[{"count":0,"href":"https:\/\/aromasentia.com\/de\/wp-json\/wp\/v2\/product\/244625\/revisions"}],"wp:featuredmedia":[{"embeddable":true,"href":"https:\/\/aromasentia.com\/de\/wp-json\/wp\/v2\/media\/259585"}],"wp:attachment":[{"href":"https:\/\/aromasentia.com\/de\/wp-json\/wp\/v2\/media?parent=244625"}],"wp:term":[{"taxonomy":"product_brand","embeddable":true,"href":"https:\/\/aromasentia.com\/de\/wp-json\/wp\/v2\/product_brand?post=244625"},{"taxonomy":"product_cat","embeddable":true,"href":"https:\/\/aromasentia.com\/de\/wp-json\/wp\/v2\/product_cat?post=244625"},{"taxonomy":"product_tag","embeddable":true,"href":"https:\/\/aromasentia.com\/de\/wp-json\/wp\/v2\/product_tag?post=244625"}],"curies":[{"name":"wp","href":"https:\/\/api.w.org\/{rel}","templated":true}]}}