{"id":244617,"date":"2025-03-20T14:38:14","date_gmt":"2025-03-20T14:38:14","guid":{"rendered":"https:\/\/aromasentia.com\/product\/evening-primrose-1-litre\/"},"modified":"2025-12-30T20:46:07","modified_gmt":"2025-12-30T20:46:07","slug":"nachtkerzenoel-1l","status":"publish","type":"product","link":"https:\/\/aromasentia.com\/de\/nachtkerzenoel-1l\/","title":{"rendered":"Nachtkerzen\u00f6l &#8211; 1l"},"content":{"rendered":"<p>Unsere <strong>Nachtkerzen-Basis\u00f6le<\/strong> eignen sich ideal zum Verd\u00fcnnen \u00e4therischer \u00d6le vor der Anwendung auf der Haut. Alle unsere Basis\u00f6le bestehen zu 100 % aus nat\u00fcrlichem, reinem \u00d6l.<\/p>\n<p>Die Nachtkerze, auch bekannt als Abendstern, ist eine zweij\u00e4hrige Pflanze, die in Nordamerika und anderen gem\u00e4\u00dfigten L\u00e4ndern verbreitet ist. Der Name Nachtkerze leitet sich von den Bl\u00fcten ab, die sich nachts vollst\u00e4ndig \u00f6ffnen und am n\u00e4chsten Morgen wieder schlie\u00dfen.<\/p>\n<p>Nachtkerzen\u00f6l werden zahlreiche Eigenschaften zugeschrieben. Dazu geh\u00f6ren eine Reihe positiver Effekte auf die Haut, wie z. B. die Linderung von Schuppen, Ekzemen und Schuppenflechte. Innerlich eingenommen soll es auch degenerative Erkrankungen, Herzkrankheiten und Cholesterin bek\u00e4mpfen.<\/p>\n","protected":false},"excerpt":{"rendered":"<p>Unsere Nachtkerzen-Basis\u00f6le eignen sich ideal zum Verd\u00fcnnen \u00e4therischer \u00d6le vor der Anwendung auf der Haut. Alle unsere Basis\u00f6le bestehen zu 100 % aus nat\u00fcrlichem, reinem \u00d6l. Die Nachtkerze, auch bekannt als Abendstern, ist eine zweij\u00e4hrige Pflanze, die in Nordamerika und anderen gem\u00e4\u00dfigten L\u00e4ndern verbreitet ist. Der Name Nachtkerze leitet sich von den Bl\u00fcten ab, die [&hellip;]<\/p>\n","protected":false},"featured_media":259567,"comment_status":"closed","ping_status":"open","template":"","meta":{"_angie_page":false},"product_brand":[27090],"product_cat":[16455,23929,26833,25841,26370],"product_tag":[],"class_list":{"0":"post-244617","1":"product","2":"type-product","3":"status-publish","4":"has-post-thumbnail","6":"product_brand-ancient-wisdom","7":"product_cat-aromatherapie-und-raumdufte","8":"product_cat-basisole","9":"product_cat-blumig","10":"product_cat-dufte-aromen","11":"product_cat-rosen","12":"pa_collection-base-oils-1-litre-de","13":"pa_made-in-china","15":"first","16":"instock","17":"purchasable","18":"product-type-simple"},"supplier_id":null,"supplier_sku":"BOz-10","barcode":null,"atum_controlled":true,"out_stock_date":null,"out_stock_threshold":null,"inheritable":false,"inbound_stock":null,"stock_on_hold":0,"sold_today":0,"sales_last_days":0,"reserved_stock":null,"customer_returns":null,"warehouse_damage":null,"lost_in_post":null,"other_logs":null,"out_stock_days":0,"lost_sales":0,"has_location":null,"update_date":"2026-04-27T06:55:31","atum_locations":[],"atum_stock_status":"instock","restock_status":false,"low_stock_amount":"","sales_update_date":"2026-02-06T00:01:23","calc_backorders":null,"_links":{"self":[{"href":"https:\/\/aromasentia.com\/de\/wp-json\/wp\/v2\/product\/244617","targetHints":{"allow":["GET"]}}],"collection":[{"href":"https:\/\/aromasentia.com\/de\/wp-json\/wp\/v2\/product"}],"about":[{"href":"https:\/\/aromasentia.com\/de\/wp-json\/wp\/v2\/types\/product"}],"replies":[{"embeddable":true,"href":"https:\/\/aromasentia.com\/de\/wp-json\/wp\/v2\/comments?post=244617"}],"version-history":[{"count":0,"href":"https:\/\/aromasentia.com\/de\/wp-json\/wp\/v2\/product\/244617\/revisions"}],"wp:featuredmedia":[{"embeddable":true,"href":"https:\/\/aromasentia.com\/de\/wp-json\/wp\/v2\/media\/259567"}],"wp:attachment":[{"href":"https:\/\/aromasentia.com\/de\/wp-json\/wp\/v2\/media?parent=244617"}],"wp:term":[{"taxonomy":"product_brand","embeddable":true,"href":"https:\/\/aromasentia.com\/de\/wp-json\/wp\/v2\/product_brand?post=244617"},{"taxonomy":"product_cat","embeddable":true,"href":"https:\/\/aromasentia.com\/de\/wp-json\/wp\/v2\/product_cat?post=244617"},{"taxonomy":"product_tag","embeddable":true,"href":"https:\/\/aromasentia.com\/de\/wp-json\/wp\/v2\/product_tag?post=244617"}],"curies":[{"name":"wp","href":"https:\/\/api.w.org\/{rel}","templated":true}]}}