{"id":244605,"date":"2025-03-20T14:38:14","date_gmt":"2025-03-20T14:38:14","guid":{"rendered":"https:\/\/aromasentia.com\/product\/hempseed-1-litre\/"},"modified":"2025-12-30T20:46:07","modified_gmt":"2025-12-30T20:46:07","slug":"hanfoel-1l","status":"publish","type":"product","link":"https:\/\/aromasentia.com\/de\/hanfoel-1l\/","title":{"rendered":"Hanf\u00f6l &#8211; 1l"},"content":{"rendered":"<p>Unsere <strong>Hanfsamen-Basis\u00f6le<\/strong> eignen sich ideal zum Verd\u00fcnnen \u00e4therischer \u00d6le vor der Anwendung auf der Haut. Alle unsere Basis\u00f6le bestehen zu 100 % aus nat\u00fcrlichem, reinem \u00d6l.<\/p>\n<p>Hanf wird seit vielen Jahren weltweit verwendet. Er ist eine \u00e4u\u00dferst n\u00fctzliche Pflanze und wird bis heute f\u00fcr alles M\u00f6gliche genutzt, von hochfesten Fasern, Kunststoffen und Brennstoffen bis hin zu Tierstreu, Bodenreinigung und Schmuck. Seine Verwendungsm\u00f6glichkeiten sind so vielf\u00e4ltig, dass sie nicht alle auf dieser Seite aufgef\u00fchrt werden k\u00f6nnen.<\/p>\n<p>Hanfsamen\u00f6l selbst ist ebenso n\u00fctzlich. In raffinierter Form wird es \u00fcblicherweise in Kosmetik- und K\u00f6rperpflegeprodukten sowie in der Aromatherapie verwendet. Es ist au\u00dferdem ein hervorragender Feuchtigkeitsspender f\u00fcr die Haut.<\/p>\n<p><\/p>\n","protected":false},"excerpt":{"rendered":"<p>Unsere Hanfsamen-Basis\u00f6le eignen sich ideal zum Verd\u00fcnnen \u00e4therischer \u00d6le vor der Anwendung auf der Haut. Alle unsere Basis\u00f6le bestehen zu 100 % aus nat\u00fcrlichem, reinem \u00d6l. Hanf wird seit vielen Jahren weltweit verwendet. Er ist eine \u00e4u\u00dferst n\u00fctzliche Pflanze und wird bis heute f\u00fcr alles M\u00f6gliche genutzt, von hochfesten Fasern, Kunststoffen und Brennstoffen bis hin [&hellip;]<\/p>\n","protected":false},"featured_media":259540,"comment_status":"closed","ping_status":"open","template":"","meta":{"_angie_page":false},"product_brand":[27090],"product_cat":[16455,23929],"product_tag":[],"class_list":{"0":"post-244605","1":"product","2":"type-product","3":"status-publish","4":"has-post-thumbnail","6":"product_brand-ancient-wisdom","7":"product_cat-aromatherapie-und-raumdufte","8":"product_cat-basisole","9":"pa_collection-base-oils-1-litre-de","10":"pa_made-in-niederlande","12":"first","13":"instock","14":"purchasable","15":"product-type-simple"},"supplier_id":null,"supplier_sku":"BOz-07","barcode":null,"atum_controlled":true,"out_stock_date":null,"out_stock_threshold":null,"inheritable":false,"inbound_stock":null,"stock_on_hold":0,"sold_today":0,"sales_last_days":0,"reserved_stock":null,"customer_returns":null,"warehouse_damage":null,"lost_in_post":null,"other_logs":null,"out_stock_days":0,"lost_sales":0,"has_location":null,"update_date":"2026-05-01T01:01:25","atum_locations":[],"atum_stock_status":"instock","restock_status":false,"low_stock_amount":"","sales_update_date":"2026-01-30T01:24:29","calc_backorders":null,"_links":{"self":[{"href":"https:\/\/aromasentia.com\/de\/wp-json\/wp\/v2\/product\/244605","targetHints":{"allow":["GET"]}}],"collection":[{"href":"https:\/\/aromasentia.com\/de\/wp-json\/wp\/v2\/product"}],"about":[{"href":"https:\/\/aromasentia.com\/de\/wp-json\/wp\/v2\/types\/product"}],"replies":[{"embeddable":true,"href":"https:\/\/aromasentia.com\/de\/wp-json\/wp\/v2\/comments?post=244605"}],"version-history":[{"count":0,"href":"https:\/\/aromasentia.com\/de\/wp-json\/wp\/v2\/product\/244605\/revisions"}],"wp:featuredmedia":[{"embeddable":true,"href":"https:\/\/aromasentia.com\/de\/wp-json\/wp\/v2\/media\/259540"}],"wp:attachment":[{"href":"https:\/\/aromasentia.com\/de\/wp-json\/wp\/v2\/media?parent=244605"}],"wp:term":[{"taxonomy":"product_brand","embeddable":true,"href":"https:\/\/aromasentia.com\/de\/wp-json\/wp\/v2\/product_brand?post=244605"},{"taxonomy":"product_cat","embeddable":true,"href":"https:\/\/aromasentia.com\/de\/wp-json\/wp\/v2\/product_cat?post=244605"},{"taxonomy":"product_tag","embeddable":true,"href":"https:\/\/aromasentia.com\/de\/wp-json\/wp\/v2\/product_tag?post=244605"}],"curies":[{"name":"wp","href":"https:\/\/api.w.org\/{rel}","templated":true}]}}