{"id":244597,"date":"2025-03-20T14:38:14","date_gmt":"2025-03-20T14:38:14","guid":{"rendered":"https:\/\/aromasentia.com\/product\/apricot-kernel-1-litre\/"},"modified":"2025-12-30T20:46:07","modified_gmt":"2025-12-30T20:46:07","slug":"aprikosenkernoel-1l","status":"publish","type":"product","link":"https:\/\/aromasentia.com\/de\/aprikosenkernoel-1l\/","title":{"rendered":"Aprikosenkern\u00f6l &#8211; 1l"},"content":{"rendered":"<p>Unsere <strong>Aprikosenkern-Basis\u00f6le<\/strong> eignen sich ideal zum Verd\u00fcnnen \u00e4therischer \u00d6le vor der Anwendung auf der Haut. Alle unsere Basis\u00f6le bestehen zu 100 % aus nat\u00fcrlichem, reinem \u00d6l.<\/p>\n<p>Pfirsiche werden seit Jahrtausenden weltweit als schmackhafte Frucht genossen. Sie wurden von den R\u00f6mern nach ihren Feldz\u00fcgen in Persien (dem heutigen Iran) nach Europa gebracht.<\/p>\n<p>Das \u00d6l selbst wird aus dem Kern bzw. Samen im Inneren der Frucht kaltgepresst. Es soll sehr gut f\u00fcr die Haut sein und Juckreiz und Ekzeme lindern. Es ist auch sehr gut f\u00fcr alternde Haut und ein gutes Massage\u00f6l.<\/p>\n<p>Aprikosenkern-Basis\u00f6l stammt aus Spanien und wird durch Kaltpressung gewonnen.<\/p>\n","protected":false},"excerpt":{"rendered":"<p>Unsere Aprikosenkern-Basis\u00f6le eignen sich ideal zum Verd\u00fcnnen \u00e4therischer \u00d6le vor der Anwendung auf der Haut. Alle unsere Basis\u00f6le bestehen zu 100 % aus nat\u00fcrlichem, reinem \u00d6l. Pfirsiche werden seit Jahrtausenden weltweit als schmackhafte Frucht genossen. Sie wurden von den R\u00f6mern nach ihren Feldz\u00fcgen in Persien (dem heutigen Iran) nach Europa gebracht. Das \u00d6l selbst wird [&hellip;]<\/p>\n","protected":false},"featured_media":642297,"comment_status":"closed","ping_status":"open","template":"","meta":{"_angie_page":false},"product_brand":[27090],"product_cat":[16455,23929],"product_tag":[],"class_list":{"0":"post-244597","1":"product","2":"type-product","3":"status-publish","4":"has-post-thumbnail","6":"product_brand-ancient-wisdom","7":"product_cat-aromatherapie-und-raumdufte","8":"product_cat-basisole","9":"pa_collection-base-oils-1-litre-de","10":"pa_made-in-spanien","12":"first","13":"instock","14":"purchasable","15":"product-type-simple"},"supplier_id":null,"supplier_sku":"BOz-05","barcode":null,"atum_controlled":true,"out_stock_date":null,"out_stock_threshold":null,"inheritable":false,"inbound_stock":0,"stock_on_hold":0,"sold_today":0,"sales_last_days":0,"reserved_stock":0,"customer_returns":0,"warehouse_damage":0,"lost_in_post":0,"other_logs":0,"out_stock_days":0,"lost_sales":0,"has_location":false,"update_date":"2026-04-27T19:09:48","atum_locations":[],"atum_stock_status":"instock","restock_status":false,"low_stock_amount":"","sales_update_date":"2025-10-09T03:26:50","calc_backorders":null,"_links":{"self":[{"href":"https:\/\/aromasentia.com\/de\/wp-json\/wp\/v2\/product\/244597","targetHints":{"allow":["GET"]}}],"collection":[{"href":"https:\/\/aromasentia.com\/de\/wp-json\/wp\/v2\/product"}],"about":[{"href":"https:\/\/aromasentia.com\/de\/wp-json\/wp\/v2\/types\/product"}],"replies":[{"embeddable":true,"href":"https:\/\/aromasentia.com\/de\/wp-json\/wp\/v2\/comments?post=244597"}],"version-history":[{"count":0,"href":"https:\/\/aromasentia.com\/de\/wp-json\/wp\/v2\/product\/244597\/revisions"}],"wp:featuredmedia":[{"embeddable":true,"href":"https:\/\/aromasentia.com\/de\/wp-json\/wp\/v2\/media\/642297"}],"wp:attachment":[{"href":"https:\/\/aromasentia.com\/de\/wp-json\/wp\/v2\/media?parent=244597"}],"wp:term":[{"taxonomy":"product_brand","embeddable":true,"href":"https:\/\/aromasentia.com\/de\/wp-json\/wp\/v2\/product_brand?post=244597"},{"taxonomy":"product_cat","embeddable":true,"href":"https:\/\/aromasentia.com\/de\/wp-json\/wp\/v2\/product_cat?post=244597"},{"taxonomy":"product_tag","embeddable":true,"href":"https:\/\/aromasentia.com\/de\/wp-json\/wp\/v2\/product_tag?post=244597"}],"curies":[{"name":"wp","href":"https:\/\/api.w.org\/{rel}","templated":true}]}}