{"id":244573,"date":"2025-03-20T14:38:14","date_gmt":"2025-03-20T14:38:14","guid":{"rendered":"https:\/\/aromasentia.com\/product\/mango-aromathrapy-box-floral-holds-241\/"},"modified":"2025-12-30T20:45:59","modified_gmt":"2025-12-30T20:45:59","slug":"mangoholz-aromatherapie-box-floral-haelt-241","status":"publish","type":"product","link":"https:\/\/aromasentia.com\/de\/mangoholz-aromatherapie-box-floral-haelt-241\/","title":{"rendered":"Mangoholz Aromatherapie Box- Floral (h\u00e4lt 24+1)"},"content":{"rendered":"<p><strong>Aromatherapie-Box mit floralen Schnitzereien, f\u00fcr 24+1 (10-ml-Flaschen)<\/strong> <\/p>\n<p>Diese Boxen sind aus Mangoholz gefertigt und mit handgeschnitzten Mustern verziert. Diese h\u00fcbschen Boxen sehen im Schlafzimmer, Ankleidezimmer oder in jedem anderen Raum wundersch\u00f6n aus.<\/p>\n<p>Sie wurden von <strong>Aroma Sentia-ping<\/strong> entworfen und bieten Platz f\u00fcr 10-ml-Flaschen mit \u00e4therischen \u00d6len, \u00e4therischen \u00d6lmischungen oder Duft\u00f6len.<\/p>\n<p>Ideal zum Zusammenstellen Ihrer eigenen Sets mit \u00e4therischen \u00d6len oder Geschenksets.<\/p>\n<p>Bitte beachten Sie, dass die Designs aufgrund der Handarbeit variieren k\u00f6nnen.<\/p>\n<p>Bitte beachten Sie, dass diese Boxen eine Kombination von 10-ml-Flaschen mit einer maximalen H\u00f6he von 65 mm und einem Durchmesser von ca. 25 mm aufnehmen.<\/p>\n<p><strong>Geld w\u00e4chst nicht auf B\u00e4umen, aber unsere Boxen und viele unserer \u00d6le schon. Greifen Sie zu!<\/strong><\/p>\n","protected":false},"excerpt":{"rendered":"<p>Aromatherapie-Box mit floralen Schnitzereien, f\u00fcr 24+1 (10-ml-Flaschen) Diese Boxen sind aus Mangoholz gefertigt und mit handgeschnitzten Mustern verziert. Diese h\u00fcbschen Boxen sehen im Schlafzimmer, Ankleidezimmer oder in jedem anderen Raum wundersch\u00f6n aus. Sie wurden von Aroma Sentia-ping entworfen und bieten Platz f\u00fcr 10-ml-Flaschen mit \u00e4therischen \u00d6len, \u00e4therischen \u00d6lmischungen oder Duft\u00f6len. Ideal zum Zusammenstellen Ihrer eigenen [&hellip;]<\/p>\n","protected":false},"featured_media":259476,"comment_status":"closed","ping_status":"open","template":"","meta":[],"product_brand":[],"product_cat":[14143,14142],"product_tag":[],"class_list":{"0":"post-244573","1":"product","2":"type-product","3":"status-publish","4":"has-post-thumbnail","6":"product_cat-aufbewahrung-geschenke-und-geschenkboxen","7":"product_cat-geschenkverpackung","8":"pa_collection-aromatherapy-boxes-de","9":"pa_made-in-indien","11":"first","12":"instock","13":"purchasable","14":"product-type-simple"},"supplier_id":null,"supplier_sku":"Abox-06","barcode":null,"atum_controlled":true,"out_stock_date":null,"out_stock_threshold":null,"inheritable":false,"inbound_stock":null,"stock_on_hold":0,"sold_today":0,"sales_last_days":0,"reserved_stock":null,"customer_returns":null,"warehouse_damage":null,"lost_in_post":null,"other_logs":null,"out_stock_days":0,"lost_sales":0,"has_location":null,"update_date":"2026-02-10T11:24:10","atum_locations":[],"atum_stock_status":"instock","restock_status":false,"low_stock_amount":"","sales_update_date":"2026-01-20T05:13:18","calc_backorders":null,"_links":{"self":[{"href":"https:\/\/aromasentia.com\/de\/wp-json\/wp\/v2\/product\/244573","targetHints":{"allow":["GET"]}}],"collection":[{"href":"https:\/\/aromasentia.com\/de\/wp-json\/wp\/v2\/product"}],"about":[{"href":"https:\/\/aromasentia.com\/de\/wp-json\/wp\/v2\/types\/product"}],"replies":[{"embeddable":true,"href":"https:\/\/aromasentia.com\/de\/wp-json\/wp\/v2\/comments?post=244573"}],"version-history":[{"count":0,"href":"https:\/\/aromasentia.com\/de\/wp-json\/wp\/v2\/product\/244573\/revisions"}],"wp:featuredmedia":[{"embeddable":true,"href":"https:\/\/aromasentia.com\/de\/wp-json\/wp\/v2\/media\/259476"}],"wp:attachment":[{"href":"https:\/\/aromasentia.com\/de\/wp-json\/wp\/v2\/media?parent=244573"}],"wp:term":[{"taxonomy":"product_brand","embeddable":true,"href":"https:\/\/aromasentia.com\/de\/wp-json\/wp\/v2\/product_brand?post=244573"},{"taxonomy":"product_cat","embeddable":true,"href":"https:\/\/aromasentia.com\/de\/wp-json\/wp\/v2\/product_cat?post=244573"},{"taxonomy":"product_tag","embeddable":true,"href":"https:\/\/aromasentia.com\/de\/wp-json\/wp\/v2\/product_tag?post=244573"}],"curies":[{"name":"wp","href":"https:\/\/api.w.org\/{rel}","templated":true}]}}