{"id":244565,"date":"2025-03-20T14:38:52","date_gmt":"2025-03-20T14:38:52","guid":{"rendered":"https:\/\/aromasentia.com\/product\/classic-moss-burner\/"},"modified":"2025-12-30T20:45:59","modified_gmt":"2025-12-30T20:45:59","slug":"klassischer-moss-brenner","status":"publish","type":"product","link":"https:\/\/aromasentia.com\/de\/klassischer-moss-brenner\/","title":{"rendered":"Klassischer Moss-Brenner"},"content":{"rendered":"<p><span style=\"color: rgb(75, 80, 88);\">Jede dieser Duftlampen dient nicht nur als praktisches Hilfsmittel zur Zerst\u00e4ubung Ihrer bevorzugten \u00e4therischen \u00d6le, sondern ist auch ein faszinierendes Kunstwerk, das die Atmosph\u00e4re Ihres Wohnraums bereichert.<\/span><\/p>\n<p><span style=\"color: rgb(75, 80, 88);\">Holen Sie sich die Ruhe der Natur in Ihr Zuhause mit der klassischen Moos-Duftlampe, die ein Gef\u00fchl der Ruhe und Gelassenheit vermittelt.<\/span><\/p>\n<p><span style=\"color: rgb(184, 49, 47);\"><strong>Stellen Sie die Duftlampe immer auf eine hitzebest\u00e4ndige Unterlage. Stellen Sie sicher, dass sich im Beh\u00e4lter \u00fcber der Lampe ausreichend Wasser befindet. Verwenden Sie hochwertige Teelichter. Brennende Teelichter niemals unbeaufsichtigt lassen und von Vorh\u00e4ngen fernhalten. Bei gef\u00e4hrlicher Flamme mit einem feuchten Tuch l\u00f6schen. Au\u00dferhalb der Reichweite von Kindern aufbewahren.<\/strong><\/span><\/p>\n","protected":false},"excerpt":{"rendered":"<p>Jede dieser Duftlampen dient nicht nur als praktisches Hilfsmittel zur Zerst\u00e4ubung Ihrer bevorzugten \u00e4therischen \u00d6le, sondern ist auch ein faszinierendes Kunstwerk, das die Atmosph\u00e4re Ihres Wohnraums bereichert. Holen Sie sich die Ruhe der Natur in Ihr Zuhause mit der klassischen Moos-Duftlampe, die ein Gef\u00fchl der Ruhe und Gelassenheit vermittelt. Stellen Sie die Duftlampe immer auf [&hellip;]<\/p>\n","protected":false},"featured_media":260050,"comment_status":"closed","ping_status":"open","template":"","meta":{"_angie_page":false},"product_brand":[],"product_cat":[16519,18408],"product_tag":[],"class_list":{"0":"post-244565","1":"product","2":"type-product","3":"status-publish","4":"has-post-thumbnail","6":"product_cat-aroma-diffuser-duftstabchen-und-olbrenner","7":"product_cat-duftlampen","8":"pa_collection-cool-design-oil-burner-de","9":"pa_made-in-china","11":"first","12":"outofstock","13":"purchasable","14":"product-type-simple"},"supplier_id":null,"supplier_sku":"CDes-11","barcode":null,"atum_controlled":true,"out_stock_date":"2026-04-25 15:11:58","out_stock_threshold":null,"inheritable":false,"inbound_stock":null,"stock_on_hold":0,"sold_today":0,"sales_last_days":0,"reserved_stock":null,"customer_returns":null,"warehouse_damage":null,"lost_in_post":null,"other_logs":null,"out_stock_days":0,"lost_sales":0,"has_location":null,"update_date":"2026-04-27T06:56:28","atum_locations":[],"atum_stock_status":"outofstock","restock_status":false,"low_stock_amount":"","sales_update_date":"2026-02-06T00:01:33","calc_backorders":null,"_links":{"self":[{"href":"https:\/\/aromasentia.com\/de\/wp-json\/wp\/v2\/product\/244565","targetHints":{"allow":["GET"]}}],"collection":[{"href":"https:\/\/aromasentia.com\/de\/wp-json\/wp\/v2\/product"}],"about":[{"href":"https:\/\/aromasentia.com\/de\/wp-json\/wp\/v2\/types\/product"}],"replies":[{"embeddable":true,"href":"https:\/\/aromasentia.com\/de\/wp-json\/wp\/v2\/comments?post=244565"}],"version-history":[{"count":0,"href":"https:\/\/aromasentia.com\/de\/wp-json\/wp\/v2\/product\/244565\/revisions"}],"wp:featuredmedia":[{"embeddable":true,"href":"https:\/\/aromasentia.com\/de\/wp-json\/wp\/v2\/media\/260050"}],"wp:attachment":[{"href":"https:\/\/aromasentia.com\/de\/wp-json\/wp\/v2\/media?parent=244565"}],"wp:term":[{"taxonomy":"product_brand","embeddable":true,"href":"https:\/\/aromasentia.com\/de\/wp-json\/wp\/v2\/product_brand?post=244565"},{"taxonomy":"product_cat","embeddable":true,"href":"https:\/\/aromasentia.com\/de\/wp-json\/wp\/v2\/product_cat?post=244565"},{"taxonomy":"product_tag","embeddable":true,"href":"https:\/\/aromasentia.com\/de\/wp-json\/wp\/v2\/product_tag?post=244565"}],"curies":[{"name":"wp","href":"https:\/\/api.w.org\/{rel}","templated":true}]}}