{"id":244557,"date":"2025-03-20T14:38:52","date_gmt":"2025-03-20T14:38:52","guid":{"rendered":"https:\/\/aromasentia.com\/product\/open-hands-oil-burner-blue\/"},"modified":"2025-12-30T20:45:59","modified_gmt":"2025-12-30T20:45:59","slug":"hand-duftlampe-blau","status":"publish","type":"product","link":"https:\/\/aromasentia.com\/de\/hand-duftlampe-blau\/","title":{"rendered":"Hand Duftlampe &#8211; Blau"},"content":{"rendered":"<p><span style=\"color: rgb(75, 80, 88);\">Jeder dieser Duftbrenner dient nicht nur als praktisches Werkzeug zur Zerst\u00e4ubung Ihrer bevorzugten \u00e4therischen \u00d6le, sondern ist auch ein faszinierendes Kunstwerk, das die Atmosph\u00e4re Ihres Wohnraums bereichert.<\/span><\/p>\n<p><span style=\"color: rgb(75, 80, 88);\">Mit offenen H\u00e4nden in einem beruhigenden Blauton symbolisiert dieser Duftbrenner Willkommen und Offenheit und schafft eine warme und einladende Atmosph\u00e4re.<\/span><\/p>\n<p><span style=\"color: rgb(184, 49, 47);\"><strong>Stellen Sie den Duftbrenner immer auf eine hitzebest\u00e4ndige Unterlage. Stellen Sie sicher, dass sich im Beh\u00e4lter \u00fcber dem Brenner ausreichend Wasser befindet. Verwenden Sie hochwertige Teelichter. Brennende Teelichter niemals unbeaufsichtigt lassen und von Vorh\u00e4ngen fernhalten. Bei gef\u00e4hrlicher Flamme mit einem feuchten Tuch l\u00f6schen. Au\u00dferhalb der Reichweite von Kindern aufbewahren.<\/strong><\/span><\/p>\n<p><span style=\"color: rgb(75, 80, 88);\">Gr\u00f6\u00dfen:<\/span><\/p>\n<p><span style=\"color: rgb(75, 80, 88);\">\u00d6lbrenner: H\u00f6he: 10 cm, Breite: 12 cm, L\u00e4nge: 10 cm<\/span><\/p>\n<p><span style=\"color: rgb(75, 80, 88);\">Schale: Durchmesser: 9,5 cm, H\u00f6he: 2,5 cm<\/span><\/p>\n","protected":false},"excerpt":{"rendered":"<p>Jeder dieser Duftbrenner dient nicht nur als praktisches Werkzeug zur Zerst\u00e4ubung Ihrer bevorzugten \u00e4therischen \u00d6le, sondern ist auch ein faszinierendes Kunstwerk, das die Atmosph\u00e4re Ihres Wohnraums bereichert. Mit offenen H\u00e4nden in einem beruhigenden Blauton symbolisiert dieser Duftbrenner Willkommen und Offenheit und schafft eine warme und einladende Atmosph\u00e4re. Stellen Sie den Duftbrenner immer auf eine hitzebest\u00e4ndige [&hellip;]<\/p>\n","protected":false},"featured_media":260008,"comment_status":"closed","ping_status":"open","template":"","meta":{"_angie_page":false},"product_brand":[],"product_cat":[16519,18408],"product_tag":[],"class_list":{"0":"post-244557","1":"product","2":"type-product","3":"status-publish","4":"has-post-thumbnail","6":"product_cat-aroma-diffuser-duftstabchen-und-olbrenner","7":"product_cat-duftlampen","8":"pa_collection-cool-design-oil-burner-de","9":"pa_made-in-china","11":"first","12":"outofstock","13":"purchasable","14":"product-type-simple"},"supplier_id":null,"supplier_sku":"Cdes-07","barcode":null,"atum_controlled":true,"out_stock_date":"2025-09-04 22:12:42","out_stock_threshold":null,"inheritable":false,"inbound_stock":null,"stock_on_hold":0,"sold_today":0,"sales_last_days":0,"reserved_stock":null,"customer_returns":null,"warehouse_damage":null,"lost_in_post":null,"other_logs":null,"out_stock_days":34,"lost_sales":0,"has_location":null,"update_date":"2026-04-28T18:50:19","atum_locations":[],"atum_stock_status":"outofstock","restock_status":false,"low_stock_amount":"","sales_update_date":"2025-10-09T03:27:28","calc_backorders":null,"_links":{"self":[{"href":"https:\/\/aromasentia.com\/de\/wp-json\/wp\/v2\/product\/244557","targetHints":{"allow":["GET"]}}],"collection":[{"href":"https:\/\/aromasentia.com\/de\/wp-json\/wp\/v2\/product"}],"about":[{"href":"https:\/\/aromasentia.com\/de\/wp-json\/wp\/v2\/types\/product"}],"replies":[{"embeddable":true,"href":"https:\/\/aromasentia.com\/de\/wp-json\/wp\/v2\/comments?post=244557"}],"version-history":[{"count":0,"href":"https:\/\/aromasentia.com\/de\/wp-json\/wp\/v2\/product\/244557\/revisions"}],"wp:featuredmedia":[{"embeddable":true,"href":"https:\/\/aromasentia.com\/de\/wp-json\/wp\/v2\/media\/260008"}],"wp:attachment":[{"href":"https:\/\/aromasentia.com\/de\/wp-json\/wp\/v2\/media?parent=244557"}],"wp:term":[{"taxonomy":"product_brand","embeddable":true,"href":"https:\/\/aromasentia.com\/de\/wp-json\/wp\/v2\/product_brand?post=244557"},{"taxonomy":"product_cat","embeddable":true,"href":"https:\/\/aromasentia.com\/de\/wp-json\/wp\/v2\/product_cat?post=244557"},{"taxonomy":"product_tag","embeddable":true,"href":"https:\/\/aromasentia.com\/de\/wp-json\/wp\/v2\/product_tag?post=244557"}],"curies":[{"name":"wp","href":"https:\/\/api.w.org\/{rel}","templated":true}]}}