{"id":244537,"date":"2025-03-20T14:38:52","date_gmt":"2025-03-20T14:38:52","guid":{"rendered":"https:\/\/aromasentia.com\/product\/10ml-aromatherapy-car-blend-traffic-jam\/"},"modified":"2025-12-30T20:45:52","modified_gmt":"2025-12-30T20:45:52","slug":"10ml-auto-lufterfrischer-oelmischung-stau","status":"publish","type":"product","link":"https:\/\/aromasentia.com\/de\/10ml-auto-lufterfrischer-oelmischung-stau\/","title":{"rendered":"10ml Auto Lufterfrischer \u00d6lmischung &#8211; Stau"},"content":{"rendered":"<p>Wir fahren zur Arbeit, zur Schule, in den Urlaub und geraten oft in Staus. Im Alltag kann es passieren, dass wir auf der Stra\u00dfe etwas hitzig werden, auf langen Fahrten bis sp\u00e4t in die Nacht einen kleinen Muntermacher brauchen oder leicht reisekrank werden. Ein paar Tropfen \u00e4therisches \u00d6l k\u00f6nnen jedoch schon ausreichen, um Ihr Auto in eine Oase der Ruhe zu verwandeln und Ihre Zeit hinter dem Steuer zu einer Reise zu machen, nicht nur zum Ziel. Aromatherapie-\u00d6le sind f\u00fcr Sie vielleicht etwas, das man zu Hause oder w\u00e4hrend einer Spa-Behandlung genie\u00dft. Mit ein wenig Sorgfalt und Wissen kann diese alte Kunst jedoch auch dazu beitragen, Ihr Fahrerlebnis zu verbessern und Ihre Fahrt angenehmer, ges\u00fcnder und sicherer zu gestalten.<\/p>\n","protected":false},"excerpt":{"rendered":"<p>Wir fahren zur Arbeit, zur Schule, in den Urlaub und geraten oft in Staus. Im Alltag kann es passieren, dass wir auf der Stra\u00dfe etwas hitzig werden, auf langen Fahrten bis sp\u00e4t in die Nacht einen kleinen Muntermacher brauchen oder leicht reisekrank werden. Ein paar Tropfen \u00e4therisches \u00d6l k\u00f6nnen jedoch schon ausreichen, um Ihr Auto [&hellip;]<\/p>\n","protected":false},"featured_media":259915,"comment_status":"closed","ping_status":"open","template":"","meta":{"_angie_page":false},"product_brand":[],"product_cat":[16455,23649,26650,24883],"product_tag":[],"class_list":{"0":"post-244537","1":"product","2":"type-product","3":"status-publish","4":"has-post-thumbnail","6":"product_cat-aromatherapie-und-raumdufte","7":"product_cat-atherische-ole","8":"product_cat-atherische-olmischungen","9":"product_cat-autoduft-diffuser","10":"pa_collection-aromatherapy-blends-for-car-diffusers-de","11":"pa_made-in-frankreich","12":"pa_size-10ml","14":"first","15":"instock","16":"purchasable","17":"product-type-simple"},"supplier_id":null,"supplier_sku":"CarEO-05","barcode":null,"atum_controlled":true,"out_stock_date":null,"out_stock_threshold":null,"inheritable":false,"inbound_stock":null,"stock_on_hold":0,"sold_today":0,"sales_last_days":0,"reserved_stock":null,"customer_returns":null,"warehouse_damage":null,"lost_in_post":null,"other_logs":null,"out_stock_days":0,"lost_sales":0,"has_location":null,"update_date":"2026-04-27T06:55:59","atum_locations":[],"atum_stock_status":"instock","restock_status":false,"low_stock_amount":"","sales_update_date":"2026-02-06T00:01:54","calc_backorders":null,"_links":{"self":[{"href":"https:\/\/aromasentia.com\/de\/wp-json\/wp\/v2\/product\/244537","targetHints":{"allow":["GET"]}}],"collection":[{"href":"https:\/\/aromasentia.com\/de\/wp-json\/wp\/v2\/product"}],"about":[{"href":"https:\/\/aromasentia.com\/de\/wp-json\/wp\/v2\/types\/product"}],"replies":[{"embeddable":true,"href":"https:\/\/aromasentia.com\/de\/wp-json\/wp\/v2\/comments?post=244537"}],"version-history":[{"count":0,"href":"https:\/\/aromasentia.com\/de\/wp-json\/wp\/v2\/product\/244537\/revisions"}],"wp:featuredmedia":[{"embeddable":true,"href":"https:\/\/aromasentia.com\/de\/wp-json\/wp\/v2\/media\/259915"}],"wp:attachment":[{"href":"https:\/\/aromasentia.com\/de\/wp-json\/wp\/v2\/media?parent=244537"}],"wp:term":[{"taxonomy":"product_brand","embeddable":true,"href":"https:\/\/aromasentia.com\/de\/wp-json\/wp\/v2\/product_brand?post=244537"},{"taxonomy":"product_cat","embeddable":true,"href":"https:\/\/aromasentia.com\/de\/wp-json\/wp\/v2\/product_cat?post=244537"},{"taxonomy":"product_tag","embeddable":true,"href":"https:\/\/aromasentia.com\/de\/wp-json\/wp\/v2\/product_tag?post=244537"}],"curies":[{"name":"wp","href":"https:\/\/api.w.org\/{rel}","templated":true}]}}